{"id":1574,"date":"2024-10-24T23:20:22","date_gmt":"2024-10-24T15:20:22","guid":{"rendered":"https:\/\/shop.yipinqian.com\/product\/limited-time-offer-crafted-with-faceless-buddha-on-natural-type-a-jadeite-jade-as-a-pendant-with-certificate-weigh-77-91-grams-measurement-80-8-37-3-12-6-mm-pendant210\/"},"modified":"2025-02-24T00:49:52","modified_gmt":"2025-02-23T16:49:52","slug":"limited-time-offer-crafted-with-faceless-buddha-on-natural-type-a-jadeite-jade-as-a-pendant-with-certificate-weigh-77-91-grams-measurement-80-8-37-3-12-6-mm-pendant210","status":"publish","type":"product","link":"https:\/\/shop.yipinqian.com\/es\/producto\/limited-time-offer-crafted-with-faceless-buddha-on-natural-type-a-jadeite-jade-as-a-pendant-with-certificate-weigh-77-91-grams-measurement-80-8-37-3-12-6-mm-pendant210\/","title":{"rendered":"Oferta por tiempo limitado: elaborado con Buda sin rostro en jade\u00edta natural tipo A como colgante con certificado. Peso 77,91 gramos, medida 80,8 * 37,3 * 12,6 mm (colgante 210)"},"content":{"rendered":"<p>Este colgante de oferta por tiempo limitado presenta un Buda sin rostro elaborado en jade jade\u00edta natural tipo A. Pesa 77,91 gramos y mide 80,8 * 37,3 * 12,6 mm (colgante 210).<\/p>\n<p>N\u00fameros de certificado: ZS24031003175<\/p>\n<ul>\n<li>\n<strong>Autenticidad garantizada:<\/strong> Este colgante viene con un certificado de autenticidad, que garantiza su estado genuino y materiales de alta calidad.<\/li>\n<li>\n<strong>Tipo de jade\u00edta:<\/strong> Elaborado con jade jade\u00edta natural tipo A, este colgante cuenta con la m\u00e1s alta calidad de esta piedra preciosa.<\/li>\n<li>\n<strong>Estilo de collar casual:<\/strong> Este estilo de collar unisex es perfecto para el uso diario o como pieza de moda.<\/li>\n<\/ul>\n<p>Este hermoso colgante de jade proviene de Myanmar, donde se encuentra uno de los mejores jades del mundo, elaborado por h\u00e1biles artesanos.<\/p>\n<ul>\n<li>\n<strong>Ocasi\u00f3n diaria:<\/strong> \u00a1Adecuado para cualquier ocasi\u00f3n, ya sea que est\u00e9s haciendo recados o asistiendo a reuniones!<\/li>\n<\/ul>\n<p>Tenga en cuenta que este producto no cuenta con ning\u00fan tipo de garant\u00eda, pero est\u00e1 dise\u00f1ado para durar. \u00a1D\u00e9jese llevar por una pieza aut\u00e9ntica que ser\u00e1 una excelente incorporaci\u00f3n a su colecci\u00f3n de joyas!<\/p>","protected":false},"excerpt":{"rendered":"<p>Este colgante de oferta por tiempo limitado presenta un buda sin rostro elaborado con jade\u00edta natural tipo A. Pesa 77,91 gramos y mide 80,8 * 37,3 * 12,6 mm (colgante 210). N\u00fameros de certificado: ZS24031003175 Autenticidad garantizada: este colgante viene con un certificado de autenticidad, que garantiza su estado genuino y materiales de alta calidad. Tipo de jade\u00edta: elaborado con jade\u00edta natural tipo A [\u2026]<\/p>","protected":false},"featured_media":6192,"comment_status":"open","ping_status":"closed","template":"","meta":[],"product_brand":[],"product_cat":[194],"product_tag":[],"class_list":{"0":"post-1574","1":"product","2":"type-product","3":"status-publish","4":"has-post-thumbnail","6":"product_cat-value-picks","8":"first","9":"instock","10":"sale","11":"shipping-taxable","12":"purchasable","13":"product-type-simple"},"_links":{"self":[{"href":"https:\/\/shop.yipinqian.com\/es\/wp-json\/wp\/v2\/product\/1574","targetHints":{"allow":["GET"]}}],"collection":[{"href":"https:\/\/shop.yipinqian.com\/es\/wp-json\/wp\/v2\/product"}],"about":[{"href":"https:\/\/shop.yipinqian.com\/es\/wp-json\/wp\/v2\/types\/product"}],"replies":[{"embeddable":true,"href":"https:\/\/shop.yipinqian.com\/es\/wp-json\/wp\/v2\/comments?post=1574"}],"version-history":[{"count":0,"href":"https:\/\/shop.yipinqian.com\/es\/wp-json\/wp\/v2\/product\/1574\/revisions"}],"wp:featuredmedia":[{"embeddable":true,"href":"https:\/\/shop.yipinqian.com\/es\/wp-json\/wp\/v2\/media\/6192"}],"wp:attachment":[{"href":"https:\/\/shop.yipinqian.com\/es\/wp-json\/wp\/v2\/media?parent=1574"}],"wp:term":[{"taxonomy":"product_brand","embeddable":true,"href":"https:\/\/shop.yipinqian.com\/es\/wp-json\/wp\/v2\/product_brand?post=1574"},{"taxonomy":"product_cat","embeddable":true,"href":"https:\/\/shop.yipinqian.com\/es\/wp-json\/wp\/v2\/product_cat?post=1574"},{"taxonomy":"product_tag","embeddable":true,"href":"https:\/\/shop.yipinqian.com\/es\/wp-json\/wp\/v2\/product_tag?post=1574"}],"curies":[{"name":"wp","href":"https:\/\/api.w.org\/{rel}","templated":true}]}}