{"id":1570,"date":"2024-10-24T23:20:18","date_gmt":"2024-10-24T15:20:18","guid":{"rendered":"https:\/\/shop.yipinqian.com\/product\/light-lavender-with-red-patches-natural-type-a-jadeite-pendant-necklace-crafted-with-fengshui-scenery-certificate-included-weigh-44-44-grams-60-8-36-9-8-mm-pendant104\/"},"modified":"2025-02-24T00:49:52","modified_gmt":"2025-02-23T16:49:52","slug":"light-lavender-with-red-patches-natural-type-a-jadeite-pendant-necklace-crafted-with-fengshui-scenery-certificate-included-weigh-44-44-grams-60-8-36-9-8-mm-pendant104","status":"publish","type":"product","link":"https:\/\/shop.yipinqian.com\/es\/producto\/light-lavender-with-red-patches-natural-type-a-jadeite-pendant-necklace-crafted-with-fengshui-scenery-certificate-included-weigh-44-44-grams-60-8-36-9-8-mm-pendant104\/","title":{"rendered":"Light Lavender with red patches Natural Type A Jadeite Pendant Necklace crafted with fengshui scenery, certificate included weigh 44.44 grams, 60.8 * 36 * 9.8 mm (pendant104)"},"content":{"rendered":"<p>Elevate your style with this stunning light lavender with red patches Natural Type A Jadeite Pendant Necklace. Crafted with fengshui scenery, this necklace is a true masterpiece.<\/p>\n<ul>\n<li>Exquisite Design: This necklace features a beautiful fengshui scenery design that&#8217;s both elegant and captivating.<\/li>\n<li>Natural Type A Jadeite: Made from natural Type A jadeite, this pendant is not only beautiful but also durable.<\/li>\n<li>Certificate Included: You can be sure of the authenticity of the jade as it comes with a certificate included in the package.<\/li>\n<\/ul>\n<p><strong>Certificate numbers: GD2112H011123<\/strong><\/p>\n<p><img fetchpriority=\"high\" decoding=\"async\" height=\"1080\" src=\"https:\/\/shop.yipinqian.com\/wp-content\/uploads\/2024\/10\/437fda13fd42570691e14c8ce7658ef3.jpg?from=476444299\" width=\"1080\"><img decoding=\"async\" height=\"1080\" src=\"https:\/\/shop.yipinqian.com\/wp-content\/uploads\/2024\/10\/446c98496f1220db176b1b3aa8705ea8.jpg?from=476444299\" width=\"1080\"><\/p>\n<p>The pendant weighs 44.44 grams and measures 60.8 * 36 * 9.8 mm (pendant104), making it an ideal size for casual wear.<\/p>\n<ul>\n<li>Unisex Design: This pendant is designed for both men and women, making it an excellent choice for anyone looking to add some style to their outfit.<\/li>\n<li>Jade Necklace Style &#8211; Casual: The casual design of this necklace makes it perfect for daily wear or when going out with friends or family<\/li>\n<\/ul>\n<p>This gorgeous piece was crafted in Myanmar and is an excellent choice for anyone looking to invest in quality jewelry accessories &amp; derivatives that are perfect as daily wears without worrying about warranty type as there isn&#8217;t any hassle when you buy from us!<\/p>\n<p>\u00a0<\/p>\n<p>Yi Pin Qian \u2013 Comerciante de piedras preciosas y metales preciosos en Singapur \u2013 N\u00famero de licencia PS20190000031<\/p>\n<p>\u00a0<\/p>\n<p>*Todos los jade\u00edtas comprados a Yi Pin Qian en Singapur, los clientes pueden reservar espacios para pulirlos o hacer reparaciones menores por mal manejo; se aplican tarifas y solo para los clientes de Yi Pin Qian en Singapur*<\/p>\n<p>\u00a0<\/p>\n<p><strong>**Tipos de certificados**<\/strong><\/p>\n<p>\u00a0<\/p>\n<p><strong>NGI (Gemolog\u00eda Nan Yang)<\/strong><\/p>\n<p>o <strong>Certificados en el extranjero <\/strong>(Yi Pin Qian solo utiliza certificados aut\u00e9nticos de laboratorios extranjeros y tambi\u00e9n controla la calidad de cada uno de nuestros productos antes de ponerlos a la venta en SG)<\/p>\n<p>\u00a0<\/p>\n<p>Todos los productos de TikTok contar\u00e1n con el tipo de certificado que se indica en la descripci\u00f3n. Para cualquier cliente que desee enviar su pedido a NGI Singapur, habr\u00e1 un tiempo de espera para la entrega del pedido estimado de aproximadamente 4 semanas para recibirlo. <strong>Las solicitudes de informes de NGI Gemstone deben realizarse enviando un mensaje a la tienda TikTok de Yi Pin Qian.<\/strong> Gracias, <strong><u>Se aplican tarifas adicionales<\/u><\/strong>.<\/p>\n<p>\u00a0<\/p>\n<p><strong>La jade\u00edta natural no es perfecta, solo un peque\u00f1o recordatorio: nuestra jade\u00edta natural, como todas las cosas hermosas de la naturaleza, tiene sus caracter\u00edsticas y variaciones \u00fanicas. Invitamos a nuestros valiosos clientes a adoptar estas variaciones naturales. \u00a1Felices compras!<\/strong><\/p>\n<p>\u00a0<\/p>\n<p><strong><u>Ninguna de las fotograf\u00edas ni los v\u00eddeos han sido filtrados. Animamos a nuestros clientes a que vean tambi\u00e9n los v\u00eddeos adjuntos para tener una visi\u00f3n m\u00e1s completa de nuestros productos.<\/u><\/strong><\/p>","protected":false},"excerpt":{"rendered":"<p>Realza tu estilo con este impresionante collar colgante de jade\u00edta natural tipo A en color lavanda claro con manchas rojas. Elaborado con un paisaje fengshui, este collar es una verdadera obra maestra. Dise\u00f1o exquisito: este collar presenta un hermoso dise\u00f1o de paisaje fengshui que es elegante y cautivador. Jade\u00edta natural tipo A: hecho de jade\u00edta natural tipo A, este colgante es [\u2026]<\/p>","protected":false},"featured_media":6167,"comment_status":"open","ping_status":"closed","template":"","meta":[],"product_brand":[],"product_cat":[194],"product_tag":[],"class_list":{"0":"post-1570","1":"product","2":"type-product","3":"status-publish","4":"has-post-thumbnail","6":"product_cat-value-picks","8":"first","9":"instock","10":"sale","11":"shipping-taxable","12":"purchasable","13":"product-type-simple"},"_links":{"self":[{"href":"https:\/\/shop.yipinqian.com\/es\/wp-json\/wp\/v2\/product\/1570","targetHints":{"allow":["GET"]}}],"collection":[{"href":"https:\/\/shop.yipinqian.com\/es\/wp-json\/wp\/v2\/product"}],"about":[{"href":"https:\/\/shop.yipinqian.com\/es\/wp-json\/wp\/v2\/types\/product"}],"replies":[{"embeddable":true,"href":"https:\/\/shop.yipinqian.com\/es\/wp-json\/wp\/v2\/comments?post=1570"}],"version-history":[{"count":0,"href":"https:\/\/shop.yipinqian.com\/es\/wp-json\/wp\/v2\/product\/1570\/revisions"}],"wp:featuredmedia":[{"embeddable":true,"href":"https:\/\/shop.yipinqian.com\/es\/wp-json\/wp\/v2\/media\/6167"}],"wp:attachment":[{"href":"https:\/\/shop.yipinqian.com\/es\/wp-json\/wp\/v2\/media?parent=1570"}],"wp:term":[{"taxonomy":"product_brand","embeddable":true,"href":"https:\/\/shop.yipinqian.com\/es\/wp-json\/wp\/v2\/product_brand?post=1570"},{"taxonomy":"product_cat","embeddable":true,"href":"https:\/\/shop.yipinqian.com\/es\/wp-json\/wp\/v2\/product_cat?post=1570"},{"taxonomy":"product_tag","embeddable":true,"href":"https:\/\/shop.yipinqian.com\/es\/wp-json\/wp\/v2\/product_tag?post=1570"}],"curies":[{"name":"wp","href":"https:\/\/api.w.org\/{rel}","templated":true}]}}