{"id":1566,"date":"2024-10-24T23:20:17","date_gmt":"2024-10-24T15:20:17","guid":{"rendered":"https:\/\/shop.yipinqian.com\/product\/light-lavender-qilin-natural-type-a-jadeite-pendant-with-certificate-weigh-51-04-grams-51-3-46-6-12-mm-symbols-of-auspicious-peaceful-and-happy-suitable-for-daily-wear-pendant62\/"},"modified":"2025-02-24T00:49:52","modified_gmt":"2025-02-23T16:49:52","slug":"light-lavender-qilin-natural-type-a-jadeite-pendant-with-certificate-weigh-51-04-grams-51-3-46-6-12-mm-symbols-of-auspicious-peaceful-and-happy-suitable-for-daily-wear-pendant62","status":"publish","type":"product","link":"https:\/\/shop.yipinqian.com\/es\/producto\/light-lavender-qilin-natural-type-a-jadeite-pendant-with-certificate-weigh-51-04-grams-51-3-46-6-12-mm-symbols-of-auspicious-peaceful-and-happy-suitable-for-daily-wear-pendant62\/","title":{"rendered":"Light Lavender Qilin Natural Type A Jadeite Pendant with certificate weigh 51.04 grams, 51.3 * 46.6 * 12 mm, symbols of Auspicious, peaceful, and happy, suitable for daily wear (pendant62)"},"content":{"rendered":"<p>Add a touch of elegance to your daily wear with this beautiful Light Lavender Qilin Natural Type A Jadeite Pendant. Weighing 51.04 grams and measuring 51.3 * 46.6 * 12 mm, this pendant is perfect for those who appreciate the beauty of natural jade.<\/p>\n<ul>\n<li>\n<strong>Symbols of Auspicious, Peaceful and Happy:<\/strong> The Qilin represents good luck, peace and happiness &#8211; making it an ideal accessory for those looking to attract positivity in their lives.<\/li>\n<li>\n<strong>Adecuado para uso diario:<\/strong> The casual necklace style makes it perfect for daily wear, adding a touch of sophistication to any outfit.<\/li>\n<\/ul>\n<p>This pendant comes with a certificate guaranteeing its authenticity as natural Type A Jadeite from Myanmar &#8211; adding value to your purchase.<\/p>\n<p>\u00a0<\/p>\n<p><strong>Certificate numbers: 920460014255<\/strong><\/p>\n<p><img fetchpriority=\"high\" decoding=\"async\" height=\"1080\" src=\"https:\/\/shop.yipinqian.com\/wp-content\/uploads\/2024\/10\/516b8d5912d12861525cd0ffe148339c.jpg?from=476444299\" width=\"1080\"><\/p>\n<ul>\n<li><strong>Atributos del producto:<\/strong><\/li>\n<li>&#8211; With Certificate: Yes<\/li>\n<li>&#8211; Country Of Origin: Myanmar<\/li>\n<li>&#8211; Occasion: Daily &#8211; Warranty Type: No &#8211; Gender : Unisex<\/li>\n<li>This stunning piece is sure to become an instant favorite among jewelry lovers who appreciate the unique beauty and elegance that only jade can provide<\/li>\n<\/ul>\n<p><img decoding=\"async\" height=\"1080\" src=\"https:\/\/shop.yipinqian.com\/wp-content\/uploads\/2024\/10\/87df2de40f4cffb6683902ae6d343213.jpg?from=476444299\" width=\"1080\"><img decoding=\"async\" height=\"1080\" src=\"https:\/\/shop.yipinqian.com\/wp-content\/uploads\/2024\/10\/8b616022947e11ea8bb576404296e09d.jpg?from=476444299\" width=\"1080\"><\/p>\n<p>Yi Pin Qian \u2013 Comerciante de piedras preciosas y metales preciosos en Singapur \u2013 N\u00famero de licencia PS20190000031<\/p>\n<p>\u00a0<\/p>\n<p>*Todos los jade\u00edtas comprados a Yi Pin Qian en Singapur, los clientes pueden reservar espacios para pulirlos o hacer reparaciones menores por mal manejo; se aplican tarifas y solo para los clientes de Yi Pin Qian en Singapur*<\/p>\n<p>\u00a0<\/p>\n<p><strong>**Tipos de certificados**<\/strong><\/p>\n<p>\u00a0<\/p>\n<p><strong>NGI (Gemolog\u00eda Nan Yang)<\/strong><\/p>\n<p>o <strong>Certificados en el extranjero <\/strong>(Yi Pin Qian solo utiliza certificados aut\u00e9nticos de laboratorios extranjeros y tambi\u00e9n controla la calidad de cada uno de nuestros productos antes de ponerlos a la venta en SG)<\/p>\n<p>\u00a0<\/p>\n<p>Todos los productos de TikTok contar\u00e1n con el tipo de certificado que se indica en la descripci\u00f3n. Para cualquier cliente que desee enviar su pedido a NGI Singapur, habr\u00e1 un tiempo de espera para la entrega del pedido estimado de aproximadamente 4 semanas para recibirlo. <strong>Las solicitudes de informes de NGI Gemstone deben realizarse enviando un mensaje a la tienda TikTok de Yi Pin Qian.<\/strong> Gracias, <strong><u>Se aplican tarifas adicionales<\/u><\/strong>.<\/p>\n<p>\u00a0<\/p>\n<p><strong>La jade\u00edta natural no es perfecta, solo un peque\u00f1o recordatorio: nuestra jade\u00edta natural, como todas las cosas hermosas de la naturaleza, tiene sus caracter\u00edsticas y variaciones \u00fanicas. Invitamos a nuestros valiosos clientes a adoptar estas variaciones naturales. \u00a1Felices compras!<\/strong><\/p>\n<p>\u00a0<\/p>\n<p><strong><u>Ninguna de las fotograf\u00edas ni los v\u00eddeos han sido filtrados. Animamos a nuestros clientes a que vean tambi\u00e9n los v\u00eddeos adjuntos para tener una visi\u00f3n m\u00e1s completa de nuestros productos.<\/u><\/strong><\/p>","protected":false},"excerpt":{"rendered":"<p>Add a touch of elegance to your daily wear with this beautiful Light Lavender Qilin Natural Type A Jadeite Pendant. Weighing 51.04 grams and measuring 51.3 * 46.6 * 12 mm, this pendant is perfect for those who appreciate the beauty of natural jade. Symbols of Auspicious, Peaceful and Happy: The Qilin represents good luck, [&hellip;]<\/p>","protected":false},"featured_media":6137,"comment_status":"open","ping_status":"closed","template":"","meta":[],"product_brand":[],"product_cat":[194],"product_tag":[],"class_list":{"0":"post-1566","1":"product","2":"type-product","3":"status-publish","4":"has-post-thumbnail","6":"product_cat-value-picks","8":"first","9":"instock","10":"sale","11":"shipping-taxable","12":"purchasable","13":"product-type-simple"},"_links":{"self":[{"href":"https:\/\/shop.yipinqian.com\/es\/wp-json\/wp\/v2\/product\/1566","targetHints":{"allow":["GET"]}}],"collection":[{"href":"https:\/\/shop.yipinqian.com\/es\/wp-json\/wp\/v2\/product"}],"about":[{"href":"https:\/\/shop.yipinqian.com\/es\/wp-json\/wp\/v2\/types\/product"}],"replies":[{"embeddable":true,"href":"https:\/\/shop.yipinqian.com\/es\/wp-json\/wp\/v2\/comments?post=1566"}],"version-history":[{"count":0,"href":"https:\/\/shop.yipinqian.com\/es\/wp-json\/wp\/v2\/product\/1566\/revisions"}],"wp:featuredmedia":[{"embeddable":true,"href":"https:\/\/shop.yipinqian.com\/es\/wp-json\/wp\/v2\/media\/6137"}],"wp:attachment":[{"href":"https:\/\/shop.yipinqian.com\/es\/wp-json\/wp\/v2\/media?parent=1566"}],"wp:term":[{"taxonomy":"product_brand","embeddable":true,"href":"https:\/\/shop.yipinqian.com\/es\/wp-json\/wp\/v2\/product_brand?post=1566"},{"taxonomy":"product_cat","embeddable":true,"href":"https:\/\/shop.yipinqian.com\/es\/wp-json\/wp\/v2\/product_cat?post=1566"},{"taxonomy":"product_tag","embeddable":true,"href":"https:\/\/shop.yipinqian.com\/es\/wp-json\/wp\/v2\/product_tag?post=1566"}],"curies":[{"name":"wp","href":"https:\/\/api.w.org\/{rel}","templated":true}]}}