{"id":1563,"date":"2024-10-24T23:20:15","date_gmt":"2024-10-24T15:20:15","guid":{"rendered":"https:\/\/shop.yipinqian.com\/product\/light-lavender-natural-type-a-jadeite-pendant-carved-as-pixiu-with-ruyi-symbols-of-joy-and-good-luck-certificate-included-weigh-26-95-grams-45-8-23-8-12-8-mm-suitable-for-daily-wear-boosting-your-luck\/"},"modified":"2025-02-17T00:04:03","modified_gmt":"2025-02-16T16:04:03","slug":"light-lavender-natural-type-a-jadeite-pendant-carved-as-pixiu-with-ruyi-symbols-of-joy-and-good-luck-certificate-included-weigh-26-95-grams-45-8-23-8-12-8-mm-suitable-for-daily-wear-boosting-your-luck","status":"publish","type":"product","link":"https:\/\/shop.yipinqian.com\/es\/producto\/light-lavender-natural-type-a-jadeite-pendant-carved-as-pixiu-with-ruyi-symbols-of-joy-and-good-luck-certificate-included-weigh-26-95-grams-45-8-23-8-12-8-mm-suitable-for-daily-wear-boosting-your-luck\/","title":{"rendered":"Light Lavender Natural Type A Jadeite Pendant carved as Pixiu with ruyi symbols of Joy and good luck, certificate included weigh 26.95 grams, 45.8 * 23.8 * 12.8 mm, suitable for daily wear boosting your luck (pendant75)"},"content":{"rendered":"<article class=\"lzd-article\">\n<p style=\"line-height: 1.7;text-align: left;text-indent: 0;margin-left: 0;margin-top: 0;margin-bottom: 0\"><span>Elevate your luck and style quotient with this Light Lavender Natural Type A Jadeite Pendant. The Pixiu carving, symbolizing wealth and good fortune, along with the Ruyi symbols of joy and good luck make it a perfect accessory for daily wear.<\/span><\/p>\n<ul>\n<li>\n<div style=\"line-height: 1.7;text-align: left;text-indent: 0\">\n<span style=\"font-weight: bold\">Material:<\/span><span> Made of Natural Type A Jadeite<\/span>\n<\/div>\n<\/li>\n<li>\n<div style=\"line-height: 1.7;text-align: left;text-indent: 0\">\n<span style=\"font-weight: bold\">Dise\u00f1o:<\/span><span> Carved as Pixiu with Ruyi symbols of Joy and Good Luck<\/span>\n<\/div>\n<\/li>\n<li>\n<div style=\"line-height: 1.7;text-align: left;text-indent: 0\">\n<span style=\"font-weight: bold\">Certificado:<\/span><span> Viene con un certificado que garantiza la autenticidad.<\/span>\n<\/div>\n<\/li>\n<\/ul>\n<p style=\"line-height: 1.7;text-align: left;text-indent: 0;margin-left: 0;margin-top: 0;margin-bottom: 0\"><span style=\"font-weight: bold\">Certificate numbers: ZS24030203567<\/span><\/p>\n<p style=\"line-height: 1.7;text-align: left;text-indent: 0;margin-left: 0;margin-top: 0;margin-bottom: 0\"><span><\/span><\/p>\n<p style=\"line-height: 1.7;text-align: left;text-indent: 0;margin-left: 0;margin-top: 0;margin-bottom: 0\"><span><\/span><img decoding=\"async\" src=\"https:\/\/shop.yipinqian.com\/wp-content\/uploads\/2024\/10\/0ccd74bbe2e9d18920f1788abf3d1d00.jpg?from=476444299\" style=\"width: 1080;height: 1080;vertical-align: middle\"><span><\/span><\/p>\n<ul>\n<li>\n<div style=\"line-height: 1.7;text-align: left;text-indent: 0\">\n<span style=\"font-weight: bold\">Adecuado para:<\/span><span>Daily wear, this pendant is perfect to boost your luck wherever you go.<\/span>\n<\/div>\n<\/li>\n<\/ul>\n<p style=\"line-height: 1.7;text-align: left;text-indent: 0;margin-left: 0;margin-top: 0;margin-bottom: 0\"><span>Weighing 26.95 grams and measuring 45.8 * 23.8 * 12.8 mm, it is compact yet impactful in its design.<\/span><\/p>\n<ul>\n<li>\n<div style=\"line-height: 1.7;text-align: left;text-indent: 0\">\n<span style=\"font-weight: bold\">Tipo de jade: <\/span><span>Jade\u00edta<\/span>\n<\/div>\n<\/li>\n<li>\n<div style=\"line-height: 1.7;text-align: left;text-indent: 0\">\n<span style=\"font-weight: bold\">Certificado: <\/span><span>S\u00ed<\/span>\n<\/div>\n<\/li>\n<li>\n<div style=\"line-height: 1.7;text-align: left;text-indent: 0\">\n<span style=\"font-weight: bold\">Total Weight (grams): <\/span><span>26.95<\/span>\n<\/div>\n<\/li>\n<li>\n<div style=\"line-height: 1.7;text-align: left;text-indent: 0\"><span>,<\/span><\/div>\n<\/li>\n<li>\n<div style=\"line-height: 1.7;text-align: left;text-indent: 0\"><span>The Country Of Origin of this product is Myanmar,<\/span><\/div>\n<\/li>\n<li>\n<div style=\"line-height: 1.7;text-align: left;text-indent: 0\"><span>The Occasion of this product is Daily,<\/span><\/div>\n<\/li>\n<li>\n<div style=\"line-height: 1.7;text-align: left;text-indent: 0\"><span>The Warranty Type does not apply to the product, And<\/span><\/div>\n<\/li>\n<li>\n<div style=\"line-height: 1.7;text-align: left;text-indent: 0\"><span>This pendant falls under the Unisex category making it an ideal gift option for anyone. This versatile necklace style can be paired up casually or styled elegantly as well.<\/span><\/div>\n<\/li>\n<\/ul>\n<p style=\"line-height: 1.7;text-align: left;text-indent: 0;margin-left: 0;margin-top: 0;margin-bottom: 0\"><span>Yi Pin Qian \u2013 Comerciante de piedras preciosas y metales preciosos en Singapur \u2013 N\u00famero de licencia PS20190000031<\/span><\/p>\n<p style=\"line-height: 1.7;text-align: left;text-indent: 0;margin-left: 0;margin-top: 0;margin-bottom: 0\"><span><\/span><\/p>\n<p style=\"line-height: 1.7;text-align: left;text-indent: 0;margin-left: 0;margin-top: 0;margin-bottom: 0\"><span>*Todos los jade\u00edtas comprados a Yi Pin Qian en Singapur, los clientes pueden reservar espacios para pulirlos o hacer reparaciones menores por mal manejo; se aplican tarifas y solo para los clientes de Yi Pin Qian en Singapur*<\/span><\/p>\n<p style=\"line-height: 1.7;text-align: left;text-indent: 0;margin-left: 0;margin-top: 0;margin-bottom: 0\"><span><\/span><\/p>\n<p style=\"line-height: 1.7;text-align: left;text-indent: 0;margin-left: 0;margin-top: 0;margin-bottom: 0\"><span style=\"font-weight: bold\">**Tipos de certificados**<\/span><\/p>\n<p style=\"line-height: 1.7;text-align: left;text-indent: 0;margin-left: 0;margin-top: 0;margin-bottom: 0\"><span><\/span><\/p>\n<p style=\"line-height: 1.7;text-align: left;text-indent: 0;margin-left: 0;margin-top: 0;margin-bottom: 0\"><span style=\"font-weight: bold\">NGI (Gemolog\u00eda Nan Yang)<\/span><\/p>\n<p style=\"line-height: 1.7;text-align: left;text-indent: 0;margin-left: 0;margin-top: 0;margin-bottom: 0\"><span>o <\/span><span style=\"font-weight: bold\">Certificados en el extranjero <\/span><span>(Yi Pin Qian solo utiliza certificados aut\u00e9nticos de laboratorios extranjeros y tambi\u00e9n controla la calidad de cada uno de nuestros productos antes de ponerlos a la venta en SG)<\/span><\/p>\n<p style=\"line-height: 1.7;text-align: left;text-indent: 0;margin-left: 0;margin-top: 0;margin-bottom: 0\"><span><\/span><\/p>\n<p style=\"line-height: 1.7;text-align: left;text-indent: 0;margin-left: 0;margin-top: 0;margin-bottom: 0\"><span>Todos los productos de TikTok contar\u00e1n con el tipo de certificado que se indica en la descripci\u00f3n. Para cualquier cliente que desee enviar su pedido a NGI Singapur, habr\u00e1 un tiempo de espera para la entrega del pedido estimado de aproximadamente 4 semanas para recibirlo. <\/span><span style=\"font-weight: bold\">Las solicitudes de informes de NGI Gemstone deben realizarse enviando un mensaje a la tienda TikTok de Yi Pin Qian.<\/span><span> Gracias, <\/span><span style=\"font-weight: bold;text-decoration: underline\">Se aplican tarifas adicionales<\/span><span>.<\/span><\/p>\n<p style=\"line-height: 1.7;text-align: left;text-indent: 0;margin-left: 0;margin-top: 0;margin-bottom: 0\"><span><\/span><\/p>\n<p style=\"line-height: 1.7;text-align: left;text-indent: 0;margin-left: 0;margin-top: 0;margin-bottom: 0\"><span style=\"font-weight: bold\">La jade\u00edta natural no es perfecta, solo un peque\u00f1o recordatorio: nuestra jade\u00edta natural, como todas las cosas hermosas de la naturaleza, tiene sus caracter\u00edsticas y variaciones \u00fanicas. Invitamos a nuestros valiosos clientes a adoptar estas variaciones naturales. \u00a1Felices compras!<\/span><\/p>\n<p style=\"line-height: 1.7;text-align: left;text-indent: 0;margin-left: 0;margin-top: 0;margin-bottom: 0\"><span><\/span><\/p>\n<p style=\"line-height: 1.7;text-align: left;text-indent: 0;margin-left: 0;margin-top: 0;margin-bottom: 0\"><span style=\"font-weight: bold;text-decoration: underline\">Ninguna de las fotograf\u00edas ni los v\u00eddeos han sido filtrados. Animamos a nuestros clientes a que vean tambi\u00e9n los v\u00eddeos adjuntos para tener una visi\u00f3n m\u00e1s completa de nuestros productos.<\/span><\/p>\n<p style=\"line-height: 1.7;text-align: left;text-indent: 0;margin-left: 0;margin-top: 0;margin-bottom: 0\"><span><\/span><\/p>\n<\/article>","protected":false},"excerpt":{"rendered":"<p>Elevate your luck and style quotient with this Light Lavender Natural Type A Jadeite Pendant. The Pixiu carving, symbolizing wealth and good fortune, along with the Ruyi symbols of joy and good luck make it a perfect accessory for daily wear. Material: Made of Natural Type A Jadeite Design: Carved as Pixiu with Ruyi symbols [&hellip;]<\/p>","protected":false},"featured_media":6113,"comment_status":"open","ping_status":"closed","template":"","meta":[],"product_brand":[],"product_cat":[48],"product_tag":[],"class_list":{"0":"post-1563","1":"product","2":"type-product","3":"status-publish","4":"has-post-thumbnail","6":"product_cat-pendants","8":"first","9":"instock","10":"sale","11":"shipping-taxable","12":"purchasable","13":"product-type-simple"},"_links":{"self":[{"href":"https:\/\/shop.yipinqian.com\/es\/wp-json\/wp\/v2\/product\/1563","targetHints":{"allow":["GET"]}}],"collection":[{"href":"https:\/\/shop.yipinqian.com\/es\/wp-json\/wp\/v2\/product"}],"about":[{"href":"https:\/\/shop.yipinqian.com\/es\/wp-json\/wp\/v2\/types\/product"}],"replies":[{"embeddable":true,"href":"https:\/\/shop.yipinqian.com\/es\/wp-json\/wp\/v2\/comments?post=1563"}],"version-history":[{"count":0,"href":"https:\/\/shop.yipinqian.com\/es\/wp-json\/wp\/v2\/product\/1563\/revisions"}],"wp:featuredmedia":[{"embeddable":true,"href":"https:\/\/shop.yipinqian.com\/es\/wp-json\/wp\/v2\/media\/6113"}],"wp:attachment":[{"href":"https:\/\/shop.yipinqian.com\/es\/wp-json\/wp\/v2\/media?parent=1563"}],"wp:term":[{"taxonomy":"product_brand","embeddable":true,"href":"https:\/\/shop.yipinqian.com\/es\/wp-json\/wp\/v2\/product_brand?post=1563"},{"taxonomy":"product_cat","embeddable":true,"href":"https:\/\/shop.yipinqian.com\/es\/wp-json\/wp\/v2\/product_cat?post=1563"},{"taxonomy":"product_tag","embeddable":true,"href":"https:\/\/shop.yipinqian.com\/es\/wp-json\/wp\/v2\/product_tag?post=1563"}],"curies":[{"name":"wp","href":"https:\/\/api.w.org\/{rel}","templated":true}]}}