{"id":1560,"date":"2024-10-24T23:20:13","date_gmt":"2024-10-24T15:20:13","guid":{"rendered":"https:\/\/shop.yipinqian.com\/product\/light-lavender-natural-type-a-jadeite-jade-crafted-with-nothing-round-shape-set-with-18-k-gold-as-pendant-certificate-weigh-29-85-grams-measurement-43-7-42-9-5-6-mm-18kp23\/"},"modified":"2025-02-17T00:04:03","modified_gmt":"2025-02-16T16:04:03","slug":"light-lavender-natural-type-a-jadeite-jade-crafted-with-nothing-round-shape-set-with-18-k-gold-as-pendant-certificate-weigh-29-85-grams-measurement-43-7-42-9-5-6-mm-18kp23","status":"publish","type":"product","link":"https:\/\/shop.yipinqian.com\/es\/producto\/light-lavender-natural-type-a-jadeite-jade-crafted-with-nothing-round-shape-set-with-18-k-gold-as-pendant-certificate-weigh-29-85-grams-measurement-43-7-42-9-5-6-mm-18kp23\/","title":{"rendered":"Jade\u00edta natural tipo A de lavanda clara Elaborado sin nada, forma redonda engastada con oro de 18 k como colgante, certificado Peso 29,85 gramos, medida 43,7 * 42,9 * 5,6 mm (18kp23)"},"content":{"rendered":"<p>Mejore su colecci\u00f3n de joyas con este exquisito colgante de jade\u00edta natural tipo A en color lavanda claro. Elaborado \u00fanicamente con lo mejor, este jade redondo est\u00e1 engastado en oro de 18 quilates y pesa 29,85 gramos, es decir, mide 43,7 x 42,9 x 5,6 mm (18 kp23).<\/p>\n<p><\/p>\n<p>N\u00fameros de certificado: GD2203H014491<\/p>\n<ul>\n<li>\n<strong>Material de alta calidad:<\/strong> El colgante est\u00e1 elaborado con oro PT\/quilates de primera calidad y jade\u00edta natural tipo A de color lavanda claro, una piedra preciosa conocida por su impresionante color y durabilidad.<\/li>\n<li>\n<strong>Certificado de autenticidad:<\/strong> Este producto viene con un certificado de autenticidad, que garantiza que est\u00e1 obteniendo una pieza genuina.<\/li>\n<li>\n<strong>Estilo de collar casual:<\/strong> Este colgante presenta un dise\u00f1o elegante pero informal que se puede usar a diario o en ocasiones especiales.<\/li>\n<\/ul>\n<p>El color lavanda claro le da un encanto encantador que sin duda llamar\u00e1 la atenci\u00f3n dondequiera que vaya. Su dise\u00f1o unisex lo hace perfecto para cualquiera que busque agregar un poco de lujo a su atuendo sin comprometer su estilo \u00fanico.<\/p>\n<ul>\n<li>\n<strong>Hecho en Myanmar: <\/strong>Esta exquisita pieza viene directamente de Myanmar, el hogar de algunas de las piedras de jade m\u00e1s buscadas del mundo.<\/li>\n<li>.<\/li>\n<\/ul>\n<p>\u00a1Este producto no viene con cobertura de garant\u00eda, pero su belleza eterna traer\u00e1 alegr\u00eda durante muchos a\u00f1os!<\/p>\n<p><\/p>\n<p>Yi Pin Qian \u2013 Comerciante de piedras preciosas y metales preciosos en Singapur \u2013 N\u00famero de licencia PS20190000031<\/p>\n<p><\/p>\n<p>*Todos los jade\u00edtas comprados a Yi Pin Qian en Singapur, los clientes pueden reservar espacios para pulirlos o hacer reparaciones menores por mal manejo; se aplican tarifas y solo para los clientes de Yi Pin Qian en Singapur*<\/p>\n<p><\/p>\n<p><strong>**Tipos de certificados**<\/strong><\/p>\n<p><\/p>\n<p><strong>NGI (Gemolog\u00eda Nan Yang)<\/strong><\/p>\n<p>o <strong>Certificados en el extranjero <\/strong>(Yi Pin Qian solo utiliza certificados aut\u00e9nticos de laboratorios extranjeros y tambi\u00e9n controla la calidad de cada uno de nuestros productos antes de ponerlos a la venta en SG)<\/p>\n<p><\/p>\n<p>Todos los productos de TikTok contar\u00e1n con el tipo de certificado que se indica en la descripci\u00f3n. Para cualquier cliente que desee enviar su pedido a NGI Singapur, habr\u00e1 un tiempo de espera para la entrega del pedido estimado de aproximadamente 4 semanas para recibirlo. <strong>Las solicitudes de informes de NGI Gemstone deben realizarse enviando un mensaje a la tienda TikTok de Yi Pin Qian.<\/strong> Gracias, <strong><u>Se aplican tarifas adicionales<\/u><\/strong>.<\/p>\n<p><\/p>\n<p><strong>La jade\u00edta natural no es perfecta, solo un peque\u00f1o recordatorio: nuestra jade\u00edta natural, como todas las cosas hermosas de la naturaleza, tiene sus caracter\u00edsticas y variaciones \u00fanicas. Invitamos a nuestros valiosos clientes a adoptar estas variaciones naturales. \u00a1Felices compras!<\/strong><\/p>\n<p><\/p>\n<p><strong><u>Ninguna de las fotograf\u00edas ni los v\u00eddeos han sido filtrados. Animamos a nuestros clientes a que vean tambi\u00e9n los v\u00eddeos adjuntos para tener una visi\u00f3n m\u00e1s completa de nuestros productos.<\/u><\/strong><\/p>","protected":false},"excerpt":{"rendered":"<p>Enhance your jewelry collection with this exquisite Light Lavender Natural Type A Jadeite Jade pendant. Crafted with nothing but the finest, the round-shaped jade is set in 18k gold and weighs 29.85 grams, measuring 43.7 * 42.9 * 5.6 mm (18kp23). Certificate numbers: GD2203H014491 High-Quality Material: The pendant is made of premium quality PT\/Carat Gold [&hellip;]<\/p>","protected":false},"featured_media":6068,"comment_status":"open","ping_status":"closed","template":"","meta":[],"product_brand":[],"product_cat":[120,48],"product_tag":[],"class_list":{"0":"post-1560","1":"product","2":"type-product","3":"status-publish","4":"has-post-thumbnail","6":"product_cat-18k-gold-setting-pendants","7":"product_cat-pendants","9":"first","10":"instock","11":"sale","12":"shipping-taxable","13":"purchasable","14":"product-type-simple"},"_links":{"self":[{"href":"https:\/\/shop.yipinqian.com\/es\/wp-json\/wp\/v2\/product\/1560","targetHints":{"allow":["GET"]}}],"collection":[{"href":"https:\/\/shop.yipinqian.com\/es\/wp-json\/wp\/v2\/product"}],"about":[{"href":"https:\/\/shop.yipinqian.com\/es\/wp-json\/wp\/v2\/types\/product"}],"replies":[{"embeddable":true,"href":"https:\/\/shop.yipinqian.com\/es\/wp-json\/wp\/v2\/comments?post=1560"}],"version-history":[{"count":0,"href":"https:\/\/shop.yipinqian.com\/es\/wp-json\/wp\/v2\/product\/1560\/revisions"}],"wp:featuredmedia":[{"embeddable":true,"href":"https:\/\/shop.yipinqian.com\/es\/wp-json\/wp\/v2\/media\/6068"}],"wp:attachment":[{"href":"https:\/\/shop.yipinqian.com\/es\/wp-json\/wp\/v2\/media?parent=1560"}],"wp:term":[{"taxonomy":"product_brand","embeddable":true,"href":"https:\/\/shop.yipinqian.com\/es\/wp-json\/wp\/v2\/product_brand?post=1560"},{"taxonomy":"product_cat","embeddable":true,"href":"https:\/\/shop.yipinqian.com\/es\/wp-json\/wp\/v2\/product_cat?post=1560"},{"taxonomy":"product_tag","embeddable":true,"href":"https:\/\/shop.yipinqian.com\/es\/wp-json\/wp\/v2\/product_tag?post=1560"}],"curies":[{"name":"wp","href":"https:\/\/api.w.org\/{rel}","templated":true}]}}