{"id":1559,"date":"2024-10-24T23:20:13","date_gmt":"2024-10-24T15:20:13","guid":{"rendered":"https:\/\/shop.yipinqian.com\/product\/light-green-with-yellow-natural-type-a-jadeite-jade-crafted-with-old-men-fishing-as-display-certificate-weighs-17-06-grams-measurement-65-2-32-8-12-display1\/"},"modified":"2025-02-24T00:49:54","modified_gmt":"2025-02-23T16:49:54","slug":"light-green-with-yellow-natural-type-a-jadeite-jade-crafted-with-old-men-fishing-as-display-certificate-weighs-17-06-grams-measurement-65-2-32-8-12-display1","status":"publish","type":"product","link":"https:\/\/shop.yipinqian.com\/es\/producto\/light-green-with-yellow-natural-type-a-jadeite-jade-crafted-with-old-men-fishing-as-display-certificate-weighs-17-06-grams-measurement-65-2-32-8-12-display1\/","title":{"rendered":"Light Green with Yellow Natural Type A Jadeite Jade crafted with Old Men Fishing as Display, certificate weighs 17.06 grams, measurement 65.2 * 32.8 * 12 (display1)"},"content":{"rendered":"<p>This Light Green with Yellow Natural Type A Jadeite Jade decoration features a beautifully crafted scene of Old Men Fishing, making it a unique and exquisite addition to any home.<\/p>\n<p>\u00a0<\/p>\n<p>Certificate numbers: ZSJ12302066970<\/p>\n<p><img fetchpriority=\"high\" decoding=\"async\" height=\"1080\" src=\"https:\/\/shop.yipinqian.com\/wp-content\/uploads\/2024\/10\/e6a48e85791827982aa3e0e971d14f30.jpg?from=476444299\" width=\"1080\"><\/p>\n<ul>\n<li><strong>Atributos:<\/strong><\/li>\n<li>Certificado incluido: S\u00ed<\/li>\n<li>Pa\u00eds de origen: Myanmar<\/li>\n<li>Tipo de garant\u00eda: Sin garant\u00eda<\/li>\n<li>Type of Decoration: Home Ornament<\/li>\n<li>Tipo de jade: jade\u00edta<\/li>\n<li>Weighing 17.06 grams and measuring 65.2 * 32.8 * 12, this stunning piece showcases the natural beauty and elegance of jade.<\/li>\n<li><strong>Please note:<\/strong><\/li>\n<li>The intricate details and serene design make this jade decoration a perfect choice for enhancing the aesthetic appeal of any space.<\/li>\n<\/ul>\n<p><strong>La jade\u00edta natural no es perfecta, solo un peque\u00f1o recordatorio: nuestra jade\u00edta natural, como todas las cosas hermosas de la naturaleza, tiene sus caracter\u00edsticas y variaciones \u00fanicas. Invitamos a nuestros valiosos clientes a adoptar estas variaciones naturales. \u00a1Felices compras!<\/strong><\/p>\n<p>\u00a0<\/p>\n<p><strong><u>Ninguna de las fotograf\u00edas ni los v\u00eddeos han sido filtrados. Animamos a nuestros clientes a que vean tambi\u00e9n los v\u00eddeos adjuntos para tener una visi\u00f3n m\u00e1s completa de nuestros productos.<\/u><\/strong><\/p>","protected":false},"excerpt":{"rendered":"<p>This Light Green with Yellow Natural Type A Jadeite Jade decoration features a beautifully crafted scene of Old Men Fishing, making it a unique and exquisite addition to any home. \u00a0 Certificate numbers: ZSJ12302066970 Attributes: Certificate Included: Yes Country of Origin: Myanmar Warranty Type: No Warranty Type of Decoration: Home Ornament Jade Type: Jadeite Weighing [&hellip;]<\/p>","protected":false},"featured_media":6050,"comment_status":"open","ping_status":"closed","template":"","meta":[],"product_brand":[],"product_cat":[194],"product_tag":[],"class_list":{"0":"post-1559","1":"product","2":"type-product","3":"status-publish","4":"has-post-thumbnail","6":"product_cat-value-picks","8":"first","9":"instock","10":"sale","11":"shipping-taxable","12":"purchasable","13":"product-type-simple"},"_links":{"self":[{"href":"https:\/\/shop.yipinqian.com\/es\/wp-json\/wp\/v2\/product\/1559","targetHints":{"allow":["GET"]}}],"collection":[{"href":"https:\/\/shop.yipinqian.com\/es\/wp-json\/wp\/v2\/product"}],"about":[{"href":"https:\/\/shop.yipinqian.com\/es\/wp-json\/wp\/v2\/types\/product"}],"replies":[{"embeddable":true,"href":"https:\/\/shop.yipinqian.com\/es\/wp-json\/wp\/v2\/comments?post=1559"}],"version-history":[{"count":0,"href":"https:\/\/shop.yipinqian.com\/es\/wp-json\/wp\/v2\/product\/1559\/revisions"}],"wp:featuredmedia":[{"embeddable":true,"href":"https:\/\/shop.yipinqian.com\/es\/wp-json\/wp\/v2\/media\/6050"}],"wp:attachment":[{"href":"https:\/\/shop.yipinqian.com\/es\/wp-json\/wp\/v2\/media?parent=1559"}],"wp:term":[{"taxonomy":"product_brand","embeddable":true,"href":"https:\/\/shop.yipinqian.com\/es\/wp-json\/wp\/v2\/product_brand?post=1559"},{"taxonomy":"product_cat","embeddable":true,"href":"https:\/\/shop.yipinqian.com\/es\/wp-json\/wp\/v2\/product_cat?post=1559"},{"taxonomy":"product_tag","embeddable":true,"href":"https:\/\/shop.yipinqian.com\/es\/wp-json\/wp\/v2\/product_tag?post=1559"}],"curies":[{"name":"wp","href":"https:\/\/api.w.org\/{rel}","templated":true}]}}