{"id":1554,"date":"2024-10-24T23:20:10","date_gmt":"2024-10-24T15:20:10","guid":{"rendered":"https:\/\/shop.yipinqian.com\/product\/light-green-with-green-patches-natural-type-a-jadeite-jade-crafted-with-nothing-as-a-pendant-attached-with-18k-gold-clasp-certificate-weigh-11-24-grams-measurement-40-2-21-7-1-mm-18kp21\/"},"modified":"2025-02-17T00:04:02","modified_gmt":"2025-02-16T16:04:02","slug":"light-green-with-green-patches-natural-type-a-jadeite-jade-crafted-with-nothing-as-a-pendant-attached-with-18k-gold-clasp-certificate-weigh-11-24-grams-measurement-40-2-21-7-1-mm-18kp21","status":"publish","type":"product","link":"https:\/\/shop.yipinqian.com\/es\/producto\/light-green-with-green-patches-natural-type-a-jadeite-jade-crafted-with-nothing-as-a-pendant-attached-with-18k-gold-clasp-certificate-weigh-11-24-grams-measurement-40-2-21-7-1-mm-18kp21\/","title":{"rendered":"Light Green with Green Patches Natural Type A Jadeite Jade Crafted with Nothing as a pendant attached with 18k gold clasp, certificate weigh 11.24 grams, measurement 40.2 * 21 * 7.1 mm (18kp21)"},"content":{"rendered":"<p>This exquisite necklace features a beautiful Light Green with Green Patches Natural Type A Jadeite Jade pendant crafted with precision and elegance. The pendant is attached to an 18k gold clasp, adding a touch of luxury to the piece.<\/p>\n<p>\u00a0<\/p>\n<p>Certificate numbers: GD2203H004690<\/p>\n<ul>\n<li>\n<strong>Aut\u00e9ntico y Certificado:<\/strong> This necklace comes with a certificate of authenticity, ensuring that the jade used in this piece is natural Type A jadeite.<\/li>\n<li>\n<strong>Durable Material:<\/strong> The setting material for this necklace is high-quality PT\/Carat Gold, providing durability for everyday wear.<\/li>\n<li>\n<strong>Hecho en Myanmar:<\/strong> This stunning piece has its roots in Myanmar where it was crafted by skilled artisans using traditional techniques passed down through generations.<\/li>\n<\/ul>\n<p>The Light Green with Green Patches Natural Type A Jadeite Jade gives the pendant an alluring charm that complements any outfit. It can be worn on any occasion, from casual outings to more formal events. With its unisex design, it&#8217;s perfect for both men and women who appreciate fine jewelry accessories.\u00a0<\/p>\n<ul>\n<li>\n<strong>Estilo del collar de jade:<\/strong>\u00a0This casual style of Necklace adds elegance when paired up or combined with different outfits.\u00a0<\/li>\n<\/ul>\n<p>This exquisite necklace does not come under warranty but will be cherished forever as a timeless addition to your jewelry collection.\u00a0<\/p>\n<p>\u00a0<\/p>\n<p>Yi Pin Qian \u2013 Comerciante de piedras preciosas y metales preciosos en Singapur \u2013 N\u00famero de licencia PS20190000031<\/p>\n<p>\u00a0<\/p>\n<p>*Todos los jade\u00edtas comprados a Yi Pin Qian en Singapur, los clientes pueden reservar espacios para pulirlos o hacer reparaciones menores por mal manejo; se aplican tarifas y solo para los clientes de Yi Pin Qian en Singapur*<\/p>\n<p>\u00a0<\/p>\n<p><strong>**Tipos de certificados**<\/strong><\/p>\n<p>\u00a0<\/p>\n<p><strong>NGI (Gemolog\u00eda Nan Yang)<\/strong><\/p>\n<p>o <strong>Certificados en el extranjero <\/strong>(Yi Pin Qian solo utiliza certificados aut\u00e9nticos de laboratorios extranjeros y tambi\u00e9n controla la calidad de cada uno de nuestros productos antes de ponerlos a la venta en SG)<\/p>\n<p>\u00a0<\/p>\n<p>Todos los productos de TikTok contar\u00e1n con el tipo de certificado que se indica en la descripci\u00f3n. Para cualquier cliente que desee enviar su pedido a NGI Singapur, habr\u00e1 un tiempo de espera para la entrega del pedido estimado de aproximadamente 4 semanas para recibirlo. <strong>Las solicitudes de informes de NGI Gemstone deben realizarse enviando un mensaje a la tienda TikTok de Yi Pin Qian.<\/strong> Gracias, <strong><u>Se aplican tarifas adicionales<\/u><\/strong>.<\/p>\n<p>\u00a0<\/p>\n<p><strong>La jade\u00edta natural no es perfecta, solo un peque\u00f1o recordatorio: nuestra jade\u00edta natural, como todas las cosas hermosas de la naturaleza, tiene sus caracter\u00edsticas y variaciones \u00fanicas. Invitamos a nuestros valiosos clientes a adoptar estas variaciones naturales. \u00a1Felices compras!<\/strong><\/p>\n<p>\u00a0<\/p>\n<p><strong><u>Ninguna de las fotograf\u00edas ni los v\u00eddeos han sido filtrados. Animamos a nuestros clientes a que vean tambi\u00e9n los v\u00eddeos adjuntos para tener una visi\u00f3n m\u00e1s completa de nuestros productos.<\/u><\/strong><\/p>","protected":false},"excerpt":{"rendered":"<p>This exquisite necklace features a beautiful Light Green with Green Patches Natural Type A Jadeite Jade pendant crafted with precision and elegance. The pendant is attached to an 18k gold clasp, adding a touch of luxury to the piece. \u00a0 Certificate numbers: GD2203H004690 Authentic and Certified: This necklace comes with a certificate of authenticity, ensuring [&hellip;]<\/p>","protected":false},"featured_media":6007,"comment_status":"open","ping_status":"closed","template":"","meta":[],"product_brand":[],"product_cat":[120,48],"product_tag":[],"class_list":{"0":"post-1554","1":"product","2":"type-product","3":"status-publish","4":"has-post-thumbnail","6":"product_cat-18k-gold-setting-pendants","7":"product_cat-pendants","9":"first","10":"instock","11":"sale","12":"shipping-taxable","13":"purchasable","14":"product-type-simple"},"_links":{"self":[{"href":"https:\/\/shop.yipinqian.com\/es\/wp-json\/wp\/v2\/product\/1554","targetHints":{"allow":["GET"]}}],"collection":[{"href":"https:\/\/shop.yipinqian.com\/es\/wp-json\/wp\/v2\/product"}],"about":[{"href":"https:\/\/shop.yipinqian.com\/es\/wp-json\/wp\/v2\/types\/product"}],"replies":[{"embeddable":true,"href":"https:\/\/shop.yipinqian.com\/es\/wp-json\/wp\/v2\/comments?post=1554"}],"version-history":[{"count":0,"href":"https:\/\/shop.yipinqian.com\/es\/wp-json\/wp\/v2\/product\/1554\/revisions"}],"wp:featuredmedia":[{"embeddable":true,"href":"https:\/\/shop.yipinqian.com\/es\/wp-json\/wp\/v2\/media\/6007"}],"wp:attachment":[{"href":"https:\/\/shop.yipinqian.com\/es\/wp-json\/wp\/v2\/media?parent=1554"}],"wp:term":[{"taxonomy":"product_brand","embeddable":true,"href":"https:\/\/shop.yipinqian.com\/es\/wp-json\/wp\/v2\/product_brand?post=1554"},{"taxonomy":"product_cat","embeddable":true,"href":"https:\/\/shop.yipinqian.com\/es\/wp-json\/wp\/v2\/product_cat?post=1554"},{"taxonomy":"product_tag","embeddable":true,"href":"https:\/\/shop.yipinqian.com\/es\/wp-json\/wp\/v2\/product_tag?post=1554"}],"curies":[{"name":"wp","href":"https:\/\/api.w.org\/{rel}","templated":true}]}}