{"id":1550,"date":"2024-10-24T23:20:04","date_gmt":"2024-10-24T15:20:04","guid":{"rendered":"https:\/\/shop.yipinqian.com\/product\/light-green-with-golden-yellow-patches-super-rare-natural-type-a-jadeite-jade-crafted-with-arhat-as-pendant-certificate-weighs-57-71-grams-measurement-69-7-39-3-14-5-mm-pendant263\/"},"modified":"2025-02-24T01:17:30","modified_gmt":"2025-02-23T17:17:30","slug":"light-green-with-golden-yellow-patches-super-rare-natural-type-a-jadeite-jade-crafted-with-arhat-as-pendant-certificate-weighs-57-71-grams-measurement-69-7-39-3-14-5-mm-pendant263","status":"publish","type":"product","link":"https:\/\/shop.yipinqian.com\/es\/producto\/light-green-with-golden-yellow-patches-super-rare-natural-type-a-jadeite-jade-crafted-with-arhat-as-pendant-certificate-weighs-57-71-grams-measurement-69-7-39-3-14-5-mm-pendant263\/","title":{"rendered":"Light Green with Golden Yellow Patches Super Rare Natural Type A Jadeite Jade crafted with Arhat as Pendant, certificate weighs 57.71 grams, measurement 69.7 * 39.3 * 14.5 mm (pendant263)"},"content":{"rendered":"<p>This Light Green with Golden Yellow Patches Super Rare Natural Type A Jadeite Jade pendant is a stunning piece of jewelry for any occasion.<\/p>\n<p>\u00a0<\/p>\n<p>Certificate numbers: 920660024549<\/p>\n<p><img fetchpriority=\"high\" decoding=\"async\" height=\"1080\" src=\"https:\/\/shop.yipinqian.com\/wp-content\/uploads\/2024\/10\/4ac49394a37bb8ee0b29298df3aa310f.jpg?from=476444299\" width=\"1080\"><\/p>\n<ul>\n<li>\n<strong>Jade\u00edta natural rara:<\/strong> Crafted from super rare Type A Jadeite, this pendant features a unique light green color with golden yellow patches, making it truly one-of-a-kind.<\/li>\n<li>\n<strong>Arhat Design:<\/strong> The pendant is beautifully crafted in the shape of an Arhat, adding a touch of elegance and spirituality to your look.<\/li>\n<li>\n<strong>Certificado incluido:<\/strong> This piece comes with a certificate to authenticate its quality and origin from Myanmar.<\/li>\n<\/ul>\n<p>Weighing 57.71 grams and measuring 69.7 * 39.3 * 14.5 mm (pendant263), this necklace is suitable for both men and women who appreciate the beauty of jade jewelry.<\/p>\n<ul>\n<li>\n<strong>Ocasi\u00f3n auspiciosa:<\/strong> Perfect for auspicious occasions or as a casual everyday accessory, this necklace complements any style effortlessly.<\/li>\n<\/ul>\n<p>Yi Pin Qian \u2013 Comerciante de piedras preciosas y metales preciosos en Singapur \u2013 N\u00famero de licencia PS20190000031<\/p>\n<p>\u00a0<\/p>\n<p>*Todos los jade\u00edtas comprados a Yi Pin Qian en Singapur, los clientes pueden reservar espacios para pulirlos o hacer reparaciones menores por mal manejo; se aplican tarifas y solo para los clientes de Yi Pin Qian en Singapur*<\/p>\n<p>\u00a0<\/p>\n<p><strong>**Tipos de certificados**<\/strong><\/p>\n<p>\u00a0<\/p>\n<p><strong>NGI (Gemolog\u00eda Nan Yang)<\/strong><\/p>\n<p>o <strong>Certificados en el extranjero <\/strong>(Yi Pin Qian solo utiliza certificados aut\u00e9nticos de laboratorios extranjeros y tambi\u00e9n controla la calidad de cada uno de nuestros productos antes de ponerlos a la venta en SG)<\/p>\n<p>\u00a0<\/p>\n<p>Todos los productos de TikTok contar\u00e1n con el tipo de certificado que se indica en la descripci\u00f3n. Para cualquier cliente que desee enviar su pedido a NGI Singapur, habr\u00e1 un tiempo de espera para la entrega del pedido estimado de aproximadamente 4 semanas para recibirlo. <strong>Las solicitudes de informes de NGI Gemstone deben realizarse enviando un mensaje a la tienda TikTok de Yi Pin Qian.<\/strong> Gracias, <strong><u>Se aplican tarifas adicionales<\/u><\/strong>.<\/p>\n<p>\u00a0<\/p>\n<p><strong>La jade\u00edta natural no es perfecta, solo un peque\u00f1o recordatorio: nuestra jade\u00edta natural, como todas las cosas hermosas de la naturaleza, tiene sus caracter\u00edsticas y variaciones \u00fanicas. Invitamos a nuestros valiosos clientes a adoptar estas variaciones naturales. \u00a1Felices compras!<\/strong><\/p>\n<p>\u00a0<\/p>\n<p><strong><u>Ninguna de las fotograf\u00edas ni los v\u00eddeos han sido filtrados. Animamos a nuestros clientes a que vean tambi\u00e9n los v\u00eddeos adjuntos para tener una visi\u00f3n m\u00e1s completa de nuestros productos.<\/u><\/strong><\/p>","protected":false},"excerpt":{"rendered":"<p>This Light Green with Golden Yellow Patches Super Rare Natural Type A Jadeite Jade pendant is a stunning piece of jewelry for any occasion. \u00a0 Certificate numbers: 920660024549 Rare Natural Jadeite: Crafted from super rare Type A Jadeite, this pendant features a unique light green color with golden yellow patches, making it truly one-of-a-kind. Arhat [&hellip;]<\/p>","protected":false},"featured_media":5981,"comment_status":"open","ping_status":"closed","template":"","meta":[],"product_brand":[],"product_cat":[195],"product_tag":[],"class_list":{"0":"post-1550","1":"product","2":"type-product","3":"status-publish","4":"has-post-thumbnail","6":"product_cat-heirloom-grade","8":"first","9":"instock","10":"sale","11":"shipping-taxable","12":"purchasable","13":"product-type-simple"},"_links":{"self":[{"href":"https:\/\/shop.yipinqian.com\/es\/wp-json\/wp\/v2\/product\/1550","targetHints":{"allow":["GET"]}}],"collection":[{"href":"https:\/\/shop.yipinqian.com\/es\/wp-json\/wp\/v2\/product"}],"about":[{"href":"https:\/\/shop.yipinqian.com\/es\/wp-json\/wp\/v2\/types\/product"}],"replies":[{"embeddable":true,"href":"https:\/\/shop.yipinqian.com\/es\/wp-json\/wp\/v2\/comments?post=1550"}],"version-history":[{"count":0,"href":"https:\/\/shop.yipinqian.com\/es\/wp-json\/wp\/v2\/product\/1550\/revisions"}],"wp:featuredmedia":[{"embeddable":true,"href":"https:\/\/shop.yipinqian.com\/es\/wp-json\/wp\/v2\/media\/5981"}],"wp:attachment":[{"href":"https:\/\/shop.yipinqian.com\/es\/wp-json\/wp\/v2\/media?parent=1550"}],"wp:term":[{"taxonomy":"product_brand","embeddable":true,"href":"https:\/\/shop.yipinqian.com\/es\/wp-json\/wp\/v2\/product_brand?post=1550"},{"taxonomy":"product_cat","embeddable":true,"href":"https:\/\/shop.yipinqian.com\/es\/wp-json\/wp\/v2\/product_cat?post=1550"},{"taxonomy":"product_tag","embeddable":true,"href":"https:\/\/shop.yipinqian.com\/es\/wp-json\/wp\/v2\/product_tag?post=1550"}],"curies":[{"name":"wp","href":"https:\/\/api.w.org\/{rel}","templated":true}]}}