{"id":1549,"date":"2024-10-24T23:20:04","date_gmt":"2024-10-24T15:20:04","guid":{"rendered":"https:\/\/shop.yipinqian.com\/product\/light-green-with-brown-fine-quality-natural-type-a-jadeite-pendant-carved-with-dragon-meaning-wisdom-auspiciousness-strength-and-independence-with-certificate-weigh-41-21-grams-46-40-60-10-80-mm-very\/"},"modified":"2025-02-24T01:17:30","modified_gmt":"2025-02-23T17:17:30","slug":"light-green-with-brown-fine-quality-natural-type-a-jadeite-pendant-carved-with-dragon-meaning-wisdom-auspiciousness-strength-and-independence-with-certificate-weigh-41-21-grams-46-40-60-10-80-mm-very","status":"publish","type":"product","link":"https:\/\/shop.yipinqian.com\/es\/producto\/light-green-with-brown-fine-quality-natural-type-a-jadeite-pendant-carved-with-dragon-meaning-wisdom-auspiciousness-strength-and-independence-with-certificate-weigh-41-21-grams-46-40-60-10-80-mm-very\/","title":{"rendered":"Light green with Brown fine quality Natural Type A Jadeite Pendant carved with dragon meaning wisdom, Auspiciousness, strength and independence with certificate weigh 41.21 grams, 46 * 40.60 * 10.80 mm, very suitable for daily wear (pendant91)"},"content":{"rendered":"<p>This light green and brown fine quality natural Type A jadeite pendant is carved with a dragon, symbolizing wisdom, auspiciousness, strength and independence. It comes with a certificate of authenticity and weighs 41.21 grams at 46*40.60*10.80mm; perfect for daily wear.<\/p>\n<ul>\n<li>\n<strong>Dragon Carving:<\/strong> The dragon carving represents wisdom, strength and independence.<\/li>\n<li>\n<strong>Certificado de autenticidad:<\/strong> Comes with a certificate of authenticity for the natural Type A jadeite.<\/li>\n<\/ul>\n<p><strong>Certificate numbers: GD2111H010539<\/strong><\/p>\n<p><img fetchpriority=\"high\" decoding=\"async\" height=\"1080\" src=\"https:\/\/shop.yipinqian.com\/wp-content\/uploads\/2024\/10\/2379698f12366e7aff3c7389774003bb.jpg?from=476444299\" width=\"1080\"><img decoding=\"async\" height=\"1080\" src=\"https:\/\/shop.yipinqian.com\/wp-content\/uploads\/2024\/10\/c011874cf1698578e96574fc02642262.jpg?from=476444299\" width=\"1080\"><\/p>\n<ul>\n<li>\n<strong>Jade Quality:<\/strong> Made from fine quality light green with brown natural Type A jadeite from Myanmar.<\/li>\n<\/ul>\n<p><img decoding=\"async\" height=\"1080\" src=\"https:\/\/shop.yipinqian.com\/wp-content\/uploads\/2024\/10\/a814d27ddd19e2b84a1c721e0be06fac.jpg?from=476444299\" width=\"1080\"><\/p>\n<p>This unisex casual necklace style pendant is ideal for daily wear or as an elegant addition to any outfit. Please note that this product does not come with any warranty guarantees.<\/p>\n<p>\u00a0<\/p>\n<p>Yi Pin Qian \u2013 Comerciante de piedras preciosas y metales preciosos en Singapur \u2013 N\u00famero de licencia PS20190000031<\/p>\n<p>\u00a0<\/p>\n<p>*Todos los jade\u00edtas comprados a Yi Pin Qian en Singapur, los clientes pueden reservar espacios para pulirlos o hacer reparaciones menores por mal manejo; se aplican tarifas y solo para los clientes de Yi Pin Qian en Singapur*<\/p>\n<p>\u00a0<\/p>\n<p><strong>**Tipos de certificados**<\/strong><\/p>\n<p>\u00a0<\/p>\n<p><strong>NGI (Gemolog\u00eda Nan Yang)<\/strong><\/p>\n<p>o <strong>Certificados en el extranjero <\/strong>(Yi Pin Qian solo utiliza certificados aut\u00e9nticos de laboratorios extranjeros y tambi\u00e9n controla la calidad de cada uno de nuestros productos antes de ponerlos a la venta en SG)<\/p>\n<p>\u00a0<\/p>\n<p>Todos los productos de TikTok contar\u00e1n con el tipo de certificado que se indica en la descripci\u00f3n. Para cualquier cliente que desee enviar su pedido a NGI Singapur, habr\u00e1 un tiempo de espera para la entrega del pedido estimado de aproximadamente 4 semanas para recibirlo. <strong>Las solicitudes de informes de NGI Gemstone deben realizarse enviando un mensaje a la tienda TikTok de Yi Pin Qian.<\/strong> Gracias, <strong><u>Se aplican tarifas adicionales<\/u><\/strong>.<\/p>\n<p>\u00a0<\/p>\n<p>.<\/p>","protected":false},"excerpt":{"rendered":"<p>This light green and brown fine quality natural Type A jadeite pendant is carved with a dragon, symbolizing wisdom, auspiciousness, strength and independence. It comes with a certificate of authenticity and weighs 41.21 grams at 46*40.60*10.80mm; perfect for daily wear. Dragon Carving: The dragon carving represents wisdom, strength and independence. Certificate of Authenticity: Comes with [&hellip;]<\/p>","protected":false},"featured_media":5971,"comment_status":"open","ping_status":"closed","template":"","meta":[],"product_brand":[],"product_cat":[195],"product_tag":[],"class_list":{"0":"post-1549","1":"product","2":"type-product","3":"status-publish","4":"has-post-thumbnail","6":"product_cat-heirloom-grade","8":"first","9":"instock","10":"sale","11":"shipping-taxable","12":"purchasable","13":"product-type-simple"},"_links":{"self":[{"href":"https:\/\/shop.yipinqian.com\/es\/wp-json\/wp\/v2\/product\/1549","targetHints":{"allow":["GET"]}}],"collection":[{"href":"https:\/\/shop.yipinqian.com\/es\/wp-json\/wp\/v2\/product"}],"about":[{"href":"https:\/\/shop.yipinqian.com\/es\/wp-json\/wp\/v2\/types\/product"}],"replies":[{"embeddable":true,"href":"https:\/\/shop.yipinqian.com\/es\/wp-json\/wp\/v2\/comments?post=1549"}],"version-history":[{"count":0,"href":"https:\/\/shop.yipinqian.com\/es\/wp-json\/wp\/v2\/product\/1549\/revisions"}],"wp:featuredmedia":[{"embeddable":true,"href":"https:\/\/shop.yipinqian.com\/es\/wp-json\/wp\/v2\/media\/5971"}],"wp:attachment":[{"href":"https:\/\/shop.yipinqian.com\/es\/wp-json\/wp\/v2\/media?parent=1549"}],"wp:term":[{"taxonomy":"product_brand","embeddable":true,"href":"https:\/\/shop.yipinqian.com\/es\/wp-json\/wp\/v2\/product_brand?post=1549"},{"taxonomy":"product_cat","embeddable":true,"href":"https:\/\/shop.yipinqian.com\/es\/wp-json\/wp\/v2\/product_cat?post=1549"},{"taxonomy":"product_tag","embeddable":true,"href":"https:\/\/shop.yipinqian.com\/es\/wp-json\/wp\/v2\/product_tag?post=1549"}],"curies":[{"name":"wp","href":"https:\/\/api.w.org\/{rel}","templated":true}]}}