{"id":1548,"date":"2024-10-24T23:20:04","date_gmt":"2024-10-24T15:20:04","guid":{"rendered":"https:\/\/shop.yipinqian.com\/product\/light-green-with-bluish-green-natural-type-a-jadeite-pendant-necklace-crafted-with-guanyin-symbols-of-peace-auspiciousness-and-longevity-certificate-included-weighs-36-23-grams-45-8-45-8-9-1-mm-suitab\/"},"modified":"2025-02-24T01:17:30","modified_gmt":"2025-02-23T17:17:30","slug":"light-green-with-bluish-green-natural-type-a-jadeite-pendant-necklace-crafted-with-guanyin-symbols-of-peace-auspiciousness-and-longevity-certificate-included-weighs-36-23-grams-45-8-45-8-9-1-mm-suitab","status":"publish","type":"product","link":"https:\/\/shop.yipinqian.com\/es\/producto\/light-green-with-bluish-green-natural-type-a-jadeite-pendant-necklace-crafted-with-guanyin-symbols-of-peace-auspiciousness-and-longevity-certificate-included-weighs-36-23-grams-45-8-45-8-9-1-mm-suitab\/","title":{"rendered":"Light Green with Bluish Green Natural Type A Jadeite Pendant Necklace crafted with Guanyin Symbols of Peace, auspiciousness and longevity, certificate included weighs 36.23 grams, 45.8 * 45.8 * 9.1 mm, suitable for daily wear (pendant56)"},"content":{"rendered":"<p>This Light Green with Bluish Green Natural Type A Jadeite Pendant Necklace is a perfect accessory for those seeking peace, auspiciousness, and longevity. The Guanyin Symbols engraved on the pendant ensure a spiritual significance to the piece.<\/p>\n<ul>\n<li>\n<strong>Peso:<\/strong> 36.23 grams<\/li>\n<li>\n<strong>Dimensiones:<\/strong> 45.8 * 45.8 * 9.1 mm<\/li>\n<li>\n<strong>Tipo de jade:<\/strong> Jade\u00edta<\/li>\n<li>\n<strong>Certificado incluido:<\/strong> S\u00ed<\/li>\n<li>\n<strong>Hecho en:<\/strong> Birmania<\/li>\n<\/ul>\n<p><strong>Certificate numbers: 206198363<\/strong><\/p>\n<p><img fetchpriority=\"high\" decoding=\"async\" height=\"1080\" src=\"https:\/\/shop.yipinqian.com\/wp-content\/uploads\/2024\/10\/5a3118c92ecf53707a0ecc567f06a5ba.jpg?from=476444299\" width=\"1080\"><img decoding=\"async\" height=\"1080\" src=\"https:\/\/shop.yipinqian.com\/wp-content\/uploads\/2024\/10\/f173cbb22a511483049cf6c8afe5a3d8.jpg?from=476444299\" width=\"1080\"><\/p>\n<p>This pendant necklace is suitable for daily wear and adds an elegant touch to any outfit with its casual style.<\/p>\n<p>A perfect gift for yourself or your loved ones on any auspicious occasion, this necklace does not come with a warranty but is designed to last you a lifetime in its unisex design.<\/p>\n<p>.<\/p>\n<p>Yi Pin Qian \u2013 Comerciante de piedras preciosas y metales preciosos en Singapur \u2013 N\u00famero de licencia PS20190000031<\/p>\n<p>\u00a0<\/p>\n<p>*Todos los jade\u00edtas comprados a Yi Pin Qian en Singapur, los clientes pueden reservar espacios para pulirlos o hacer reparaciones menores por mal manejo; se aplican tarifas y solo para los clientes de Yi Pin Qian en Singapur*<\/p>\n<p>\u00a0<\/p>\n<p><strong>**Tipos de certificados**<\/strong><\/p>\n<p>\u00a0<\/p>\n<p><strong>NGI (Gemolog\u00eda Nan Yang)<\/strong><\/p>\n<p>o <strong>Certificados en el extranjero <\/strong>(Yi Pin Qian solo utiliza certificados aut\u00e9nticos de laboratorios extranjeros y tambi\u00e9n controla la calidad de cada uno de nuestros productos antes de ponerlos a la venta en SG)<\/p>\n<p>\u00a0<\/p>\n<p>Todos los productos de TikTok contar\u00e1n con el tipo de certificado que se indica en la descripci\u00f3n. Para cualquier cliente que desee enviar su pedido a NGI Singapur, habr\u00e1 un tiempo de espera para la entrega del pedido estimado de aproximadamente 4 semanas para recibirlo. <strong>Las solicitudes de informes de NGI Gemstone deben realizarse enviando un mensaje a la tienda TikTok de Yi Pin Qian.<\/strong> Gracias, <strong><u>Se aplican tarifas adicionales<\/u><\/strong>.<\/p>\n<p>\u00a0<\/p>\n<p><strong>La jade\u00edta natural no es perfecta, solo un peque\u00f1o recordatorio: nuestra jade\u00edta natural, como todas las cosas hermosas de la naturaleza, tiene sus caracter\u00edsticas y variaciones \u00fanicas. Invitamos a nuestros valiosos clientes a adoptar estas variaciones naturales. \u00a1Felices compras!<\/strong><\/p>\n<p>\u00a0<\/p>\n<p><strong><u>Ninguna de las fotograf\u00edas ni los v\u00eddeos han sido filtrados. Animamos a nuestros clientes a que vean tambi\u00e9n los v\u00eddeos adjuntos para tener una visi\u00f3n m\u00e1s completa de nuestros productos.<\/u><\/strong><\/p>","protected":false},"excerpt":{"rendered":"<p>This Light Green with Bluish Green Natural Type A Jadeite Pendant Necklace is a perfect accessory for those seeking peace, auspiciousness, and longevity. The Guanyin Symbols engraved on the pendant ensure a spiritual significance to the piece. Weight: 36.23 grams Dimensions: 45.8 * 45.8 * 9.1 mm Jade Type: Jadeite Certificate Included: Yes Made in: [&hellip;]<\/p>","protected":false},"featured_media":5957,"comment_status":"open","ping_status":"closed","template":"","meta":[],"product_brand":[],"product_cat":[195],"product_tag":[],"class_list":{"0":"post-1548","1":"product","2":"type-product","3":"status-publish","4":"has-post-thumbnail","6":"product_cat-heirloom-grade","8":"first","9":"instock","10":"sale","11":"shipping-taxable","12":"purchasable","13":"product-type-simple"},"_links":{"self":[{"href":"https:\/\/shop.yipinqian.com\/es\/wp-json\/wp\/v2\/product\/1548","targetHints":{"allow":["GET"]}}],"collection":[{"href":"https:\/\/shop.yipinqian.com\/es\/wp-json\/wp\/v2\/product"}],"about":[{"href":"https:\/\/shop.yipinqian.com\/es\/wp-json\/wp\/v2\/types\/product"}],"replies":[{"embeddable":true,"href":"https:\/\/shop.yipinqian.com\/es\/wp-json\/wp\/v2\/comments?post=1548"}],"version-history":[{"count":0,"href":"https:\/\/shop.yipinqian.com\/es\/wp-json\/wp\/v2\/product\/1548\/revisions"}],"wp:featuredmedia":[{"embeddable":true,"href":"https:\/\/shop.yipinqian.com\/es\/wp-json\/wp\/v2\/media\/5957"}],"wp:attachment":[{"href":"https:\/\/shop.yipinqian.com\/es\/wp-json\/wp\/v2\/media?parent=1548"}],"wp:term":[{"taxonomy":"product_brand","embeddable":true,"href":"https:\/\/shop.yipinqian.com\/es\/wp-json\/wp\/v2\/product_brand?post=1548"},{"taxonomy":"product_cat","embeddable":true,"href":"https:\/\/shop.yipinqian.com\/es\/wp-json\/wp\/v2\/product_cat?post=1548"},{"taxonomy":"product_tag","embeddable":true,"href":"https:\/\/shop.yipinqian.com\/es\/wp-json\/wp\/v2\/product_tag?post=1548"}],"curies":[{"name":"wp","href":"https:\/\/api.w.org\/{rel}","templated":true}]}}