{"id":1546,"date":"2024-10-24T23:20:03","date_gmt":"2024-10-24T15:20:03","guid":{"rendered":"https:\/\/shop.yipinqian.com\/product\/light-green-natural-type-a-jadeite-pendant-necklace-crafted-as-thousand-hands-guanyin-with-certificate-weigh-48-82-grams-57-6-57-6-7-2-mmsymbols-of-eliminate-obstacles-and-resolve-all-disasters-peace\/"},"modified":"2025-02-24T00:49:54","modified_gmt":"2025-02-23T16:49:54","slug":"light-green-natural-type-a-jadeite-pendant-necklace-crafted-as-thousand-hands-guanyin-with-certificate-weigh-48-82-grams-57-6-57-6-7-2-mmsymbols-of-eliminate-obstacles-and-resolve-all-disasters-peace","status":"publish","type":"product","link":"https:\/\/shop.yipinqian.com\/es\/producto\/light-green-natural-type-a-jadeite-pendant-necklace-crafted-as-thousand-hands-guanyin-with-certificate-weigh-48-82-grams-57-6-57-6-7-2-mmsymbols-of-eliminate-obstacles-and-resolve-all-disasters-peace\/","title":{"rendered":"Collar colgante de jade\u00edta tipo A natural verde claro elaborado como Guanyin de mil manos con certificado que pesa 48,82 gramos, 57,6 * 57,6 * 7,2 mm. S\u00edmbolos de eliminar obst\u00e1culos y resolver todos los desastres, paz y auspiciosidad para uso diario (colgante 43)"},"content":{"rendered":"<p>Este collar con colgante de jade\u00edta natural tipo A de color verde claro est\u00e1 elaborado por expertos con la forma de Guanyin de las Mil Manos y viene con un certificado de autenticidad. Con un peso de 48,82 gramos y unas medidas de 57,6 x 57,6 x 7,2 mm, este collar es un s\u00edmbolo de paz, buena suerte y eliminaci\u00f3n de obst\u00e1culos. Fabricado con jade\u00edta de alta calidad de Myanmar, este collar es perfecto para el uso diario tanto de hombres como de mujeres. Caracter\u00edsticas principales:<\/p>\n<ul>\n<li>Elaborado por expertos con la forma de Guanyin de las Mil Manos<\/li>\n<li>Certificado de autenticidad incluido \u2013 <strong>N\u00fameros de certificado: GD2110H013545<\/strong>\n<\/li>\n<\/ul>\n<p><img fetchpriority=\"high\" decoding=\"async\" height=\"1080\" src=\"https:\/\/shop.yipinqian.com\/wp-content\/uploads\/2024\/10\/86211cfcc5990a6b1e9beede00a898c3.jpg?from=476444299\" width=\"1080\"><\/p>\n<ul>\n<li>Pesa 48,82 gramos<\/li>\n<li>Mide 57,6 x 57,6 x 7,2 mm<\/li>\n<li>S\u00edmbolos paz, auspiciosidad, eliminaci\u00f3n de obst\u00e1culos.<\/li>\n<li>.<\/li>\n<\/ul>\n<p>Este collar colgante, elaborado con cuidado y atenci\u00f3n al detalle utilizando materiales naturales, es el complemento perfecto para cualquier colecci\u00f3n de joyas. Si buscas un accesorio informal pero elegante que ofrezca belleza y significado, \u00a1no busques m\u00e1s que este collar colgante de jade\u00edta natural tipo A de color verde claro!<\/p>\n<p>\u00a0<\/p>\n<p>Yi Pin Qian \u2013 Comerciante de piedras preciosas y metales preciosos en Singapur \u2013 N\u00famero de licencia PS20190000031<\/p>\n<p>\u00a0<\/p>\n<p>*Todos los jade\u00edtas comprados a Yi Pin Qian en Singapur, los clientes pueden reservar espacios para pulirlos o hacer reparaciones menores por mal manejo; se aplican tarifas y solo para los clientes de Yi Pin Qian en Singapur*<\/p>\n<p>\u00a0<\/p>\n<p><strong>**Tipos de certificados**<\/strong><\/p>\n<p>\u00a0<\/p>\n<p><strong>NGI (Gemolog\u00eda Nan Yang)<\/strong><\/p>\n<p>o <strong>Certificados en el extranjero <\/strong>(Yi Pin Qian solo utiliza certificados aut\u00e9nticos de laboratorios extranjeros y tambi\u00e9n controla la calidad de cada uno de nuestros productos antes de ponerlos a la venta en SG)<\/p>\n<p>\u00a0<\/p>\n<p>Todos los productos de TikTok contar\u00e1n con el tipo de certificado que se indica en la descripci\u00f3n. Para cualquier cliente que desee enviar su pedido a NGI Singapur, habr\u00e1 un tiempo de espera para la entrega del pedido estimado de aproximadamente 4 semanas para recibirlo. <strong>Las solicitudes de informes de NGI Gemstone deben realizarse enviando un mensaje a la tienda TikTok de Yi Pin Qian.<\/strong> Gracias, <strong><u>Se aplican tarifas adicionales<\/u><\/strong>.<\/p>\n<p>\u00a0<\/p>\n<p><strong>La jade\u00edta natural no es perfecta, solo un peque\u00f1o recordatorio: nuestra jade\u00edta natural, como todas las cosas hermosas de la naturaleza, tiene sus caracter\u00edsticas y variaciones \u00fanicas. Invitamos a nuestros valiosos clientes a adoptar estas variaciones naturales. \u00a1Felices compras!<\/strong><\/p>\n<p>\u00a0<\/p>\n<p><strong><u>Ninguna de las fotograf\u00edas ni los v\u00eddeos han sido filtrados. Animamos a nuestros clientes a que vean tambi\u00e9n los v\u00eddeos adjuntos para tener una visi\u00f3n m\u00e1s completa de nuestros productos.<\/u><\/strong><\/p>","protected":false},"excerpt":{"rendered":"<p>Este collar colgante de jade\u00edta natural tipo A de color verde claro est\u00e1 elaborado por expertos con la forma de Guanyin de las Mil Manos y viene con un certificado de autenticidad. Con un peso de 48,82 gramos y unas medidas de 57,6 x 57,6 x 7,2 mm, este collar es un s\u00edmbolo de paz, buena suerte y eliminaci\u00f3n de obst\u00e1culos. Fabricado con jade\u00edta de alta calidad de [\u2026]<\/p>","protected":false},"featured_media":5935,"comment_status":"open","ping_status":"closed","template":"","meta":[],"product_brand":[],"product_cat":[194],"product_tag":[],"class_list":{"0":"post-1546","1":"product","2":"type-product","3":"status-publish","4":"has-post-thumbnail","6":"product_cat-value-picks","8":"first","9":"instock","10":"sale","11":"shipping-taxable","12":"purchasable","13":"product-type-simple"},"_links":{"self":[{"href":"https:\/\/shop.yipinqian.com\/es\/wp-json\/wp\/v2\/product\/1546","targetHints":{"allow":["GET"]}}],"collection":[{"href":"https:\/\/shop.yipinqian.com\/es\/wp-json\/wp\/v2\/product"}],"about":[{"href":"https:\/\/shop.yipinqian.com\/es\/wp-json\/wp\/v2\/types\/product"}],"replies":[{"embeddable":true,"href":"https:\/\/shop.yipinqian.com\/es\/wp-json\/wp\/v2\/comments?post=1546"}],"version-history":[{"count":0,"href":"https:\/\/shop.yipinqian.com\/es\/wp-json\/wp\/v2\/product\/1546\/revisions"}],"wp:featuredmedia":[{"embeddable":true,"href":"https:\/\/shop.yipinqian.com\/es\/wp-json\/wp\/v2\/media\/5935"}],"wp:attachment":[{"href":"https:\/\/shop.yipinqian.com\/es\/wp-json\/wp\/v2\/media?parent=1546"}],"wp:term":[{"taxonomy":"product_brand","embeddable":true,"href":"https:\/\/shop.yipinqian.com\/es\/wp-json\/wp\/v2\/product_brand?post=1546"},{"taxonomy":"product_cat","embeddable":true,"href":"https:\/\/shop.yipinqian.com\/es\/wp-json\/wp\/v2\/product_cat?post=1546"},{"taxonomy":"product_tag","embeddable":true,"href":"https:\/\/shop.yipinqian.com\/es\/wp-json\/wp\/v2\/product_tag?post=1546"}],"curies":[{"name":"wp","href":"https:\/\/api.w.org\/{rel}","templated":true}]}}