{"id":1542,"date":"2024-10-24T23:20:01","date_gmt":"2024-10-24T15:20:01","guid":{"rendered":"https:\/\/shop.yipinqian.com\/product\/light-green-natural-type-a-jadeite-jade-crafted-with-shape-of-gourd-as-pendant-certificate-weighs-8-42-grams-measurement-32-9-16-8-4-mmpendant252\/"},"modified":"2025-02-17T00:04:01","modified_gmt":"2025-02-16T16:04:01","slug":"light-green-natural-type-a-jadeite-jade-crafted-with-shape-of-gourd-as-pendant-certificate-weighs-8-42-grams-measurement-32-9-16-8-4-mmpendant252","status":"publish","type":"product","link":"https:\/\/shop.yipinqian.com\/es\/producto\/light-green-natural-type-a-jadeite-jade-crafted-with-shape-of-gourd-as-pendant-certificate-weighs-8-42-grams-measurement-32-9-16-8-4-mmpendant252\/","title":{"rendered":"Light Green Natural Type A Jadeite Jade crafted with shape of Gourd as Pendant, certificate weighs 8.42 grams, measurement 32.9 * 16 * 8.4 mm(pendant252)"},"content":{"rendered":"<p>This Light Green Natural Type A Jadeite Jade pendant is crafted in the shape of a gourd, symbolizing good luck and prosperity.<\/p>\n<p><\/p>\n<p>Certificate numbers: 910979033042<\/p>\n<ul>\n<li>Weighing 8.42 grams, the pendant has a delicate size of 32.9 * 16 * 8.4 mm.<\/li>\n<li>Comes with a certificate verifying its authenticity as Type A Jadeite.<\/li>\n<li>Originating from Myanmar, this piece is perfect for auspicious occasions.<\/li>\n<li>The necklace style is casual, making it suitable for everyday wear or special events.<\/li>\n<\/ul>\n<p><strong>La jade\u00edta natural no es perfecta, solo un peque\u00f1o recordatorio: nuestra jade\u00edta natural, como todas las cosas hermosas de la naturaleza, tiene sus caracter\u00edsticas y variaciones \u00fanicas. Invitamos a nuestros valiosos clientes a adoptar estas variaciones naturales. \u00a1Felices compras!<\/strong><\/p>\n<p><\/p>\n<p><strong><u>Ninguna de las fotograf\u00edas ni los v\u00eddeos han sido filtrados. Animamos a nuestros clientes a que vean tambi\u00e9n los v\u00eddeos adjuntos para tener una visi\u00f3n m\u00e1s completa de nuestros productos.<\/u><\/strong><\/p>","protected":false},"excerpt":{"rendered":"<p>This Light Green Natural Type A Jadeite Jade pendant is crafted in the shape of a gourd, symbolizing good luck and prosperity. Certificate numbers: 910979033042 Weighing 8.42 grams, the pendant has a delicate size of 32.9 * 16 * 8.4 mm. Comes with a certificate verifying its authenticity as Type A Jadeite. Originating from Myanmar, [&hellip;]<\/p>","protected":false},"featured_media":5898,"comment_status":"open","ping_status":"closed","template":"","meta":[],"product_brand":[],"product_cat":[48],"product_tag":[],"class_list":{"0":"post-1542","1":"product","2":"type-product","3":"status-publish","4":"has-post-thumbnail","6":"product_cat-pendants","8":"first","9":"instock","10":"sale","11":"shipping-taxable","12":"purchasable","13":"product-type-simple"},"_links":{"self":[{"href":"https:\/\/shop.yipinqian.com\/es\/wp-json\/wp\/v2\/product\/1542","targetHints":{"allow":["GET"]}}],"collection":[{"href":"https:\/\/shop.yipinqian.com\/es\/wp-json\/wp\/v2\/product"}],"about":[{"href":"https:\/\/shop.yipinqian.com\/es\/wp-json\/wp\/v2\/types\/product"}],"replies":[{"embeddable":true,"href":"https:\/\/shop.yipinqian.com\/es\/wp-json\/wp\/v2\/comments?post=1542"}],"version-history":[{"count":0,"href":"https:\/\/shop.yipinqian.com\/es\/wp-json\/wp\/v2\/product\/1542\/revisions"}],"wp:featuredmedia":[{"embeddable":true,"href":"https:\/\/shop.yipinqian.com\/es\/wp-json\/wp\/v2\/media\/5898"}],"wp:attachment":[{"href":"https:\/\/shop.yipinqian.com\/es\/wp-json\/wp\/v2\/media?parent=1542"}],"wp:term":[{"taxonomy":"product_brand","embeddable":true,"href":"https:\/\/shop.yipinqian.com\/es\/wp-json\/wp\/v2\/product_brand?post=1542"},{"taxonomy":"product_cat","embeddable":true,"href":"https:\/\/shop.yipinqian.com\/es\/wp-json\/wp\/v2\/product_cat?post=1542"},{"taxonomy":"product_tag","embeddable":true,"href":"https:\/\/shop.yipinqian.com\/es\/wp-json\/wp\/v2\/product_tag?post=1542"}],"curies":[{"name":"wp","href":"https:\/\/api.w.org\/{rel}","templated":true}]}}