{"id":1539,"date":"2024-10-24T23:19:57","date_gmt":"2024-10-24T15:19:57","guid":{"rendered":"https:\/\/shop.yipinqian.com\/product\/light-green-natural-type-a-jadeite-jade-crafted-with-frog-and-lotus-as-bracelet-certificate-weigh-9-98-grams-measurement-33-9-14-1-12-3-bracelet23\/"},"modified":"2025-02-24T00:49:54","modified_gmt":"2025-02-23T16:49:54","slug":"light-green-natural-type-a-jadeite-jade-crafted-with-frog-and-lotus-as-bracelet-certificate-weigh-9-98-grams-measurement-33-9-14-1-12-3-bracelet23","status":"publish","type":"product","link":"https:\/\/shop.yipinqian.com\/es\/producto\/light-green-natural-type-a-jadeite-jade-crafted-with-frog-and-lotus-as-bracelet-certificate-weigh-9-98-grams-measurement-33-9-14-1-12-3-bracelet23\/","title":{"rendered":"Jade\u00edta natural tipo A de color verde claro elaborada con rana y loto como pulsera, certificado pesa 9,98 gramos, medida 33,9 * 14,1 * 12,3, (pulsera23)"},"content":{"rendered":"<p>This Light Green Natural Type A Jadeite Jade bracelet features intricate craftsmanship with frog and Lotus designs, exuding elegance and charm.<\/p>\n<p><\/p>\n<p>Certificate numbers: GD2112H007834<\/p>\n<ul>\n<li>\n<strong>Material:<\/strong> Jade\u00edta tipo A<\/li>\n<li>\n<strong>Peso:<\/strong> 9.98 grams<\/li>\n<li>\n<strong>Medidas:<\/strong> 33.9 * 14.1 * 12.3<\/li>\n<li>\n<strong>Certificado:<\/strong> S\u00ed<\/li>\n<li><strong>Tipo de jade: jade\u00edta<\/strong><\/li>\n<\/ul>\n<p><strong>The delicate details of the frog and Lotus add a touch of nature-inspired beauty to this exquisite bracelet, making it a perfect accessory for daily wear.<\/strong><\/p>\n<ul>\n<li><strong>Ocasi\u00f3n: Diaria<\/strong><\/li>\n<li><strong>,<\/strong><\/li>\n<\/ul>\n<p><strong>La jade\u00edta natural no es perfecta, solo un peque\u00f1o recordatorio: nuestra jade\u00edta natural, como todas las cosas hermosas de la naturaleza, tiene sus caracter\u00edsticas y variaciones \u00fanicas. Invitamos a nuestros valiosos clientes a adoptar estas variaciones naturales. \u00a1Felices compras!<\/strong><\/p>\n<p><\/p>\n<p><strong><u>Ninguna de las fotograf\u00edas ni los v\u00eddeos han sido filtrados. Animamos a nuestros clientes a que vean tambi\u00e9n los v\u00eddeos adjuntos para tener una visi\u00f3n m\u00e1s completa de nuestros productos.<\/u><\/strong><\/p>","protected":false},"excerpt":{"rendered":"<p>Esta pulsera de jade\u00edta natural tipo A de color verde claro presenta una intrincada artesan\u00eda con dise\u00f1os de ranas y lotos, que rezuman elegancia y encanto. N\u00fameros de certificado: GD2112H007834 Material: jade\u00edta tipo A Peso: 9,98 gramos Medidas: 33,9 * 14,1 * 12,3 Certificado: S\u00ed Tipo de jade: jade\u00edta Los delicados detalles de la rana y el loto a\u00f1aden un toque de inspiraci\u00f3n natural [\u2026]<\/p>","protected":false},"featured_media":5847,"comment_status":"open","ping_status":"closed","template":"","meta":[],"product_brand":[],"product_cat":[194],"product_tag":[],"class_list":{"0":"post-1539","1":"product","2":"type-product","3":"status-publish","4":"has-post-thumbnail","6":"product_cat-value-picks","8":"first","9":"instock","10":"sale","11":"shipping-taxable","12":"purchasable","13":"product-type-simple"},"_links":{"self":[{"href":"https:\/\/shop.yipinqian.com\/es\/wp-json\/wp\/v2\/product\/1539","targetHints":{"allow":["GET"]}}],"collection":[{"href":"https:\/\/shop.yipinqian.com\/es\/wp-json\/wp\/v2\/product"}],"about":[{"href":"https:\/\/shop.yipinqian.com\/es\/wp-json\/wp\/v2\/types\/product"}],"replies":[{"embeddable":true,"href":"https:\/\/shop.yipinqian.com\/es\/wp-json\/wp\/v2\/comments?post=1539"}],"version-history":[{"count":0,"href":"https:\/\/shop.yipinqian.com\/es\/wp-json\/wp\/v2\/product\/1539\/revisions"}],"wp:featuredmedia":[{"embeddable":true,"href":"https:\/\/shop.yipinqian.com\/es\/wp-json\/wp\/v2\/media\/5847"}],"wp:attachment":[{"href":"https:\/\/shop.yipinqian.com\/es\/wp-json\/wp\/v2\/media?parent=1539"}],"wp:term":[{"taxonomy":"product_brand","embeddable":true,"href":"https:\/\/shop.yipinqian.com\/es\/wp-json\/wp\/v2\/product_brand?post=1539"},{"taxonomy":"product_cat","embeddable":true,"href":"https:\/\/shop.yipinqian.com\/es\/wp-json\/wp\/v2\/product_cat?post=1539"},{"taxonomy":"product_tag","embeddable":true,"href":"https:\/\/shop.yipinqian.com\/es\/wp-json\/wp\/v2\/product_tag?post=1539"}],"curies":[{"name":"wp","href":"https:\/\/api.w.org\/{rel}","templated":true}]}}