{"id":1536,"date":"2024-10-24T23:19:56","date_gmt":"2024-10-24T15:19:56","guid":{"rendered":"https:\/\/shop.yipinqian.com\/product\/light-green-hue-with-a-green-patch-crafted-as-donut-shape-natural-type-a-jadeite-jade-pendant-certificate-weighs-5-61-grams-measurement-24-8-4-5-mm-pendant304\/"},"modified":"2025-01-10T03:29:21","modified_gmt":"2025-01-09T19:29:21","slug":"light-green-hue-with-a-green-patch-crafted-as-donut-shape-natural-type-a-jadeite-jade-pendant-certificate-weighs-5-61-grams-measurement-24-8-4-5-mm-pendant304","status":"publish","type":"product","link":"https:\/\/shop.yipinqian.com\/es\/producto\/light-green-hue-with-a-green-patch-crafted-as-donut-shape-natural-type-a-jadeite-jade-pendant-certificate-weighs-5-61-grams-measurement-24-8-4-5-mm-pendant304\/","title":{"rendered":"Colgante de jade\u00edta-jade tipo A natural en forma de rosquilla de tono verde claro con una mancha verde, certificado con un peso de 5,61 gramos y una medida de 24,8 x 4,5 mm (colgante 304)"},"content":{"rendered":"<p>This exquisite pendant features a light green hue with a unique green patch, crafted from natural Type A Jadeite-Jade. The donut shape adds a touch of elegance to any outfit.<\/p>\n<p><\/p>\n<p>Certificate numbers: GD2112H011125<\/p>\n<p><img fetchpriority=\"high\" decoding=\"async\" src=\"https:\/\/shop.yipinqian.com\/wp-content\/uploads\/2024\/10\/2f59e20f421347f697b2085b9aee701ftplv-aphluv4xwc-origin-jpeg.jpeg?dr=15568&amp;nonce=71244&amp;refresh_token=9dd204d890ad4bf023776275d982f3c3&amp;from=476444299&amp;idc=my&amp;ps=933b5bde&amp;shcp=9b759fb9&amp;shp=1c65f68b&amp;t=555f072d\" width=\"1080\" height=\"1080\"><\/p>\n<ul>\n<li>\n<strong>Peso:<\/strong> 5.61 grams<\/li>\n<li>\n<strong>Medici\u00f3n:<\/strong> 24.8 * 4.5 mm<\/li>\n<li>\n<strong>Certificado incluido:<\/strong> S\u00ed<\/li>\n<li><strong>Tipo de jade: jade\u00edta<\/strong><\/li>\n<li><strong>Type: Unisex This natural jade pendant is sourced from Myanmar, known for its high-quality jade production. An ideal accessory for daily wear, this pendant is perfect for casual necklace styling.<\/strong><\/li>\n<\/ul>\n<p><img decoding=\"async\" src=\"https:\/\/shop.yipinqian.com\/wp-content\/uploads\/2024\/10\/89621a60aad249a081bc49e13d9bbe8dtplv-aphluv4xwc-origin-jpeg.jpeg?dr=15568&amp;nonce=18665&amp;refresh_token=867ee507e88de8839dc0ebd1bccd8fae&amp;from=476444299&amp;idc=my&amp;ps=933b5bde&amp;shcp=9b759fb9&amp;shp=1c65f68b&amp;t=555f072d\" width=\"1080\" height=\"1080\"><\/p>\n<p><strong>La jade\u00edta natural no es perfecta, solo un peque\u00f1o recordatorio: nuestra jade\u00edta natural, como todas las cosas hermosas de la naturaleza, tiene sus caracter\u00edsticas y variaciones \u00fanicas. Invitamos a nuestros valiosos clientes a adoptar estas variaciones naturales. \u00a1Felices compras!<\/strong><\/p>\n<p><\/p>\n<p><strong><u>Ninguna de las fotograf\u00edas ni los v\u00eddeos han sido filtrados. Animamos a nuestros clientes a que vean tambi\u00e9n los v\u00eddeos adjuntos para tener una visi\u00f3n m\u00e1s completa de nuestros productos.<\/u><\/strong><\/p>\n<p><\/p>\n<ul>\n<li>Las diferentes plataformas solo pueden ver videos a trav\u00e9s de la computadora de escritorio<\/li>\n<\/ul>","protected":false},"excerpt":{"rendered":"<p>Este exquisito colgante presenta un tono verde claro con una mancha verde \u00fanica, elaborado a partir de jade\u00edta natural tipo A. La forma de rosquilla agrega un toque de elegancia a cualquier atuendo. N\u00fameros de certificado: GD2112H011125 Peso: 5,61 gramos Medida: 24,8 * 4,5 mm Certificado incluido: S\u00ed Tipo de jade: jade\u00edta Tipo: unisex Este colgante de jade natural se obtiene [\u2026]<\/p>","protected":false},"featured_media":5826,"comment_status":"open","ping_status":"closed","template":"","meta":[],"product_brand":[],"product_cat":[83,126,48],"product_tag":[52,70,79,96,65,82,58,73,75,60,61,62],"class_list":{"0":"post-1536","1":"product","2":"type-product","3":"status-publish","4":"has-post-thumbnail","6":"product_cat-jade-necklaces-pendants","7":"product_cat-new-arrivals","8":"product_cat-pendants","9":"product_tag-certified","10":"product_tag-green","11":"product_tag-green-hue","12":"product_tag-green-patches","13":"product_tag-high-quality","14":"product_tag-light-green","15":"product_tag-new-arrivals","16":"product_tag-pendant","17":"product_tag-traditional","18":"product_tag-type-a-jadeite","19":"product_tag-unisex","20":"product_tag-yi-pin-qian-exclusive","22":"first","23":"instock","24":"sale","25":"shipping-taxable","26":"purchasable","27":"product-type-simple"},"_links":{"self":[{"href":"https:\/\/shop.yipinqian.com\/es\/wp-json\/wp\/v2\/product\/1536","targetHints":{"allow":["GET"]}}],"collection":[{"href":"https:\/\/shop.yipinqian.com\/es\/wp-json\/wp\/v2\/product"}],"about":[{"href":"https:\/\/shop.yipinqian.com\/es\/wp-json\/wp\/v2\/types\/product"}],"replies":[{"embeddable":true,"href":"https:\/\/shop.yipinqian.com\/es\/wp-json\/wp\/v2\/comments?post=1536"}],"version-history":[{"count":0,"href":"https:\/\/shop.yipinqian.com\/es\/wp-json\/wp\/v2\/product\/1536\/revisions"}],"wp:featuredmedia":[{"embeddable":true,"href":"https:\/\/shop.yipinqian.com\/es\/wp-json\/wp\/v2\/media\/5826"}],"wp:attachment":[{"href":"https:\/\/shop.yipinqian.com\/es\/wp-json\/wp\/v2\/media?parent=1536"}],"wp:term":[{"taxonomy":"product_brand","embeddable":true,"href":"https:\/\/shop.yipinqian.com\/es\/wp-json\/wp\/v2\/product_brand?post=1536"},{"taxonomy":"product_cat","embeddable":true,"href":"https:\/\/shop.yipinqian.com\/es\/wp-json\/wp\/v2\/product_cat?post=1536"},{"taxonomy":"product_tag","embeddable":true,"href":"https:\/\/shop.yipinqian.com\/es\/wp-json\/wp\/v2\/product_tag?post=1536"}],"curies":[{"name":"wp","href":"https:\/\/api.w.org\/{rel}","templated":true}]}}