{"id":1533,"date":"2024-10-24T23:19:55","date_gmt":"2024-10-24T15:19:55","guid":{"rendered":"https:\/\/shop.yipinqian.com\/product\/light-green-hue-natural-type-a-jadeite-jade-crafted-with-3-sheeps-and-pixiu-hollow-old-school-style-as-a-pendant-with-certificate-weigh-30-99-grams-measurement-56-5-55-2-6-mm-pendant203\/"},"modified":"2025-02-24T00:49:54","modified_gmt":"2025-02-23T16:49:54","slug":"light-green-hue-natural-type-a-jadeite-jade-crafted-with-3-sheeps-and-pixiu-hollow-old-school-style-as-a-pendant-with-certificate-weigh-30-99-grams-measurement-56-5-55-2-6-mm-pendant203","status":"publish","type":"product","link":"https:\/\/shop.yipinqian.com\/es\/producto\/light-green-hue-natural-type-a-jadeite-jade-crafted-with-3-sheeps-and-pixiu-hollow-old-school-style-as-a-pendant-with-certificate-weigh-30-99-grams-measurement-56-5-55-2-6-mm-pendant203\/","title":{"rendered":"Jade\u00edta natural tipo A de tono verde claro elaborado con 3 ovejas y Pixiu Hollow estilo vieja escuela como colgante con certificado pesa 30,99 gramos, medida 56,5 * 55,2 * 6 mm (colgante 203)"},"content":{"rendered":"<p>Este colgante de jade\u00edta natural tipo A en tono verde claro es una hermosa incorporaci\u00f3n a su colecci\u00f3n de joyas. Elaborado con 3 ovejas y un estilo antiguo de Pixiu Hollow, este colgante es una combinaci\u00f3n perfecta de estilo tradicional y moderno.<\/p>\n<p><\/p>\n<p>N\u00fameros de certificado: SZ19284014<\/p>\n<ul>\n<li>\n<strong>Jade\u00edta natural tipo A:<\/strong> Fabricado con jade\u00edta natural tipo A de alta calidad, este colgante tiene un brillo y una textura atractivos que lo hacen destacar.<\/li>\n<li>\n<strong>Certificado:<\/strong> Este colgante viene con un certificado de autenticidad, lo que garantiza que obtendr\u00e1 jade jade\u00edta genuino.<\/li>\n<li>\n<strong>Dise\u00f1o unisex:<\/strong> El dise\u00f1o unisex de este collar lo hace adecuado para cualquier persona. Puede ser un regalo ideal tanto para hombres como para mujeres.<\/li>\n<\/ul>\n<p>El tono verde claro le aporta elegancia al collar, lo que lo hace perfecto para el uso diario. El estilo informal del collar garantiza que puedas combinarlo con cualquier atuendo de tu guardarropa sin dudarlo.<\/p>\n<ul>\n<li>\n<strong>Pa\u00eds natal:<\/strong> Este collar tiene su origen en Myanmar, donde se encuentran en abundancia jades jade\u00edtas naturales tipo A de la mejor calidad.<\/li>\n<\/ul>\n<p>\u00a1Agregue un poco de encanto a su colecci\u00f3n de joyas adquiriendo hoy mismo uno de estos colgantes de jade\u00edta natural tipo A en tono verde claro!<\/p>\n<p>.<\/p>\n<p>Yi Pin Qian \u2013 Comerciante de piedras preciosas y metales preciosos en Singapur \u2013 N\u00famero de licencia PS20190000031<\/p>\n<p><\/p>\n<p>*Todos los jade\u00edtas comprados a Yi Pin Qian en Singapur, los clientes pueden reservar espacios para pulirlos o hacer reparaciones menores por mal manejo; se aplican tarifas y solo para los clientes de Yi Pin Qian en Singapur*<\/p>\n<p><\/p>\n<p><strong>**Tipos de certificados**<\/strong><\/p>\n<p><\/p>\n<p><strong>NGI (Gemolog\u00eda Nan Yang)<\/strong><\/p>\n<p>o <strong>Certificados en el extranjero <\/strong>(Yi Pin Qian solo utiliza certificados aut\u00e9nticos de laboratorios extranjeros y tambi\u00e9n controla la calidad de cada uno de nuestros productos antes de ponerlos a la venta en SG)<\/p>\n<p><\/p>\n<p>Todos los productos de TikTok contar\u00e1n con el tipo de certificado que se indica en la descripci\u00f3n. Para cualquier cliente que desee enviar su pedido a NGI Singapur, habr\u00e1 un tiempo de espera para la entrega del pedido estimado de aproximadamente 4 semanas para recibirlo. <strong>Las solicitudes de informes de NGI Gemstone deben realizarse enviando un mensaje a la tienda TikTok de Yi Pin Qian.<\/strong> Gracias, <strong><u>Se aplican tarifas adicionales<\/u><\/strong>.<\/p>\n<p><\/p>\n<p><strong>La jade\u00edta natural no es perfecta, solo un peque\u00f1o recordatorio: nuestra jade\u00edta natural, como todas las cosas hermosas de la naturaleza, tiene sus caracter\u00edsticas y variaciones \u00fanicas. Invitamos a nuestros valiosos clientes a adoptar estas variaciones naturales. \u00a1Felices compras!<\/strong><\/p>\n<p><\/p>\n<p><strong><u>Ninguna de las fotograf\u00edas ni los v\u00eddeos han sido filtrados. Animamos a nuestros clientes a que vean tambi\u00e9n los v\u00eddeos adjuntos para tener una visi\u00f3n m\u00e1s completa de nuestros productos.<\/u><\/strong><\/p>","protected":false},"excerpt":{"rendered":"<p>Este colgante de jade\u00edta natural tipo A en tono verde claro es una hermosa incorporaci\u00f3n a su colecci\u00f3n de joyas. Elaborado con 3 ovejas y un estilo de la vieja escuela hueco de Pixiu, este colgante es una combinaci\u00f3n perfecta de estilo tradicional y moderno. N\u00fameros de certificado: SZ19284014 Jade\u00edta natural tipo A: elaborado con jade\u00edta natural tipo A de alta calidad, [\u2026]<\/p>","protected":false},"featured_media":5785,"comment_status":"open","ping_status":"closed","template":"","meta":[],"product_brand":[],"product_cat":[194],"product_tag":[],"class_list":{"0":"post-1533","1":"product","2":"type-product","3":"status-publish","4":"has-post-thumbnail","6":"product_cat-value-picks","8":"first","9":"instock","10":"sale","11":"shipping-taxable","12":"purchasable","13":"product-type-simple"},"_links":{"self":[{"href":"https:\/\/shop.yipinqian.com\/es\/wp-json\/wp\/v2\/product\/1533","targetHints":{"allow":["GET"]}}],"collection":[{"href":"https:\/\/shop.yipinqian.com\/es\/wp-json\/wp\/v2\/product"}],"about":[{"href":"https:\/\/shop.yipinqian.com\/es\/wp-json\/wp\/v2\/types\/product"}],"replies":[{"embeddable":true,"href":"https:\/\/shop.yipinqian.com\/es\/wp-json\/wp\/v2\/comments?post=1533"}],"version-history":[{"count":0,"href":"https:\/\/shop.yipinqian.com\/es\/wp-json\/wp\/v2\/product\/1533\/revisions"}],"wp:featuredmedia":[{"embeddable":true,"href":"https:\/\/shop.yipinqian.com\/es\/wp-json\/wp\/v2\/media\/5785"}],"wp:attachment":[{"href":"https:\/\/shop.yipinqian.com\/es\/wp-json\/wp\/v2\/media?parent=1533"}],"wp:term":[{"taxonomy":"product_brand","embeddable":true,"href":"https:\/\/shop.yipinqian.com\/es\/wp-json\/wp\/v2\/product_brand?post=1533"},{"taxonomy":"product_cat","embeddable":true,"href":"https:\/\/shop.yipinqian.com\/es\/wp-json\/wp\/v2\/product_cat?post=1533"},{"taxonomy":"product_tag","embeddable":true,"href":"https:\/\/shop.yipinqian.com\/es\/wp-json\/wp\/v2\/product_tag?post=1533"}],"curies":[{"name":"wp","href":"https:\/\/api.w.org\/{rel}","templated":true}]}}