{"id":1531,"date":"2024-10-24T23:19:54","date_gmt":"2024-10-24T15:19:54","guid":{"rendered":"https:\/\/shop.yipinqian.com\/product\/high-quality-light-green-hue-icy-translucent-natural-type-a-jadeite-jade-crafted-as-amitabha-to-wear-as-pendant-certificate-weighs-18-67-grams-measurement-61-2-24-2-6-2-mm-pendant281\/"},"modified":"2025-02-24T01:17:30","modified_gmt":"2025-02-23T17:17:30","slug":"high-quality-light-green-hue-icy-translucent-natural-type-a-jadeite-jade-crafted-as-amitabha-to-wear-as-pendant-certificate-weighs-18-67-grams-measurement-61-2-24-2-6-2-mm-pendant281","status":"publish","type":"product","link":"https:\/\/shop.yipinqian.com\/es\/producto\/high-quality-light-green-hue-icy-translucent-natural-type-a-jadeite-jade-crafted-as-amitabha-to-wear-as-pendant-certificate-weighs-18-67-grams-measurement-61-2-24-2-6-2-mm-pendant281\/","title":{"rendered":"Jade\u00edta natural transl\u00facida helada de tono verde claro tipo A, jade\u00edta elaborado como Amit\u0101bha para usar como colgante, el certificado pesa 18,67 gramos (pendant281)"},"content":{"rendered":"<p>Este colgante de jade\u00edta natural tipo A transl\u00facido helado de tono verde claro de alta calidad, elaborado por Amitabha, irradia elegancia y belleza.<\/p>\n<p>\u00a0<\/p>\n<p>N\u00fameros de certificado: 920350021933<\/p>\n<p><img fetchpriority=\"high\" decoding=\"async\" height=\"1080\" src=\"https:\/\/shop.yipinqian.com\/wp-content\/uploads\/2024\/10\/f5b18091e0bd487ef599cebcd23bd4f0.jpg?from=476444299\" width=\"1080\"><\/p>\n<ul>\n<li>\n<strong>Artesan\u00eda exquisita:<\/strong> Meticulosamente tallado a la perfecci\u00f3n con impresionantes detalles.<\/li>\n<li>\n<strong>Belleza natural:<\/strong> Una pieza genuina de jade\u00edta tipo A que muestra un hermoso tono verde claro.<\/li>\n<li>\n<strong>Certificado incluido:<\/strong> Viene con un certificado que verifica la autenticidad del jade.<\/li>\n<\/ul>\n<p><img decoding=\"async\" height=\"1080\" src=\"https:\/\/shop.yipinqian.com\/wp-content\/uploads\/2024\/10\/51b5685ca5ccd9a75b5038dce1ef8525.jpg?from=476444299\" width=\"1080\"><img decoding=\"async\" height=\"1080\" src=\"https:\/\/shop.yipinqian.com\/wp-content\/uploads\/2024\/10\/17756c89f5a53046e658eb57cf12f9b1.jpg?from=476444299\" width=\"1080\"><\/p>\n<p>Con un peso de 18,67 gramos y unas medidas de 61,2 x 24,2 x 6,2 mm, este colgante es una aut\u00e9ntica obra maestra de Myanmar, perfecto para cualquier ocasi\u00f3n auspiciosa.<\/p>\n<ul>\n<li>El dise\u00f1o unisex lo hace adecuado para todos los g\u00e9neros.<\/li>\n<\/ul>\n<p>Este accesorio de collar de estilo casual no viene con garant\u00eda, pero ofrece un encanto y una sofisticaci\u00f3n atemporales para cualquier atuendo u ocasi\u00f3n que adorne.<\/p>\n<p>\u00a0<\/p>\n<p>Yi Pin Qian \u2013 Comerciante de piedras preciosas y metales preciosos en Singapur \u2013 N\u00famero de licencia PS20190000031<\/p>\n<p>\u00a0<\/p>\n<p>*Todos los jade\u00edtas comprados a Yi Pin Qian en Singapur, los clientes pueden reservar espacios para pulirlos o hacer reparaciones menores por mal manejo; se aplican tarifas y solo para los clientes de Yi Pin Qian en Singapur*<\/p>\n<p>\u00a0<\/p>\n<p><strong>**Tipos de certificados**<\/strong><\/p>\n<p>\u00a0<\/p>\n<p><strong>NGI (Gemolog\u00eda Nan Yang)<\/strong><\/p>\n<p>o <strong>Certificados en el extranjero <\/strong>(Yi Pin Qian solo utiliza certificados aut\u00e9nticos de laboratorios extranjeros y tambi\u00e9n controla la calidad de cada uno de nuestros productos antes de ponerlos a la venta en SG)<\/p>\n<p>\u00a0<\/p>\n<p>Todos los productos de TikTok contar\u00e1n con el tipo de certificado que se indica en la descripci\u00f3n. Para cualquier cliente que desee enviar su pedido a NGI Singapur, habr\u00e1 un tiempo de espera para la entrega del pedido estimado de aproximadamente 4 semanas para recibirlo. <strong>Las solicitudes de informes de NGI Gemstone deben realizarse enviando un mensaje a la tienda TikTok de Yi Pin Qian.<\/strong> Gracias, <strong><u>Se aplican tarifas adicionales<\/u><\/strong>.<\/p>\n<p>\u00a0<\/p>\n<p><strong>La jade\u00edta natural no es perfecta, solo un peque\u00f1o recordatorio: nuestra jade\u00edta natural, como todas las cosas hermosas de la naturaleza, tiene sus caracter\u00edsticas y variaciones \u00fanicas. Invitamos a nuestros valiosos clientes a adoptar estas variaciones naturales. \u00a1Felices compras!<\/strong><\/p>\n<p>\u00a0<\/p>\n<p><strong><u>Ninguna de las fotograf\u00edas ni los v\u00eddeos han sido filtrados. Animamos a nuestros clientes a que vean tambi\u00e9n los v\u00eddeos adjuntos para tener una visi\u00f3n m\u00e1s completa de nuestros productos.<\/u><\/strong><\/p>\n<p>\u00a0<\/p>\n<ul>\n<li>Las diferentes plataformas solo pueden ver videos a trav\u00e9s de la computadora de escritorio<\/li>\n<\/ul>","protected":false},"excerpt":{"rendered":"<p>This High-Quality Light Green Hue Icy Translucent Natural Type A Jadeite Jade pendant, crafted as Amitabha, exudes elegance and beauty. \u00a0 Certificate numbers: 920350021933 Exquisite Craftsmanship: Meticulously carved to perfection with stunning details. Natural Beauty: A genuine piece of Type A Jadeite displaying a beautiful light green hue. Certificate Included: Comes with a certificate verifying [&hellip;]<\/p>","protected":false},"featured_media":5757,"comment_status":"open","ping_status":"closed","template":"","meta":[],"product_brand":[],"product_cat":[195],"product_tag":[52,53,65,54,55,56,58,59,60,61,62],"class_list":{"0":"post-1531","1":"product","2":"type-product","3":"status-publish","4":"has-post-thumbnail","6":"product_cat-heirloom-grade","7":"product_tag-certified","8":"product_tag-fine-quality","9":"product_tag-high-quality","10":"product_tag-icy","11":"product_tag-jadeite","12":"product_tag-limited-editions","13":"product_tag-new-arrivals","14":"product_tag-translucent","15":"product_tag-type-a-jadeite","16":"product_tag-unisex","17":"product_tag-yi-pin-qian-exclusive","19":"first","20":"instock","21":"sale","22":"shipping-taxable","23":"purchasable","24":"product-type-simple"},"_links":{"self":[{"href":"https:\/\/shop.yipinqian.com\/es\/wp-json\/wp\/v2\/product\/1531","targetHints":{"allow":["GET"]}}],"collection":[{"href":"https:\/\/shop.yipinqian.com\/es\/wp-json\/wp\/v2\/product"}],"about":[{"href":"https:\/\/shop.yipinqian.com\/es\/wp-json\/wp\/v2\/types\/product"}],"replies":[{"embeddable":true,"href":"https:\/\/shop.yipinqian.com\/es\/wp-json\/wp\/v2\/comments?post=1531"}],"version-history":[{"count":0,"href":"https:\/\/shop.yipinqian.com\/es\/wp-json\/wp\/v2\/product\/1531\/revisions"}],"wp:featuredmedia":[{"embeddable":true,"href":"https:\/\/shop.yipinqian.com\/es\/wp-json\/wp\/v2\/media\/5757"}],"wp:attachment":[{"href":"https:\/\/shop.yipinqian.com\/es\/wp-json\/wp\/v2\/media?parent=1531"}],"wp:term":[{"taxonomy":"product_brand","embeddable":true,"href":"https:\/\/shop.yipinqian.com\/es\/wp-json\/wp\/v2\/product_brand?post=1531"},{"taxonomy":"product_cat","embeddable":true,"href":"https:\/\/shop.yipinqian.com\/es\/wp-json\/wp\/v2\/product_cat?post=1531"},{"taxonomy":"product_tag","embeddable":true,"href":"https:\/\/shop.yipinqian.com\/es\/wp-json\/wp\/v2\/product_tag?post=1531"}],"curies":[{"name":"wp","href":"https:\/\/api.w.org\/{rel}","templated":true}]}}