{"id":1529,"date":"2024-10-24T23:19:53","date_gmt":"2024-10-24T15:19:53","guid":{"rendered":"https:\/\/shop.yipinqian.com\/product\/light-green-good-translucent-natural-type-a-jadeite-jade-crafted-with-guanyin-18k-gold-clasps-as-pendant-certificate-weighs-6-36-grams-measurement-32-2-21-5-8-mm-18kp49\/"},"modified":"2025-02-17T00:03:59","modified_gmt":"2025-02-16T16:03:59","slug":"light-green-good-translucent-natural-type-a-jadeite-jade-crafted-with-guanyin-18k-gold-clasps-as-pendant-certificate-weighs-6-36-grams-measurement-32-2-21-5-8-mm-18kp49","status":"publish","type":"product","link":"https:\/\/shop.yipinqian.com\/es\/producto\/light-green-good-translucent-natural-type-a-jadeite-jade-crafted-with-guanyin-18k-gold-clasps-as-pendant-certificate-weighs-6-36-grams-measurement-32-2-21-5-8-mm-18kp49\/","title":{"rendered":"Light Green Good Translucent Natural Type A Jadeite Jade crafted with Guanyin 18k gold clasps as Pendant, certificate weighs 6.36 grams, measurement 32.2 * 21 * 5.8 mm (18kp49)"},"content":{"rendered":"<p>This exquisite pendant features a Light Green Good Translucent Natural Type A Jadeite Jade, accented with Guanyin 18k gold clasp.<\/p>\n<p>\u00a0<\/p>\n<p>Note: Customer buying this pendant can use thin chain to wear the pendant.<\/p>\n<p>\u00a0<\/p>\n<p>Certificate numbers: GD2110H007655<\/p>\n<p><img fetchpriority=\"high\" decoding=\"async\" height=\"1080\" src=\"https:\/\/shop.yipinqian.com\/wp-content\/uploads\/2024\/10\/0a9792cfc52bedc648a9fe93b624bb1d.jpg?from=476444299\" width=\"1080\"><\/p>\n<ul>\n<li>\n<strong>Material:<\/strong> Crafted with high-quality Type A Jadeite Jade and 18k gold clasps<\/li>\n<li>\n<strong>Certificado:<\/strong> Viene con un certificado<\/li>\n<li>\n<strong>Peso:<\/strong> 6.36 grams<\/li>\n<li>\n<strong>Medidas:<\/strong> 32.2 * 21 * 5.8 mm<\/li>\n<li><strong>Jade Type: A precious variety of natural jade, known for its beauty and durability.<\/strong><\/li>\n<li><strong>Total Weight: The jade pendant weighs a total of 6.36 grams.<\/strong><\/li>\n<li><strong>This stunning piece is perfect for those seeking an auspicious accessory that exudes elegance and charm.<\/strong><\/li>\n<li><strong>El g\u00e9nero:<\/strong><\/li>\n<li><strong>A versatile piece suitable for both men and women. The Country of Origin:<\/strong><\/li>\n<li><strong>Proudly sourced from Myanmar. The Occasion:<\/strong><\/li>\n<li><strong>Suitable for everyday wear as well as special occasions. The Warranty Type: Elevate your style with this casual necklace that showcases the beauty of natural jadeite in a timeless design!<\/strong><\/li>\n<\/ul>\n<p>Yi Pin Qian \u2013 Comerciante de piedras preciosas y metales preciosos en Singapur \u2013 N\u00famero de licencia PS20190000031<\/p>\n<p>\u00a0<\/p>\n<p>*Todos los jade\u00edtas comprados a Yi Pin Qian en Singapur, los clientes pueden reservar espacios para pulirlos o hacer reparaciones menores por mal manejo; se aplican tarifas y solo para los clientes de Yi Pin Qian en Singapur*<\/p>\n<p>\u00a0<\/p>\n<p><strong>**Tipos de certificados**<\/strong><\/p>\n<p>\u00a0<\/p>\n<p><strong>NGI (Gemolog\u00eda Nan Yang)<\/strong><\/p>\n<p>o <strong>Certificados en el extranjero <\/strong>(Yi Pin Qian solo utiliza certificados aut\u00e9nticos de laboratorios extranjeros y tambi\u00e9n controla la calidad de cada uno de nuestros productos antes de ponerlos a la venta en SG)<\/p>\n<p>\u00a0<\/p>\n<p>Todos los productos de TikTok contar\u00e1n con el tipo de certificado que se indica en la descripci\u00f3n. Para cualquier cliente que desee enviar su pedido a NGI Singapur, habr\u00e1 un tiempo de espera para la entrega del pedido estimado de aproximadamente 4 semanas para recibirlo. <strong>Las solicitudes de informes de NGI Gemstone deben realizarse enviando un mensaje a la tienda TikTok de Yi Pin Qian.<\/strong> Gracias, <strong><u>Se aplican tarifas adicionales<\/u><\/strong>.<\/p>\n<p>\u00a0<\/p>\n<p><strong>La jade\u00edta natural no es perfecta, solo un peque\u00f1o recordatorio: nuestra jade\u00edta natural, como todas las cosas hermosas de la naturaleza, tiene sus caracter\u00edsticas y variaciones \u00fanicas. Invitamos a nuestros valiosos clientes a adoptar estas variaciones naturales. \u00a1Felices compras!<\/strong><\/p>\n<p>\u00a0<\/p>\n<p><strong><u>Ninguna de las fotograf\u00edas ni los v\u00eddeos han sido filtrados. Animamos a nuestros clientes a que vean tambi\u00e9n los v\u00eddeos adjuntos para tener una visi\u00f3n m\u00e1s completa de nuestros productos.<\/u><\/strong><\/p>","protected":false},"excerpt":{"rendered":"<p>This exquisite pendant features a Light Green Good Translucent Natural Type A Jadeite Jade, accented with Guanyin 18k gold clasp. \u00a0 Note: Customer buying this pendant can use thin chain to wear the pendant. \u00a0 Certificate numbers: GD2110H007655 Material: Crafted with high-quality Type A Jadeite Jade and 18k gold clasps Certificate: Comes with a certificate [&hellip;]<\/p>","protected":false},"featured_media":5718,"comment_status":"open","ping_status":"closed","template":"","meta":[],"product_brand":[],"product_cat":[120,48],"product_tag":[50,52,69,107,65,55,73,75,59,60,61,62],"class_list":{"0":"post-1529","1":"product","2":"type-product","3":"status-publish","4":"has-post-thumbnail","6":"product_cat-18k-gold-setting-pendants","7":"product_cat-pendants","8":"product_tag-18k-gold","9":"product_tag-certified","10":"product_tag-clasp","11":"product_tag-guanyin","12":"product_tag-high-quality","13":"product_tag-jadeite","14":"product_tag-pendant","15":"product_tag-traditional","16":"product_tag-translucent","17":"product_tag-type-a-jadeite","18":"product_tag-unisex","19":"product_tag-yi-pin-qian-exclusive","21":"first","22":"instock","23":"sale","24":"shipping-taxable","25":"purchasable","26":"product-type-simple"},"_links":{"self":[{"href":"https:\/\/shop.yipinqian.com\/es\/wp-json\/wp\/v2\/product\/1529","targetHints":{"allow":["GET"]}}],"collection":[{"href":"https:\/\/shop.yipinqian.com\/es\/wp-json\/wp\/v2\/product"}],"about":[{"href":"https:\/\/shop.yipinqian.com\/es\/wp-json\/wp\/v2\/types\/product"}],"replies":[{"embeddable":true,"href":"https:\/\/shop.yipinqian.com\/es\/wp-json\/wp\/v2\/comments?post=1529"}],"version-history":[{"count":0,"href":"https:\/\/shop.yipinqian.com\/es\/wp-json\/wp\/v2\/product\/1529\/revisions"}],"wp:featuredmedia":[{"embeddable":true,"href":"https:\/\/shop.yipinqian.com\/es\/wp-json\/wp\/v2\/media\/5718"}],"wp:attachment":[{"href":"https:\/\/shop.yipinqian.com\/es\/wp-json\/wp\/v2\/media?parent=1529"}],"wp:term":[{"taxonomy":"product_brand","embeddable":true,"href":"https:\/\/shop.yipinqian.com\/es\/wp-json\/wp\/v2\/product_brand?post=1529"},{"taxonomy":"product_cat","embeddable":true,"href":"https:\/\/shop.yipinqian.com\/es\/wp-json\/wp\/v2\/product_cat?post=1529"},{"taxonomy":"product_tag","embeddable":true,"href":"https:\/\/shop.yipinqian.com\/es\/wp-json\/wp\/v2\/product_tag?post=1529"}],"curies":[{"name":"wp","href":"https:\/\/api.w.org\/{rel}","templated":true}]}}