{"id":15242,"date":"2024-12-22T18:21:17","date_gmt":"2024-12-22T10:21:17","guid":{"rendered":"https:\/\/shop.yipinqian.com\/green-cicada-pendant-natural-type-a-jadeite-jade-certificate-weighs-3-04-grams-measurement-23-4-12-3-6-mm-pendant390\/"},"modified":"2025-02-24T00:49:44","modified_gmt":"2025-02-23T16:49:44","slug":"green-cicada-pendant-natural-type-a-jadeite-jade-certificate-weighs-3-04-grams-measurement-23-4-12-3-6-mm-pendant390","status":"publish","type":"product","link":"https:\/\/shop.yipinqian.com\/es\/producto\/green-cicada-pendant-natural-type-a-jadeite-jade-certificate-weighs-3-04-grams-measurement-23-4-12-3-6-mm-pendant390\/","title":{"rendered":"Colgante de cigarra verde, jade\u00edta natural tipo A, certificado de jade, pesa 3,04 gramos, medida 23,4 * 12,3 * 6 mm (colgante 390)"},"content":{"rendered":"<p><iframe title=\"Green Cicada Pendant\" src=\"https:\/\/youtube.com\/embed\/yhHpjBB9474\" width=\"330\" height=\"300\"><\/iframe><br \/>\nIntroducing the exquisite Green Cicada Pendant, crafted from Natural Type A Jadeite Jade, perfect for any jewelry enthusiast.<\/p>\n<p>Certificate numbers: 920660035568<\/p>\n<ul>\n<li><strong>Authentic Materials:<\/strong> Made from genuine Type A Jadeite jade, ensuring high quality and durability.<\/li>\n<li><strong>Presupuesto:<\/strong> Weighs 3.04 grams with dimensions of 23.4 * 12.3 * 6 mm.<\/li>\n<li><strong>Importancia cultural:<\/strong> Simboliza auspiciosidad y buena fortuna.<\/li>\n<li><strong>Cerification Included:<\/strong> Comes with a certificate of authenticity for added assurance.<\/li>\n<\/ul>\n<p>This unisex pendant is ideal for casual wear and is sourced from Myanmar, embodying both elegance and cultural richness without warranty concerns.<\/p>\n<p>Yi Pin Qian \u2013 Comerciante de piedras preciosas y metales preciosos en Singapur \u2013 N\u00famero de licencia PS20190000031<\/p>\n<p>*Todos los jade\u00edtas comprados a Yi Pin Qian en Singapur, los clientes pueden reservar espacios para pulirlos o hacer reparaciones menores por mal manejo; se aplican tarifas y solo para los clientes de Yi Pin Qian en Singapur*<\/p>\n<p><strong>**Tipos de certificados**<\/strong><\/p>\n<p><strong>NGI (Gemolog\u00eda Nan Yang)<\/strong><\/p>\n<p>o <strong>Certificados en el extranjero <\/strong>(Yi Pin Qian solo utiliza certificados aut\u00e9nticos de laboratorios extranjeros y tambi\u00e9n controla la calidad de cada uno de nuestros productos antes de ponerlos a la venta en SG)<\/p>\n<p>Cada producto tendr\u00e1 el tipo de certificado proporcionado indicado en la descripci\u00f3n. Para cualquier cliente que desee enviar su pedido a NGI Singapur, <strong>Las solicitudes de informes de NGI Gemstone deben realizarse envi\u00e1ndonos un mensaje.<\/strong> Gracias, <strong><u>Se aplican tarifas adicionales<\/u><\/strong> \u2013 $90 para jade\u00edta \/ $150 para jade\u00edta con oro de 18k \/ $150 para cuentas de jade\u00edta \u2013 no es obligatorio ya que la mayor\u00eda de nuestros productos ya vienen con certificado extranjero o informe NGI.<\/p>\n<p>(Para m\u00e1s detalles o solicitud adicional: <strong>Env\u00edenos un mensaje si desea enviar el art\u00edculo comprado al laboratorio de pruebas de NGI.<\/strong>)<\/p>\n<p><strong>La jade\u00edta natural no es perfecta, solo un peque\u00f1o recordatorio: nuestra jade\u00edta natural, como todas las cosas hermosas de la naturaleza, tiene sus caracter\u00edsticas y variaciones \u00fanicas. Invitamos a nuestros valiosos clientes a adoptar estas variaciones naturales. \u00a1Felices compras!<\/strong><\/p>\n<p><strong><u>Ninguna de las fotograf\u00edas ni los v\u00eddeos han sido filtrados. Animamos a nuestros clientes a que vean tambi\u00e9n los v\u00eddeos adjuntos para tener una visi\u00f3n m\u00e1s completa de nuestros productos.<\/u><\/strong><\/p>\n<ul>\n<li>Las diferentes plataformas solo pueden ver videos a trav\u00e9s de la computadora de escritorio<\/li>\n<\/ul>","protected":false},"excerpt":{"rendered":"<p>Introducing the exquisite Green Cicada Pendant, crafted from Natural Type A Jadeite Jade, perfect for any jewelry enthusiast. Certificate numbers: 920660035568 Authentic Materials: Made from genuine Type A Jadeite jade, ensuring high quality and durability. Specifications: Weighs 3.04 grams with dimensions of 23.4 * 12.3 * 6 mm. Cultural Significance: Symbolizes auspiciousness and good fortune. [&hellip;]<\/p>","protected":false},"featured_media":15250,"comment_status":"open","ping_status":"closed","template":"","meta":[],"product_brand":[],"product_cat":[194],"product_tag":[52,70,55,56,58,73,60,61],"class_list":{"0":"post-15242","1":"product","2":"type-product","3":"status-publish","4":"has-post-thumbnail","6":"product_cat-value-picks","7":"product_tag-certified","8":"product_tag-green","9":"product_tag-jadeite","10":"product_tag-limited-editions","11":"product_tag-new-arrivals","12":"product_tag-pendant","13":"product_tag-type-a-jadeite","14":"product_tag-unisex","16":"first","17":"instock","18":"sale","19":"shipping-taxable","20":"purchasable","21":"product-type-simple"},"_links":{"self":[{"href":"https:\/\/shop.yipinqian.com\/es\/wp-json\/wp\/v2\/product\/15242","targetHints":{"allow":["GET"]}}],"collection":[{"href":"https:\/\/shop.yipinqian.com\/es\/wp-json\/wp\/v2\/product"}],"about":[{"href":"https:\/\/shop.yipinqian.com\/es\/wp-json\/wp\/v2\/types\/product"}],"replies":[{"embeddable":true,"href":"https:\/\/shop.yipinqian.com\/es\/wp-json\/wp\/v2\/comments?post=15242"}],"version-history":[{"count":0,"href":"https:\/\/shop.yipinqian.com\/es\/wp-json\/wp\/v2\/product\/15242\/revisions"}],"wp:featuredmedia":[{"embeddable":true,"href":"https:\/\/shop.yipinqian.com\/es\/wp-json\/wp\/v2\/media\/15250"}],"wp:attachment":[{"href":"https:\/\/shop.yipinqian.com\/es\/wp-json\/wp\/v2\/media?parent=15242"}],"wp:term":[{"taxonomy":"product_brand","embeddable":true,"href":"https:\/\/shop.yipinqian.com\/es\/wp-json\/wp\/v2\/product_brand?post=15242"},{"taxonomy":"product_cat","embeddable":true,"href":"https:\/\/shop.yipinqian.com\/es\/wp-json\/wp\/v2\/product_cat?post=15242"},{"taxonomy":"product_tag","embeddable":true,"href":"https:\/\/shop.yipinqian.com\/es\/wp-json\/wp\/v2\/product_tag?post=15242"}],"curies":[{"name":"wp","href":"https:\/\/api.w.org\/{rel}","templated":true}]}}