{"id":1523,"date":"2024-10-24T23:19:50","date_gmt":"2024-10-24T15:19:50","guid":{"rendered":"https:\/\/shop.yipinqian.com\/product\/light-green-and-white-natural-type-a-jadeite-pendant-necklace-crafted-as-domineering-dragon-water-absorbing-pendant-symbols-of-rise-to-prominence-certificate-included-weigh-43-48-grams-56-5-36-8-13-4\/"},"modified":"2025-02-17T00:03:58","modified_gmt":"2025-02-16T16:03:58","slug":"light-green-and-white-natural-type-a-jadeite-pendant-necklace-crafted-as-domineering-dragon-water-absorbing-pendant-symbols-of-rise-to-prominence-certificate-included-weigh-43-48-grams-56-5-36-8-13-4","status":"publish","type":"product","link":"https:\/\/shop.yipinqian.com\/es\/producto\/light-green-and-white-natural-type-a-jadeite-pendant-necklace-crafted-as-domineering-dragon-water-absorbing-pendant-symbols-of-rise-to-prominence-certificate-included-weigh-43-48-grams-56-5-36-8-13-4\/","title":{"rendered":"Collar con colgante de jade\u00edta natural tipo A verde claro y blanco elaborado como colgante absorbente de agua de drag\u00f3n dominante, s\u00edmbolos de ascenso a la prominencia, certificado incluido, pesa 43,48 gramos, 56,5 * 36,8 * 13,4 mm, adecuado para uso diario (colgante 37)"},"content":{"rendered":"<p>\u00a1Prep\u00e1rate para afrontar el d\u00eda con estilo con este collar colgante de jade\u00edta natural tipo A verde claro y blanco!<\/p>\n<ul>\n<li>\n<strong>S\u00edmbolos de poder:<\/strong> Dise\u00f1ado como un colgante absorbente de agua con forma de drag\u00f3n dominante, este collar simboliza el ascenso a la prominencia.<\/li>\n<li>\n<strong>Jade\u00edta natural:<\/strong> Hecho de jade\u00edta natural tipo A, este collar es un verdadero tesoro.<\/li>\n<li>\n<strong>Idoneidad:<\/strong> Con un peso de 43,48 gramos y un tama\u00f1o de 56,5 x 36,8 x 13,4 mm, es perfecto para el uso diario o para coleccionar.<\/li>\n<\/ul>\n<p>Este collar viene con un certificado incluido para tu tranquilidad, mientras que su origen se encuentra en la m\u00edstica tierra de Myanmar.<\/p>\n<ul>\n<li>\n<strong>Certificado:<\/strong> \u00a1Este producto viene con certificado incluido!<\/li>\n<\/ul>\n<p><strong>N\u00fameros de certificado: GD2112H014155<\/strong><\/p>\n<p><img fetchpriority=\"high\" decoding=\"async\" height=\"1080\" src=\"https:\/\/shop.yipinqian.com\/wp-content\/uploads\/2024\/10\/3dc3c7585170930ce31fbc391bea8325.jpg?from=476444299\" width=\"1080\"><\/p>\n<ul>\n<li>\n<strong>Hecho para uso diario: <\/strong>\u00a1El accesorio perfecto para usar a diario!<\/li>\n<\/ul>\n<p><img decoding=\"async\" height=\"1080\" src=\"https:\/\/shop.yipinqian.com\/wp-content\/uploads\/2024\/10\/3b7f59c6938f88a157d34f5a2110047d.jpg?from=476444299\" width=\"1080\"><\/p>\n<p>\u00a1Este collar con colgante unisex presenta un estilo informal que combina perfectamente con cualquier atuendo que elijas! \u00a1No dejes de agregarlo a tu colecci\u00f3n de joyas hoy!<\/p>\n<p>\u00a0<\/p>\n<p>Yi Pin Qian \u2013 Comerciante de piedras preciosas y metales preciosos en Singapur \u2013 N\u00famero de licencia PS20190000031<\/p>\n<p>\u00a0<\/p>\n<p>*Todos los jade\u00edtas comprados a Yi Pin Qian en Singapur, los clientes pueden reservar espacios para pulirlos o hacer reparaciones menores por mal manejo; se aplican tarifas y solo para los clientes de Yi Pin Qian en Singapur*<\/p>\n<p>\u00a0<\/p>\n<p><strong>**Tipos de certificados**<\/strong><\/p>\n<p>\u00a0<\/p>\n<p><strong>NGI (Gemolog\u00eda Nan Yang)<\/strong><\/p>\n<p>o <strong>Certificados en el extranjero <\/strong>(Yi Pin Qian solo utiliza certificados aut\u00e9nticos de laboratorios extranjeros y tambi\u00e9n controla la calidad de cada uno de nuestros productos antes de ponerlos a la venta en SG)<\/p>\n<p>\u00a0<\/p>\n<p>Todos los productos de TikTok contar\u00e1n con el tipo de certificado que se indica en la descripci\u00f3n. Para cualquier cliente que desee enviar su pedido a NGI Singapur, habr\u00e1 un tiempo de espera para la entrega del pedido estimado de aproximadamente 4 semanas para recibirlo. <strong>Las solicitudes de informes de NGI Gemstone deben realizarse enviando un mensaje a la tienda TikTok de Yi Pin Qian.<\/strong> Gracias, <strong><u>Se aplican tarifas adicionales<\/u><\/strong>.<\/p>\n<p>\u00a0<\/p>\n<p><strong>La jade\u00edta natural no es perfecta, solo un peque\u00f1o recordatorio: nuestra jade\u00edta natural, como todas las cosas hermosas de la naturaleza, tiene sus caracter\u00edsticas y variaciones \u00fanicas. Invitamos a nuestros valiosos clientes a adoptar estas variaciones naturales. \u00a1Felices compras!<\/strong><\/p>\n<p>\u00a0<\/p>\n<p><strong><u>Ninguna de las fotograf\u00edas ni los v\u00eddeos han sido filtrados. Animamos a nuestros clientes a que vean tambi\u00e9n los v\u00eddeos adjuntos para tener una visi\u00f3n m\u00e1s completa de nuestros productos.<\/u><\/strong><\/p>","protected":false},"excerpt":{"rendered":"<p>Get ready to take on the day in style with this Light Green and White Natural Type A Jadeite Pendant Necklace! Symbols of Power: Crafted as a domineering dragon water absorbing pendant, this necklace symbolizes rise to prominence. Natural Jadeite: Made from natural Type A jadeite, this necklace is a true treasure. Suitability: With its [&hellip;]<\/p>","protected":false},"featured_media":5670,"comment_status":"open","ping_status":"closed","template":"","meta":[],"product_brand":[],"product_cat":[48],"product_tag":[],"class_list":{"0":"post-1523","1":"product","2":"type-product","3":"status-publish","4":"has-post-thumbnail","6":"product_cat-pendants","8":"first","9":"instock","10":"sale","11":"shipping-taxable","12":"purchasable","13":"product-type-simple"},"_links":{"self":[{"href":"https:\/\/shop.yipinqian.com\/es\/wp-json\/wp\/v2\/product\/1523","targetHints":{"allow":["GET"]}}],"collection":[{"href":"https:\/\/shop.yipinqian.com\/es\/wp-json\/wp\/v2\/product"}],"about":[{"href":"https:\/\/shop.yipinqian.com\/es\/wp-json\/wp\/v2\/types\/product"}],"replies":[{"embeddable":true,"href":"https:\/\/shop.yipinqian.com\/es\/wp-json\/wp\/v2\/comments?post=1523"}],"version-history":[{"count":0,"href":"https:\/\/shop.yipinqian.com\/es\/wp-json\/wp\/v2\/product\/1523\/revisions"}],"wp:featuredmedia":[{"embeddable":true,"href":"https:\/\/shop.yipinqian.com\/es\/wp-json\/wp\/v2\/media\/5670"}],"wp:attachment":[{"href":"https:\/\/shop.yipinqian.com\/es\/wp-json\/wp\/v2\/media?parent=1523"}],"wp:term":[{"taxonomy":"product_brand","embeddable":true,"href":"https:\/\/shop.yipinqian.com\/es\/wp-json\/wp\/v2\/product_brand?post=1523"},{"taxonomy":"product_cat","embeddable":true,"href":"https:\/\/shop.yipinqian.com\/es\/wp-json\/wp\/v2\/product_cat?post=1523"},{"taxonomy":"product_tag","embeddable":true,"href":"https:\/\/shop.yipinqian.com\/es\/wp-json\/wp\/v2\/product_tag?post=1523"}],"curies":[{"name":"wp","href":"https:\/\/api.w.org\/{rel}","templated":true}]}}