{"id":1521,"date":"2024-10-24T23:19:50","date_gmt":"2024-10-24T15:19:50","guid":{"rendered":"https:\/\/shop.yipinqian.com\/product\/lavender-green-and-yellow-natural-type-a-jadeite-jade-crafted-with-shape-of-cabbage-as-pendant-certificate-weigh-8-16-grams-measurement-36-9-22-8-2-mm-pendant238\/"},"modified":"2025-02-24T00:49:54","modified_gmt":"2025-02-23T16:49:54","slug":"lavender-green-and-yellow-natural-type-a-jadeite-jade-crafted-with-shape-of-cabbage-as-pendant-certificate-weigh-8-16-grams-measurement-36-9-22-8-2-mm-pendant238","status":"publish","type":"product","link":"https:\/\/shop.yipinqian.com\/es\/producto\/lavender-green-and-yellow-natural-type-a-jadeite-jade-crafted-with-shape-of-cabbage-as-pendant-certificate-weigh-8-16-grams-measurement-36-9-22-8-2-mm-pendant238\/","title":{"rendered":"Lavender,Green and Yellow Natural Type A Jadeite Jade crafted with shape of Cabbage as Pendant , certificate weigh 8.16 grams, measurement 36.9 * 22 * 8.2 mm (pendant238)"},"content":{"rendered":"<p>This Lavender, Green, and Yellow Natural Type A Jadeite Jade pendant is a unique piece crafted in the shape of a cabbage. The pendant weighs 8.16 grams and measures 36.9 * 22 * 8.2 mm.<\/p>\n<p>Certificate numbers: ZS22112101212<\/p>\n<ul>\n<li>\n<strong>Material:<\/strong> Jade\u00edta natural tipo A<\/li>\n<li>\n<strong>Certificado:<\/strong> S\u00ed<\/li>\n<li>\n<strong>Pa\u00eds natal:<\/strong> Birmania<\/li>\n<li>\n<strong>Ocasi\u00f3n:<\/strong> A diario<\/li>\n<li>\n<strong>Tipo de jade:<\/strong>Jade\u00edta<\/li>\n<li><strong>Closure Style: Casual.<\/strong><\/li>\n<\/ul>\n<p>This exquisite pendant is perfect for daily wear and adds a touch of elegance to any outfit. The unisex design makes it suitable for anyone looking to enhance their style with a unique piece of jade jewelry.<\/p>\n<p><\/p>\n<p><strong>La jade\u00edta natural no es perfecta, solo un peque\u00f1o recordatorio: nuestra jade\u00edta natural, como todas las cosas hermosas de la naturaleza, tiene sus caracter\u00edsticas y variaciones \u00fanicas. Invitamos a nuestros valiosos clientes a adoptar estas variaciones naturales. \u00a1Felices compras!<\/strong><\/p>\n<p><\/p>\n<p><strong><u>Ninguna de las fotograf\u00edas ni los v\u00eddeos han sido filtrados. Animamos a nuestros clientes a que vean tambi\u00e9n los v\u00eddeos adjuntos para tener una visi\u00f3n m\u00e1s completa de nuestros productos.<\/u><\/strong><\/p>\n<p>.<\/p>","protected":false},"excerpt":{"rendered":"<p>This Lavender, Green, and Yellow Natural Type A Jadeite Jade pendant is a unique piece crafted in the shape of a cabbage. The pendant weighs 8.16 grams and measures 36.9 * 22 * 8.2 mm. Certificate numbers: ZS22112101212 Material: Natural Type A Jadeite Jade Certificate: Yes Country of Origin: Myanmar Occasion: Daily Jade Type:Jadeite Closure [&hellip;]<\/p>","protected":false},"featured_media":5649,"comment_status":"open","ping_status":"closed","template":"","meta":[],"product_brand":[],"product_cat":[194],"product_tag":[],"class_list":{"0":"post-1521","1":"product","2":"type-product","3":"status-publish","4":"has-post-thumbnail","6":"product_cat-value-picks","8":"first","9":"instock","10":"sale","11":"shipping-taxable","12":"purchasable","13":"product-type-simple"},"_links":{"self":[{"href":"https:\/\/shop.yipinqian.com\/es\/wp-json\/wp\/v2\/product\/1521","targetHints":{"allow":["GET"]}}],"collection":[{"href":"https:\/\/shop.yipinqian.com\/es\/wp-json\/wp\/v2\/product"}],"about":[{"href":"https:\/\/shop.yipinqian.com\/es\/wp-json\/wp\/v2\/types\/product"}],"replies":[{"embeddable":true,"href":"https:\/\/shop.yipinqian.com\/es\/wp-json\/wp\/v2\/comments?post=1521"}],"version-history":[{"count":0,"href":"https:\/\/shop.yipinqian.com\/es\/wp-json\/wp\/v2\/product\/1521\/revisions"}],"wp:featuredmedia":[{"embeddable":true,"href":"https:\/\/shop.yipinqian.com\/es\/wp-json\/wp\/v2\/media\/5649"}],"wp:attachment":[{"href":"https:\/\/shop.yipinqian.com\/es\/wp-json\/wp\/v2\/media?parent=1521"}],"wp:term":[{"taxonomy":"product_brand","embeddable":true,"href":"https:\/\/shop.yipinqian.com\/es\/wp-json\/wp\/v2\/product_brand?post=1521"},{"taxonomy":"product_cat","embeddable":true,"href":"https:\/\/shop.yipinqian.com\/es\/wp-json\/wp\/v2\/product_cat?post=1521"},{"taxonomy":"product_tag","embeddable":true,"href":"https:\/\/shop.yipinqian.com\/es\/wp-json\/wp\/v2\/product_tag?post=1521"}],"curies":[{"name":"wp","href":"https:\/\/api.w.org\/{rel}","templated":true}]}}