{"id":1520,"date":"2024-10-24T23:19:49","date_gmt":"2024-10-24T15:19:49","guid":{"rendered":"https:\/\/shop.yipinqian.com\/product\/lavender-with-little-light-green-natural-type-a-jadeite-jade-crafted-as-bamboo-and-bee-as-a-pendant-certificate-weigh-33-64-grams-measurement-49-7-25-1-13-2-mm-pendant199\/"},"modified":"2025-02-17T00:03:58","modified_gmt":"2025-02-16T16:03:58","slug":"lavender-with-little-light-green-natural-type-a-jadeite-jade-crafted-as-bamboo-and-bee-as-a-pendant-certificate-weigh-33-64-grams-measurement-49-7-25-1-13-2-mm-pendant199","status":"publish","type":"product","link":"https:\/\/shop.yipinqian.com\/es\/producto\/lavender-with-little-light-green-natural-type-a-jadeite-jade-crafted-as-bamboo-and-bee-as-a-pendant-certificate-weigh-33-64-grams-measurement-49-7-25-1-13-2-mm-pendant199\/","title":{"rendered":"Lavender with little light green Natural Type A Jadeite Jade crafted as Bamboo and Bee as a Pendant, certificate weigh 33.64 grams, measurement 49.7 * 25.1 * 13.2 mm (pendant199)"},"content":{"rendered":"<p>This Lavender with little light green Natural Type A Jadeite Jade crafted as Bamboo and Bee Pendant is a stunning piece of jewelry that is sure to catch the eye. Made from high-quality jadeite jade, this pendant is both beautiful and durable, making it the perfect addition to any collection.<\/p>\n<p>\u00a0<\/p>\n<p><strong>Certificate numbers: GD2110H012860<\/strong><\/p>\n<ul>\n<li>\n<strong>Dise\u00f1o \u00fanico:<\/strong> Crafted in the shape of a bamboo shoot with a bee perched on top, this pendant has an elegant and unique design that will stand out from other pieces in your collection.<\/li>\n<li>\n<strong>Jade\u00edta natural tipo A:<\/strong> Made from natural Type A jadeite jade, this pendant has a beautiful color and texture that will only improve over time.<\/li>\n<li>\n<strong>Certificate Weigh:<\/strong> This piece comes with its own certificate weigh of 33.64 grams ensuring authenticity &#038; quality<\/li>\n<li>\n<strong>Pendant Measurement: <\/strong>The measurement of this beautiful pendant comes out to be 49.7 * 25.1 *13.2 mm making it perfect for everyday wear<\/li>\n<\/ul>\n<p>This Lavender natural stone has always been associated with royalty &#038; spirituality while Bamboo symbolizes strength &#038; longevity which makes it an ideal gift for your loved ones on any special occasion or just as an appreciation gesture . The Bee on top symbolizes community happiness alongwith hardwork which makes it even more special . Don&#8217;t miss out on adding one-of-a-kind jewelry like this to your collection!<\/p>\n<p>\u00a0<\/p>\n<p>Yi Pin Qian \u2013 Comerciante de piedras preciosas y metales preciosos en Singapur \u2013 N\u00famero de licencia PS20190000031<\/p>\n<p>\u00a0<\/p>\n<p>*Todos los jade\u00edtas comprados a Yi Pin Qian en Singapur, los clientes pueden reservar espacios para pulirlos o hacer reparaciones menores por mal manejo; se aplican tarifas y solo para los clientes de Yi Pin Qian en Singapur*<\/p>\n<p>\u00a0<\/p>\n<p><strong>**Tipos de certificados**<\/strong><\/p>\n<p>\u00a0<\/p>\n<p><strong>NGI (Gemolog\u00eda Nan Yang)<\/strong><\/p>\n<p>o <strong>Certificados en el extranjero <\/strong>(Yi Pin Qian solo utiliza certificados aut\u00e9nticos de laboratorios extranjeros y tambi\u00e9n controla la calidad de cada uno de nuestros productos antes de ponerlos a la venta en SG)<\/p>\n<p>\u00a0<\/p>\n<p>Todos los productos de TikTok contar\u00e1n con el tipo de certificado que se indica en la descripci\u00f3n. Para cualquier cliente que desee enviar su pedido a NGI Singapur, habr\u00e1 un tiempo de espera para la entrega del pedido estimado de aproximadamente 4 semanas para recibirlo. <strong>Las solicitudes de informes de NGI Gemstone deben realizarse enviando un mensaje a la tienda TikTok de Yi Pin Qian.<\/strong> Gracias, <strong><u>Se aplican tarifas adicionales<\/u><\/strong>.<\/p>\n<p>\u00a0<\/p>\n<p><strong>La jade\u00edta natural no es perfecta, solo un peque\u00f1o recordatorio: nuestra jade\u00edta natural, como todas las cosas hermosas de la naturaleza, tiene sus caracter\u00edsticas y variaciones \u00fanicas. Invitamos a nuestros valiosos clientes a adoptar estas variaciones naturales. \u00a1Felices compras!<\/strong><\/p>\n<p>\u00a0<\/p>\n<p><strong><u>Ninguna de las fotograf\u00edas ni los v\u00eddeos han sido filtrados. Animamos a nuestros clientes a que vean tambi\u00e9n los v\u00eddeos adjuntos para tener una visi\u00f3n m\u00e1s completa de nuestros productos.<\/u><\/strong><\/p>\n<p>\u00a0<\/p>\n<p>.<\/p>","protected":false},"excerpt":{"rendered":"<p>Este colgante de jade\u00edta natural tipo A de color lavanda con un poco de verde claro elaborado como bamb\u00fa y abeja es una impresionante pieza de joyer\u00eda que sin duda llamar\u00e1 la atenci\u00f3n. Fabricado con jade\u00edta de alta calidad, este colgante es hermoso y duradero, lo que lo convierte en el complemento perfecto para cualquier colecci\u00f3n. N\u00fameros de certificado: GD2110H012860 Exclusivo [\u2026]<\/p>","protected":false},"featured_media":5641,"comment_status":"open","ping_status":"closed","template":"","meta":[],"product_brand":[],"product_cat":[48],"product_tag":[],"class_list":{"0":"post-1520","1":"product","2":"type-product","3":"status-publish","4":"has-post-thumbnail","6":"product_cat-pendants","8":"first","9":"instock","10":"sale","11":"shipping-taxable","12":"purchasable","13":"product-type-simple"},"_links":{"self":[{"href":"https:\/\/shop.yipinqian.com\/es\/wp-json\/wp\/v2\/product\/1520","targetHints":{"allow":["GET"]}}],"collection":[{"href":"https:\/\/shop.yipinqian.com\/es\/wp-json\/wp\/v2\/product"}],"about":[{"href":"https:\/\/shop.yipinqian.com\/es\/wp-json\/wp\/v2\/types\/product"}],"replies":[{"embeddable":true,"href":"https:\/\/shop.yipinqian.com\/es\/wp-json\/wp\/v2\/comments?post=1520"}],"version-history":[{"count":0,"href":"https:\/\/shop.yipinqian.com\/es\/wp-json\/wp\/v2\/product\/1520\/revisions"}],"wp:featuredmedia":[{"embeddable":true,"href":"https:\/\/shop.yipinqian.com\/es\/wp-json\/wp\/v2\/media\/5641"}],"wp:attachment":[{"href":"https:\/\/shop.yipinqian.com\/es\/wp-json\/wp\/v2\/media?parent=1520"}],"wp:term":[{"taxonomy":"product_brand","embeddable":true,"href":"https:\/\/shop.yipinqian.com\/es\/wp-json\/wp\/v2\/product_brand?post=1520"},{"taxonomy":"product_cat","embeddable":true,"href":"https:\/\/shop.yipinqian.com\/es\/wp-json\/wp\/v2\/product_cat?post=1520"},{"taxonomy":"product_tag","embeddable":true,"href":"https:\/\/shop.yipinqian.com\/es\/wp-json\/wp\/v2\/product_tag?post=1520"}],"curies":[{"name":"wp","href":"https:\/\/api.w.org\/{rel}","templated":true}]}}