{"id":1518,"date":"2024-10-24T23:19:49","date_gmt":"2024-10-24T15:19:49","guid":{"rendered":"https:\/\/shop.yipinqian.com\/product\/lavender-natural-type-a-jadeite-pendant-crafted-with-eagle-meaning-win-good-for-businesse-majesty-power-and-freedrom-certificate-weight-75-8150-gram-57-54-20-15-10-mm-pendant111\/"},"modified":"2025-02-24T00:49:54","modified_gmt":"2025-02-23T16:49:54","slug":"lavender-natural-type-a-jadeite-pendant-crafted-with-eagle-meaning-win-good-for-businesse-majesty-power-and-freedrom-certificate-weight-75-8150-gram-57-54-20-15-10-mm-pendant111","status":"publish","type":"product","link":"https:\/\/shop.yipinqian.com\/es\/producto\/lavender-natural-type-a-jadeite-pendant-crafted-with-eagle-meaning-win-good-for-businesse-majesty-power-and-freedrom-certificate-weight-75-8150-gram-57-54-20-15-10-mm-pendant111\/","title":{"rendered":"Lavender Natural Type A Jadeite Pendant crafted with Eagle meaning win, good for businesse, majesty, power and freedrom, certificate weight 75.8150 gram, 57 * 54.20 * 15.10 mm (pendant111)"},"content":{"rendered":"<p>This Lavender Natural Type A Jadeite Pendant is a stunning addition to any jewelry collection. The beautifully carved eagle symbolizes winning, power, and freedom, making it perfect for daily wear with casual necklace styles.<\/p>\n<ul>\n<li>With a weight of 75.8150 grams and dimensions of 57 * 54.20 * 15.10 mm, this pendant is sure to make a statement.<\/li>\n<li>This pendant comes with a certificate of authenticity which confirms its quality and origin in Myanmar.<\/li>\n<\/ul>\n<p><strong>Certificate numbers: 183318169<\/strong><\/p>\n<p><img fetchpriority=\"high\" decoding=\"async\" height=\"1080\" src=\"https:\/\/shop.yipinqian.com\/wp-content\/uploads\/2024\/10\/89c361f3dfbae66c4fb659dd5e270e8a.jpg?from=476444299\" width=\"1080\"><img decoding=\"async\" height=\"1080\" src=\"https:\/\/shop.yipinqian.com\/wp-content\/uploads\/2024\/10\/66ceaa200e715eba24221deb6f7f7610.jpg?from=476444299\" width=\"1080\"><\/p>\n<p>Wearing this unisex pendant can bring good luck to your business and enhance your majesty as well as power in daily life without any warranty type restriction!<\/p>\n<p>\u00a0<\/p>\n<p>Yi Pin Qian \u2013 Comerciante de piedras preciosas y metales preciosos en Singapur \u2013 N\u00famero de licencia PS20190000031<\/p>\n<p>\u00a0<\/p>\n<p>*Todos los jade\u00edtas comprados a Yi Pin Qian en Singapur, los clientes pueden reservar espacios para pulirlos o hacer reparaciones menores por mal manejo; se aplican tarifas y solo para los clientes de Yi Pin Qian en Singapur*<\/p>\n<p>\u00a0<\/p>\n<p><strong>**Tipos de certificados**<\/strong><\/p>\n<p>\u00a0<\/p>\n<p><strong>NGI (Gemolog\u00eda Nan Yang)<\/strong><\/p>\n<p>o <strong>Certificados en el extranjero <\/strong>(Yi Pin Qian solo utiliza certificados aut\u00e9nticos de laboratorios extranjeros y tambi\u00e9n controla la calidad de cada uno de nuestros productos antes de ponerlos a la venta en SG)<\/p>\n<p>\u00a0<\/p>\n<p>Todos los productos de TikTok contar\u00e1n con el tipo de certificado que se indica en la descripci\u00f3n. Para cualquier cliente que desee enviar su pedido a NGI Singapur, habr\u00e1 un tiempo de espera para la entrega del pedido estimado de aproximadamente 4 semanas para recibirlo. <strong>Las solicitudes de informes de NGI Gemstone deben realizarse enviando un mensaje a la tienda TikTok de Yi Pin Qian.<\/strong> Gracias, <strong><u>Se aplican tarifas adicionales<\/u><\/strong>.<\/p>","protected":false},"excerpt":{"rendered":"<p>Este colgante de jade\u00edta natural tipo A en color lavanda es una incorporaci\u00f3n sorprendente a cualquier colecci\u00f3n de joyas. El \u00e1guila bellamente tallada simboliza la victoria, el poder y la libertad, lo que lo hace perfecto para usar a diario con estilos de collares casuales. Con un peso de 75,8150 gramos y dimensiones de 57 * 54,20 * 15,10 mm, este colgante seguramente [\u2026]<\/p>","protected":false},"featured_media":5623,"comment_status":"open","ping_status":"closed","template":"","meta":[],"product_brand":[],"product_cat":[194],"product_tag":[],"class_list":{"0":"post-1518","1":"product","2":"type-product","3":"status-publish","4":"has-post-thumbnail","6":"product_cat-value-picks","8":"first","9":"instock","10":"sale","11":"shipping-taxable","12":"purchasable","13":"product-type-simple"},"_links":{"self":[{"href":"https:\/\/shop.yipinqian.com\/es\/wp-json\/wp\/v2\/product\/1518","targetHints":{"allow":["GET"]}}],"collection":[{"href":"https:\/\/shop.yipinqian.com\/es\/wp-json\/wp\/v2\/product"}],"about":[{"href":"https:\/\/shop.yipinqian.com\/es\/wp-json\/wp\/v2\/types\/product"}],"replies":[{"embeddable":true,"href":"https:\/\/shop.yipinqian.com\/es\/wp-json\/wp\/v2\/comments?post=1518"}],"version-history":[{"count":0,"href":"https:\/\/shop.yipinqian.com\/es\/wp-json\/wp\/v2\/product\/1518\/revisions"}],"wp:featuredmedia":[{"embeddable":true,"href":"https:\/\/shop.yipinqian.com\/es\/wp-json\/wp\/v2\/media\/5623"}],"wp:attachment":[{"href":"https:\/\/shop.yipinqian.com\/es\/wp-json\/wp\/v2\/media?parent=1518"}],"wp:term":[{"taxonomy":"product_brand","embeddable":true,"href":"https:\/\/shop.yipinqian.com\/es\/wp-json\/wp\/v2\/product_brand?post=1518"},{"taxonomy":"product_cat","embeddable":true,"href":"https:\/\/shop.yipinqian.com\/es\/wp-json\/wp\/v2\/product_cat?post=1518"},{"taxonomy":"product_tag","embeddable":true,"href":"https:\/\/shop.yipinqian.com\/es\/wp-json\/wp\/v2\/product_tag?post=1518"}],"curies":[{"name":"wp","href":"https:\/\/api.w.org\/{rel}","templated":true}]}}