{"id":1517,"date":"2024-10-24T23:19:48","date_gmt":"2024-10-24T15:19:48","guid":{"rendered":"https:\/\/shop.yipinqian.com\/product\/lavender-natural-type-a-jadeite-jade-crafted-with-curve-shape-set-on-au750-as-a-wrist-bracelet-with-certificate-weigh-6-39-grams-measurement-39-7-13-9-8-1-mm-18kpw2\/"},"modified":"2025-02-24T01:17:30","modified_gmt":"2025-02-23T17:17:30","slug":"lavender-natural-type-a-jadeite-jade-crafted-with-curve-shape-set-on-au750-as-a-wrist-bracelet-with-certificate-weigh-6-39-grams-measurement-39-7-13-9-8-1-mm-18kpw2","status":"publish","type":"product","link":"https:\/\/shop.yipinqian.com\/es\/producto\/lavender-natural-type-a-jadeite-jade-crafted-with-curve-shape-set-on-au750-as-a-wrist-bracelet-with-certificate-weigh-6-39-grams-measurement-39-7-13-9-8-1-mm-18kpw2\/","title":{"rendered":"Jade\u00edta natural tipo A de lavanda elaborada con forma curva engastada en AU750 como pulsera de mu\u00f1eca con certificado, pesa 6,39 gramos, medida 39,7 * 13,9 * 8,1 mm (18 kpw2)"},"content":{"rendered":"<p>Indulge in the luxurious beauty of Lavender Natural Type A Jadeite Jade with this beautifully crafted wrist bracelet. This unisex piece is perfect for daily wear, adding a touch of elegance to any outfit.<\/p>\n<p><\/p>\n<p>Certificate numbers: GD2201H004546<\/p>\n<ul>\n<li>\n<strong>Exquisite Material:<\/strong> Crafted with AU750 (18k gold) and set with Diamonds, this piece is made to last.<\/li>\n<li>\n<strong>Certificado incluido:<\/strong> Comes with a Certificate to ensure the authenticity of the Type A Jadeite Jade used in the bracelet.<\/li>\n<li>\n<strong>Dise\u00f1o sofisticado:<\/strong> The curve shape and precise measurements (39.7 * 13.9 * 8.1 mm) give this bracelet an alluring appearance on any wrist.<\/li>\n<\/ul>\n<p>Suitable for both men and women, this Lavender Natural Type A Jadeite Jade wrist bracelet is perfect for daily wear or special occasions. Add it to your collection today!<\/p>\n<p><\/p>\n<p>Yi Pin Qian \u2013 Comerciante de piedras preciosas y metales preciosos en Singapur \u2013 N\u00famero de licencia PS20190000031<\/p>\n<p><\/p>\n<p>*Todos los jade\u00edtas comprados a Yi Pin Qian en Singapur, los clientes pueden reservar espacios para pulirlos o hacer reparaciones menores por mal manejo; se aplican tarifas y solo para los clientes de Yi Pin Qian en Singapur*<\/p>\n<p><\/p>\n<p><strong>**Tipos de certificados**<\/strong><\/p>\n<p><\/p>\n<p><strong>NGI (Gemolog\u00eda Nan Yang)<\/strong><\/p>\n<p>o <strong>Certificados en el extranjero <\/strong>(Yi Pin Qian solo utiliza certificados aut\u00e9nticos de laboratorios extranjeros y tambi\u00e9n controla la calidad de cada uno de nuestros productos antes de ponerlos a la venta en SG)<\/p>\n<p><\/p>\n<p>Todos los productos de TikTok contar\u00e1n con el tipo de certificado que se indica en la descripci\u00f3n. Para cualquier cliente que desee enviar su pedido a NGI Singapur, habr\u00e1 un tiempo de espera para la entrega del pedido estimado de aproximadamente 4 semanas para recibirlo. <strong>Las solicitudes de informes de NGI Gemstone deben realizarse enviando un mensaje a la tienda TikTok de Yi Pin Qian.<\/strong> Gracias, <strong><u>Se aplican tarifas adicionales<\/u><\/strong>.<\/p>\n<p><\/p>\n<p><strong>La jade\u00edta natural no es perfecta, solo un peque\u00f1o recordatorio: nuestra jade\u00edta natural, como todas las cosas hermosas de la naturaleza, tiene sus caracter\u00edsticas y variaciones \u00fanicas. Invitamos a nuestros valiosos clientes a adoptar estas variaciones naturales. \u00a1Felices compras!<\/strong><\/p>\n<p><\/p>\n<p><strong><u>Ninguna de las fotograf\u00edas ni los v\u00eddeos han sido filtrados. Animamos a nuestros clientes a que vean tambi\u00e9n los v\u00eddeos adjuntos para tener una visi\u00f3n m\u00e1s completa de nuestros productos.<\/u><\/strong><\/p>","protected":false},"excerpt":{"rendered":"<p>Del\u00e9itese con la lujosa belleza del jade\u00edta natural tipo A de color lavanda con esta pulsera de hermosa elaboraci\u00f3n. Esta pieza unisex es perfecta para el uso diario y a\u00f1ade un toque de elegancia a cualquier atuendo. N\u00fameros de certificado: GD2201H004546 Material exquisito: Elaborada con oro AU750 (oro de 18 quilates) y engastada con diamantes, esta pieza est\u00e1 hecha para durar. Certificado [\u2026]<\/p>","protected":false},"featured_media":5611,"comment_status":"open","ping_status":"closed","template":"","meta":[],"product_brand":[],"product_cat":[195],"product_tag":[50,102,52,88,72,53,65,55,77,60,62],"class_list":{"0":"post-1517","1":"product","2":"type-product","3":"status-publish","4":"has-post-thumbnail","6":"product_cat-heirloom-grade","7":"product_tag-18k-gold","8":"product_tag-bracelet","9":"product_tag-certified","10":"product_tag-diamonds","11":"product_tag-female","12":"product_tag-fine-quality","13":"product_tag-high-quality","14":"product_tag-jadeite","15":"product_tag-lavender","16":"product_tag-type-a-jadeite","17":"product_tag-yi-pin-qian-exclusive","19":"first","20":"instock","21":"sale","22":"shipping-taxable","23":"purchasable","24":"product-type-simple"},"_links":{"self":[{"href":"https:\/\/shop.yipinqian.com\/es\/wp-json\/wp\/v2\/product\/1517","targetHints":{"allow":["GET"]}}],"collection":[{"href":"https:\/\/shop.yipinqian.com\/es\/wp-json\/wp\/v2\/product"}],"about":[{"href":"https:\/\/shop.yipinqian.com\/es\/wp-json\/wp\/v2\/types\/product"}],"replies":[{"embeddable":true,"href":"https:\/\/shop.yipinqian.com\/es\/wp-json\/wp\/v2\/comments?post=1517"}],"version-history":[{"count":0,"href":"https:\/\/shop.yipinqian.com\/es\/wp-json\/wp\/v2\/product\/1517\/revisions"}],"wp:featuredmedia":[{"embeddable":true,"href":"https:\/\/shop.yipinqian.com\/es\/wp-json\/wp\/v2\/media\/5611"}],"wp:attachment":[{"href":"https:\/\/shop.yipinqian.com\/es\/wp-json\/wp\/v2\/media?parent=1517"}],"wp:term":[{"taxonomy":"product_brand","embeddable":true,"href":"https:\/\/shop.yipinqian.com\/es\/wp-json\/wp\/v2\/product_brand?post=1517"},{"taxonomy":"product_cat","embeddable":true,"href":"https:\/\/shop.yipinqian.com\/es\/wp-json\/wp\/v2\/product_cat?post=1517"},{"taxonomy":"product_tag","embeddable":true,"href":"https:\/\/shop.yipinqian.com\/es\/wp-json\/wp\/v2\/product_tag?post=1517"}],"curies":[{"name":"wp","href":"https:\/\/api.w.org\/{rel}","templated":true}]}}