{"id":15117,"date":"2024-12-19T15:55:45","date_gmt":"2024-12-19T07:55:45","guid":{"rendered":"https:\/\/shop.yipinqian.com\/icy-translucent-natural-type-a-jadeite-jade-crafted-as-pixiu-set-on-18k-as-ring-certificate-weighs-2-22-grams-measurement-11-7-9-8-5-8-mm-18kring40\/"},"modified":"2025-02-10T00:00:17","modified_gmt":"2025-02-09T16:00:17","slug":"icy-translucent-natural-type-a-jadeite-jade-crafted-as-pixiu-set-on-18k-as-ring-certificate-weighs-2-22-grams-measurement-11-7-9-8-5-8-mm-18kring40","status":"publish","type":"product","link":"https:\/\/shop.yipinqian.com\/es\/producto\/icy-translucent-natural-type-a-jadeite-jade-crafted-as-pixiu-set-on-18k-as-ring-certificate-weighs-2-22-grams-measurement-11-7-9-8-5-8-mm-18kring40\/","title":{"rendered":"Jade\u00edta natural transl\u00facida helada tipo A elaborada como jade Pixiu engastado en oro de 18 k como anillo, el certificado pesa 2,22 gramos, medida 11,7 * 9,8 * 5,8 mm (18kring40)"},"content":{"rendered":"<p><iframe title=\"Icy Translucent Ring\" src=\"https:\/\/youtube.com\/embed\/tVGL3tMDYGY\" width=\"330\" height=\"300\"><\/iframe><\/p>\n<p>Discover the elegance of the Icy Translucent Natural Type A Jadeite Jade Ring, featuring a beautifully crafted Pixiu design set in luxurious 18k gold. This exquisite piece weighs 2.22 grams and is perfect for daily wear.<\/p>\n<p><\/p>\n<p>Certificate numbers: GD2110H017376<\/p>\n<p>18k Gold: 1.23 grams<\/p>\n<p>Diamonds: 8 * 0.003 Carats<\/p>\n<p>Finger Size [Diameter]: 17.3mm<\/p>\n<p><img fetchpriority=\"high\" decoding=\"async\" src=\"https:\/\/shop.yipinqian.com\/wp-content\/uploads\/2024\/12\/0a8ff6d8ebea44409b488acde90330catplv-aphluv4xwc-origin-jpeg.jpeg?dr=15568&#038;nonce=49297&#038;refresh_token=35624ae651535faa691d0f9c5cadef09&#038;from=476444299&#038;idc=my&#038;ps=933b5bde&#038;shcp=9b759fb9&#038;shp=1c65f68b&#038;t=555f072d\" width=\"1080\" height=\"1080\"><\/p>\n<ul>\n<li>\n<strong>Material:<\/strong> Type A Jadeite with Diamond accents<\/li>\n<li>\n<strong>Origen:<\/strong> Birmania<\/li>\n<li>\n<strong>Dimensiones:<\/strong> 11.7 * 9.8 * 5.8 mm<\/li>\n<li><strong>This product comes with a certificate.<\/strong><\/li>\n<\/ul>\n<p><img decoding=\"async\" src=\"https:\/\/shop.yipinqian.com\/wp-content\/uploads\/2024\/12\/5a08a3a29ad945668e4c0926b6dac64ctplv-aphluv4xwc-origin-jpeg.jpeg?dr=15568&#038;nonce=61816&#038;refresh_token=2175c95fdf8d6bcb73acdcbe0d2f9fec&#038;from=476444299&#038;idc=my&#038;ps=933b5bde&#038;shcp=9b759fb9&#038;shp=1c65f68b&#038;t=555f072d\" width=\"1080\" height=\"1080\"><img decoding=\"async\" src=\"https:\/\/shop.yipinqian.com\/wp-content\/uploads\/2024\/12\/996753527b9c46bd824a291d1ca001a9tplv-aphluv4xwc-origin-jpeg.jpeg?dr=15568&#038;nonce=9300&#038;refresh_token=8f9dd1d87d27693f4f22dcc54b553902&#038;from=476444299&#038;idc=my&#038;ps=933b5bde&#038;shcp=9b759fb9&#038;shp=1c65f68b&#038;t=555f072d\" width=\"1080\" height=\"1080\"><\/p>\n<p>This stunning ring is designed for women, showcasing both luxury and cultural significance in its Pixiu representation, making it a perfect addition to any jewelry collection.<\/p>\n<p><img loading=\"lazy\" decoding=\"async\" src=\"https:\/\/shop.yipinqian.com\/wp-content\/uploads\/2024\/12\/884078ad0bcc4311b23721424e26960atplv-aphluv4xwc-origin-jpeg.jpeg?dr=15568&#038;nonce=83354&#038;refresh_token=281c397c76f392654a077bc09ee06fa5&#038;from=476444299&#038;idc=my&#038;ps=933b5bde&#038;shcp=9b759fb9&#038;shp=1c65f68b&#038;t=555f072d\" width=\"709\" height=\"598\"><\/p>\n<p>Yi Pin Qian \u2013 Comerciante de piedras preciosas y metales preciosos en Singapur \u2013 N\u00famero de licencia PS20190000031<\/p>\n<p><\/p>\n<p>*Todos los jade\u00edtas comprados a Yi Pin Qian en Singapur, los clientes pueden reservar espacios para pulirlos o hacer reparaciones menores por mal manejo; se aplican tarifas y solo para los clientes de Yi Pin Qian en Singapur*<\/p>\n<p><\/p>\n<p><strong>**Tipos de certificados**<\/strong><\/p>\n<p><\/p>\n<p><strong>NGI (Gemolog\u00eda Nan Yang)<\/strong><\/p>\n<p>o <strong>Certificados en el extranjero <\/strong>(Yi Pin Qian solo utiliza certificados aut\u00e9nticos de laboratorios extranjeros y tambi\u00e9n controla la calidad de cada uno de nuestros productos antes de ponerlos a la venta en SG)<\/p>\n<p><\/p>\n<p>Cada producto tendr\u00e1 el tipo de certificado proporcionado indicado en la descripci\u00f3n. Para cualquier cliente que desee enviar su pedido a NGI Singapur, <strong>Las solicitudes de informes de NGI Gemstone deben realizarse envi\u00e1ndonos un mensaje.<\/strong> Gracias, <strong><u>Se aplican tarifas adicionales<\/u><\/strong> \u2013 $90 para jade\u00edta \/ $150 para jade\u00edta con oro de 18k \/ $150 para cuentas de jade\u00edta \u2013 no es obligatorio ya que la mayor\u00eda de nuestros productos ya vienen con certificado extranjero o informe NGI.<\/p>\n<p><\/p>\n<p>(Para m\u00e1s detalles o solicitud adicional: <strong>Env\u00edenos un mensaje si desea enviar el art\u00edculo comprado al laboratorio de pruebas de NGI.<\/strong>)<\/p>\n<p><\/p>\n<p><strong>La jade\u00edta natural no es perfecta, solo un peque\u00f1o recordatorio: nuestra jade\u00edta natural, como todas las cosas hermosas de la naturaleza, tiene sus caracter\u00edsticas y variaciones \u00fanicas. Invitamos a nuestros valiosos clientes a adoptar estas variaciones naturales. \u00a1Felices compras!<\/strong><\/p>\n<p><\/p>\n<p><strong><u>Ninguna de las fotograf\u00edas ni los v\u00eddeos han sido filtrados. Animamos a nuestros clientes a que vean tambi\u00e9n los v\u00eddeos adjuntos para tener una visi\u00f3n m\u00e1s completa de nuestros productos.<\/u><\/strong><\/p>\n<p><\/p>\n<ul>\n<li>Las diferentes plataformas solo pueden ver videos a trav\u00e9s de la computadora de escritorio<\/li>\n<\/ul>","protected":false},"excerpt":{"rendered":"<p>Discover the elegance of the Icy Translucent Natural Type A Jadeite Jade Ring, featuring a beautifully crafted Pixiu design set in luxurious 18k gold. This exquisite piece weighs 2.22 grams and is perfect for daily wear. Certificate numbers: GD2110H017376 18k Gold: 1.23 grams Diamonds: 8 * 0.003 Carats Finger Size [Diameter]: 17.3mm Material: Type A [&hellip;]<\/p>","protected":false},"featured_media":15127,"comment_status":"open","ping_status":"closed","template":"","meta":[],"product_brand":[],"product_cat":[119,80,122,126],"product_tag":[50,64,52,88,72,65,55,58,85,71,59,60,62],"class_list":{"0":"post-15117","1":"product","2":"type-product","3":"status-publish","4":"has-post-thumbnail","6":"product_cat-18k-gold-ring-setting","7":"product_cat-jade-rings","8":"product_cat-jadeite-rings","9":"product_cat-new-arrivals","10":"product_tag-18k-gold","11":"product_tag-cabochon","12":"product_tag-certified","13":"product_tag-diamonds","14":"product_tag-female","15":"product_tag-high-quality","16":"product_tag-jadeite","17":"product_tag-new-arrivals","18":"product_tag-pixiu","19":"product_tag-ring","20":"product_tag-translucent","21":"product_tag-type-a-jadeite","22":"product_tag-yi-pin-qian-exclusive","24":"first","25":"instock","26":"sale","27":"shipping-taxable","28":"purchasable","29":"product-type-simple"},"_links":{"self":[{"href":"https:\/\/shop.yipinqian.com\/es\/wp-json\/wp\/v2\/product\/15117","targetHints":{"allow":["GET"]}}],"collection":[{"href":"https:\/\/shop.yipinqian.com\/es\/wp-json\/wp\/v2\/product"}],"about":[{"href":"https:\/\/shop.yipinqian.com\/es\/wp-json\/wp\/v2\/types\/product"}],"replies":[{"embeddable":true,"href":"https:\/\/shop.yipinqian.com\/es\/wp-json\/wp\/v2\/comments?post=15117"}],"version-history":[{"count":0,"href":"https:\/\/shop.yipinqian.com\/es\/wp-json\/wp\/v2\/product\/15117\/revisions"}],"wp:featuredmedia":[{"embeddable":true,"href":"https:\/\/shop.yipinqian.com\/es\/wp-json\/wp\/v2\/media\/15127"}],"wp:attachment":[{"href":"https:\/\/shop.yipinqian.com\/es\/wp-json\/wp\/v2\/media?parent=15117"}],"wp:term":[{"taxonomy":"product_brand","embeddable":true,"href":"https:\/\/shop.yipinqian.com\/es\/wp-json\/wp\/v2\/product_brand?post=15117"},{"taxonomy":"product_cat","embeddable":true,"href":"https:\/\/shop.yipinqian.com\/es\/wp-json\/wp\/v2\/product_cat?post=15117"},{"taxonomy":"product_tag","embeddable":true,"href":"https:\/\/shop.yipinqian.com\/es\/wp-json\/wp\/v2\/product_tag?post=15117"}],"curies":[{"name":"wp","href":"https:\/\/api.w.org\/{rel}","templated":true}]}}