{"id":1511,"date":"2024-10-24T23:19:46","date_gmt":"2024-10-24T15:19:46","guid":{"rendered":"https:\/\/shop.yipinqian.com\/product\/lavender-and-green-natural-type-a-jadeite-handheld-piece-crafted-with-pixiu-meaning-rich-happiness-and-good-luck-with-certificate-weight-29-97-grams-61-30-10-70-34-60-mm-also-suitable-for-display-anyw\/"},"modified":"2025-02-24T00:49:54","modified_gmt":"2025-02-23T16:49:54","slug":"lavender-and-green-natural-type-a-jadeite-handheld-piece-crafted-with-pixiu-meaning-rich-happiness-and-good-luck-with-certificate-weight-29-97-grams-61-30-10-70-34-60-mm-also-suitable-for-display-anyw","status":"publish","type":"product","link":"https:\/\/shop.yipinqian.com\/es\/producto\/lavender-and-green-natural-type-a-jadeite-handheld-piece-crafted-with-pixiu-meaning-rich-happiness-and-good-luck-with-certificate-weight-29-97-grams-61-30-10-70-34-60-mm-also-suitable-for-display-anyw\/","title":{"rendered":"Pieza de mano de jade\u00edta natural tipo A de lavanda y verde elaborada con Pixiu que significa rico, felicidad y buena suerte con certificado de peso 29,97 gramos, 61,30 * 10,70 * 34,60 mm, tambi\u00e9n adecuada para exhibir en cualquier lugar de casa, autom\u00f3vil u oficina (mano 1)"},"content":{"rendered":"<p>Bring a touch of luck and prosperity to your life with this Lavender and Green Natural Type A Jadeite Handheld Piece. This exquisite piece is carved with Pixiu, symbolizing wealth, happiness and good luck.<\/p>\n<ul>\n<li>Dimensions: 61.30 * 10.70 * 34.60 mm<\/li>\n<li>Weight: 29.97 grams<\/li>\n<li>Tipo de jade: jade\u00edta<\/li>\n<li>Decoration Type: Car Pendant<\/li>\n<li>Pa\u00eds de origen: Myanmar<\/li>\n<li>Certificate Included : Yes<\/li>\n<\/ul>\n<p><strong>Certificate numbers: ZS24040200292<\/strong><\/p>\n<p><img fetchpriority=\"high\" decoding=\"async\" height=\"1080\" src=\"https:\/\/shop.yipinqian.com\/wp-content\/uploads\/2024\/10\/f709c4840452178d329d3e8d27c71a5f.jpg?from=476444299\" width=\"1080\"><\/p>\n<ul>\n<li>This handheld piece is skillfully crafted from natural jadeite stone, known for its vivid colours and high quality finish. Besides being a symbol of good fortune, this jadeite handheld piece also makes for an elegant decoration suitable for display anywhere at home, car or office. Purchase this beautiful Lavender Green charm to your decor or as a thoughtful gift that will bring joy to any recipient!<\/li>\n<\/ul>\n<p>Yi Pin Qian \u2013 Comerciante de piedras preciosas y metales preciosos en Singapur \u2013 N\u00famero de licencia PS20190000031<\/p>\n<p>\u00a0<\/p>\n<p>*Todos los jade\u00edtas comprados a Yi Pin Qian en Singapur, los clientes pueden reservar espacios para pulirlos o hacer reparaciones menores por mal manejo; se aplican tarifas y solo para los clientes de Yi Pin Qian en Singapur*<\/p>\n<p>\u00a0<\/p>\n<p><strong>**Tipos de certificados**<\/strong><\/p>\n<p>\u00a0<\/p>\n<p><strong>NGI (Gemolog\u00eda Nan Yang)<\/strong><\/p>\n<p>o <strong>Certificados en el extranjero <\/strong>(Yi Pin Qian solo utiliza certificados aut\u00e9nticos de laboratorios extranjeros y tambi\u00e9n controla la calidad de cada uno de nuestros productos antes de ponerlos a la venta en SG)<\/p>\n<p>\u00a0<\/p>\n<p>Todos los productos de TikTok contar\u00e1n con el tipo de certificado que se indica en la descripci\u00f3n. Para cualquier cliente que desee enviar su pedido a NGI Singapur, habr\u00e1 un tiempo de espera para la entrega del pedido estimado de aproximadamente 4 semanas para recibirlo. <strong>Las solicitudes de informes de NGI Gemstone deben realizarse enviando un mensaje a la tienda TikTok de Yi Pin Qian.<\/strong> Gracias, <strong><u>Se aplican tarifas adicionales<\/u><\/strong>.<\/p>","protected":false},"excerpt":{"rendered":"<p>Bring a touch of luck and prosperity to your life with this Lavender and Green Natural Type A Jadeite Handheld Piece. This exquisite piece is carved with Pixiu, symbolizing wealth, happiness and good luck. Dimensions: 61.30 * 10.70 * 34.60 mm Weight: 29.97 grams Jade Type: Jadeite Decoration Type: Car Pendant Country of Origin: Myanmar [&hellip;]<\/p>","protected":false},"featured_media":5561,"comment_status":"open","ping_status":"closed","template":"","meta":[],"product_brand":[],"product_cat":[194],"product_tag":[],"class_list":{"0":"post-1511","1":"product","2":"type-product","3":"status-publish","4":"has-post-thumbnail","6":"product_cat-value-picks","8":"first","9":"instock","10":"sale","11":"shipping-taxable","12":"purchasable","13":"product-type-simple"},"_links":{"self":[{"href":"https:\/\/shop.yipinqian.com\/es\/wp-json\/wp\/v2\/product\/1511","targetHints":{"allow":["GET"]}}],"collection":[{"href":"https:\/\/shop.yipinqian.com\/es\/wp-json\/wp\/v2\/product"}],"about":[{"href":"https:\/\/shop.yipinqian.com\/es\/wp-json\/wp\/v2\/types\/product"}],"replies":[{"embeddable":true,"href":"https:\/\/shop.yipinqian.com\/es\/wp-json\/wp\/v2\/comments?post=1511"}],"version-history":[{"count":0,"href":"https:\/\/shop.yipinqian.com\/es\/wp-json\/wp\/v2\/product\/1511\/revisions"}],"wp:featuredmedia":[{"embeddable":true,"href":"https:\/\/shop.yipinqian.com\/es\/wp-json\/wp\/v2\/media\/5561"}],"wp:attachment":[{"href":"https:\/\/shop.yipinqian.com\/es\/wp-json\/wp\/v2\/media?parent=1511"}],"wp:term":[{"taxonomy":"product_brand","embeddable":true,"href":"https:\/\/shop.yipinqian.com\/es\/wp-json\/wp\/v2\/product_brand?post=1511"},{"taxonomy":"product_cat","embeddable":true,"href":"https:\/\/shop.yipinqian.com\/es\/wp-json\/wp\/v2\/product_cat?post=1511"},{"taxonomy":"product_tag","embeddable":true,"href":"https:\/\/shop.yipinqian.com\/es\/wp-json\/wp\/v2\/product_tag?post=1511"}],"curies":[{"name":"wp","href":"https:\/\/api.w.org\/{rel}","templated":true}]}}