{"id":1509,"date":"2024-10-24T23:19:45","date_gmt":"2024-10-24T15:19:45","guid":{"rendered":"https:\/\/shop.yipinqian.com\/product\/king-of-the-inferno-special-premium-natural-type-a-jadeite-with-light-green-and-yellow-come-with-certificate-weight-76-35-grams-69-50-44-30-12-mm-very-fine-translucent-rare-jadeite-pendant-for-collect\/"},"modified":"2025-02-24T01:34:19","modified_gmt":"2025-02-23T17:34:19","slug":"king-of-the-inferno-special-premium-natural-type-a-jadeite-with-light-green-and-yellow-come-with-certificate-weight-76-35-grams-69-50-44-30-12-mm-very-fine-translucent-rare-jadeite-pendant-for-collect","status":"publish","type":"product","link":"https:\/\/shop.yipinqian.com\/es\/producto\/king-of-the-inferno-special-premium-natural-type-a-jadeite-with-light-green-and-yellow-come-with-certificate-weight-76-35-grams-69-50-44-30-12-mm-very-fine-translucent-rare-jadeite-pendant-for-collect\/","title":{"rendered":"Rey del infierno Especial Premium Natural Tipo A Jade\u00edta con Verde Claro y Amarillo viene con certificado peso 76,35 gramos, 69,50 * 44,30 * 12 mm, colgante de jade\u00edta rara transl\u00facida muy fina para colecci\u00f3n (pendant98)"},"content":{"rendered":"<p><iframe title=\"King of the inferno Special Premium Natural Type A\" src=\"https:\/\/youtube.com\/embed\/WkIt1NvOiFk\" width=\"330\" height=\"300\"><\/iframe><\/p>\n<p>King of the inferno Special Premium Natural Type A<\/p>\n<p>Experimente la belleza de la naturaleza con el colgante de jade\u00edta natural tipo A premium especial King of Inferno, perfecto tanto para coleccionistas como para entusiastas.<\/p>\n<ul>\n<li><strong>Jade\u00edta natural tipo A:<\/strong> Fabricado con jade\u00edta tipo A natural de alta calidad, este colgante cuenta con un impresionante color verde claro y amarillo que brilla con translucidez.<\/li>\n<li><strong>Certificado incluido:<\/strong> Viene con un certificado para garantizar la autenticidad y se cumplen los est\u00e1ndares de calidad.<\/li>\n<li><strong>Estilo de collar \u00e9tnico:<\/strong> El estilo del collar tiene un dise\u00f1o \u00e9tnico, perfecto para agregar un toque ex\u00f3tico a tu colecci\u00f3n de joyas o atuendo.<\/li>\n<\/ul>\n<p><strong>N\u00fameros de certificado: GD2204H005661<\/strong><\/p>\n<p><img fetchpriority=\"high\" decoding=\"async\" class=\"alignnone\" src=\"https:\/\/shop.yipinqian.com\/wp-content\/uploads\/2024\/10\/92928dcc69076cac46c7cea721067525.jpg?from=476444299\" alt=\"King of the inferno Special Premium Natural Type A\" width=\"1080\" height=\"1080\" \/><\/p>\n<p>Este raro colgante de jade\u00edta est\u00e1 finamente elaborado con un peso de 76,35 gramos y dimensiones de 69,50 * 44,30 * 12 mm, lo que lo convierte en una excelente opci\u00f3n para ocasiones especiales como aniversarios o como una preciada reliquia familiar.<\/p>\n<ul>\n<li><strong>Garant\u00eda duradera: <\/strong>El tipo de garant\u00eda para este producto es No, pero puede estar seguro de que recibir\u00e1 una artesan\u00eda de alta calidad en todos los aspectos.<\/li>\n<li>.<\/li>\n<li><strong>G\u00e9nero Neutral: <\/strong>\u00a1Esta pieza puede ser usada por cualquier persona, independientemente de su g\u00e9nero! \u00a1Es perfecta como pieza decorativa o como parte de tu colecci\u00f3n de ropa diaria, seg\u00fan tus preferencias!<\/li>\n<li>.<\/li>\n<\/ul>\n<p>\u00a1Agregue este exquisito colgante Rey del Infierno a su colecci\u00f3n de joyas hoy!<\/p>\n<p>.<\/p>\n<p>Yi Pin Qian \u2013 Comerciante de piedras preciosas y metales preciosos en Singapur \u2013 N\u00famero de licencia PS20190000031<\/p>\n<p>*Todos los jade\u00edtas comprados a Yi Pin Qian en Singapur, los clientes pueden reservar espacios para pulirlos o hacer reparaciones menores por mal manejo; se aplican tarifas y solo para los clientes de Yi Pin Qian en Singapur*<\/p>\n<p><strong>**Tipos de certificados**<\/strong><\/p>\n<p><strong>NGI (Gemolog\u00eda Nan Yang)<\/strong><\/p>\n<p>o <strong>Certificados en el extranjero <\/strong>(Yi Pin Qian solo utiliza certificados aut\u00e9nticos de laboratorios extranjeros y tambi\u00e9n controla la calidad de cada uno de nuestros productos antes de ponerlos a la venta en SG)<\/p>\n<p>Todos los productos de TikTok contar\u00e1n con el tipo de certificado que se indica en la descripci\u00f3n. Para cualquier cliente que desee enviar su pedido a NGI Singapur, habr\u00e1 un tiempo de espera para la entrega del pedido estimado de aproximadamente 4 semanas para recibirlo. <strong>Las solicitudes de informes de NGI Gemstone deben realizarse enviando un mensaje a la tienda TikTok de Yi Pin Qian.<\/strong> Gracias, <strong><u>Se aplican tarifas adicionales<\/u><\/strong>.<\/p>","protected":false},"excerpt":{"rendered":"<p>King of the inferno Special Premium Natural Type A<\/p>","protected":false},"featured_media":5543,"comment_status":"open","ping_status":"closed","template":"","meta":[],"product_brand":[],"product_cat":[196],"product_tag":[],"class_list":{"0":"post-1509","1":"product","2":"type-product","3":"status-publish","4":"has-post-thumbnail","6":"product_cat-vault-collection","8":"first","9":"instock","10":"sale","11":"shipping-taxable","12":"purchasable","13":"product-type-simple"},"_links":{"self":[{"href":"https:\/\/shop.yipinqian.com\/es\/wp-json\/wp\/v2\/product\/1509","targetHints":{"allow":["GET"]}}],"collection":[{"href":"https:\/\/shop.yipinqian.com\/es\/wp-json\/wp\/v2\/product"}],"about":[{"href":"https:\/\/shop.yipinqian.com\/es\/wp-json\/wp\/v2\/types\/product"}],"replies":[{"embeddable":true,"href":"https:\/\/shop.yipinqian.com\/es\/wp-json\/wp\/v2\/comments?post=1509"}],"version-history":[{"count":0,"href":"https:\/\/shop.yipinqian.com\/es\/wp-json\/wp\/v2\/product\/1509\/revisions"}],"wp:featuredmedia":[{"embeddable":true,"href":"https:\/\/shop.yipinqian.com\/es\/wp-json\/wp\/v2\/media\/5543"}],"wp:attachment":[{"href":"https:\/\/shop.yipinqian.com\/es\/wp-json\/wp\/v2\/media?parent=1509"}],"wp:term":[{"taxonomy":"product_brand","embeddable":true,"href":"https:\/\/shop.yipinqian.com\/es\/wp-json\/wp\/v2\/product_brand?post=1509"},{"taxonomy":"product_cat","embeddable":true,"href":"https:\/\/shop.yipinqian.com\/es\/wp-json\/wp\/v2\/product_cat?post=1509"},{"taxonomy":"product_tag","embeddable":true,"href":"https:\/\/shop.yipinqian.com\/es\/wp-json\/wp\/v2\/product_tag?post=1509"}],"curies":[{"name":"wp","href":"https:\/\/api.w.org\/{rel}","templated":true}]}}