{"id":1506,"date":"2024-10-24T23:19:44","date_gmt":"2024-10-24T15:19:44","guid":{"rendered":"https:\/\/shop.yipinqian.com\/product\/icy-yellow-natural-type-a-jadeite-jade-crafted-with-guanyin-seating-on-lotus-set-with-18k-gold-and-diamonds-certificate-included-weigh-18-11-grams-measurement-63-6-32-8-3-mm-18kp12\/"},"modified":"2025-02-24T01:34:19","modified_gmt":"2025-02-23T17:34:19","slug":"icy-yellow-natural-type-a-jadeite-jade-crafted-with-guanyin-seating-on-lotus-set-with-18k-gold-and-diamonds-certificate-included-weigh-18-11-grams-measurement-63-6-32-8-3-mm-18kp12","status":"publish","type":"product","link":"https:\/\/shop.yipinqian.com\/es\/producto\/icy-yellow-natural-type-a-jadeite-jade-crafted-with-guanyin-seating-on-lotus-set-with-18k-gold-and-diamonds-certificate-included-weigh-18-11-grams-measurement-63-6-32-8-3-mm-18kp12\/","title":{"rendered":"Icy Yellow Natural Type A Jadeite Jade crafted with Guanyin Seating on Lotus set with 18k gold and diamonds, certificate included weigh 18.11 grams, measurement 63.6 * 32 * 8.3 mm (18kp12)"},"content":{"rendered":"<p>This Icy Yellow Natural Type A Jadeite Jade necklace features a beautifully crafted Guanyin Seating on Lotus set with 18k gold and diamonds, making it a stunning addition to any jewelry collection.<\/p>\n<p>\u00a0<\/p>\n<p><strong>Certificate numbers: GD2203H004689<\/strong><\/p>\n<ul>\n<li>\n<strong>Estilo elegante del collar:<\/strong> This necklace has an elegant and timeless design that is perfect for any occasion.<\/li>\n<li>\n<strong>Jade\u00edta natural tipo A:<\/strong> Crafted from high-quality, natural Type A jadeite from Myanmar, this necklace is both beautiful and durable.<\/li>\n<li>\n<strong>18k Gold and Diamond Setting:<\/strong> The Guanyin Seating on Lotus pendant is set in 18k gold with diamond accents for added sparkle.<\/li>\n<\/ul>\n<p>Weighing in at 18.11 grams with a measurement of 63.6 * 32 *8.3 mm (18kp12), this jade pendant comes with a certificate of authenticity ensuring its quality and value.<\/p>\n<ul>\n<li>\n<strong>Ocasi\u00f3n auspiciosa:<\/strong>This piece makes an auspicious gift for special occasions such as weddings or anniversaries<\/li>\n<li>\n<strong>Jade Stone Benefits: <\/strong>Jade is believed to have protective properties that promote healing, luck, prosperity, longevity &#038; emotional balance which makes it perfect to wear daily or while meditating<\/li>\n<\/ul>\n<p>This unisex piece adds elegance to any outfit while bringing the benefits associated with jade stone jewelry along anywhere you go!<\/p>\n<p>\u00a0<\/p>\n<p>Yi Pin Qian \u2013 Comerciante de piedras preciosas y metales preciosos en Singapur \u2013 N\u00famero de licencia PS20190000031<\/p>\n<p>\u00a0<\/p>\n<p>*Todos los jade\u00edtas comprados a Yi Pin Qian en Singapur, los clientes pueden reservar espacios para pulirlos o hacer reparaciones menores por mal manejo; se aplican tarifas y solo para los clientes de Yi Pin Qian en Singapur*<\/p>\n<p>\u00a0<\/p>\n<p><strong>**Tipos de certificados**<\/strong><\/p>\n<p>\u00a0<\/p>\n<p><strong>NGI (Gemolog\u00eda Nan Yang)<\/strong><\/p>\n<p>o <strong>Certificados en el extranjero <\/strong>(Yi Pin Qian solo utiliza certificados aut\u00e9nticos de laboratorios extranjeros y tambi\u00e9n controla la calidad de cada uno de nuestros productos antes de ponerlos a la venta en SG)<\/p>\n<p>\u00a0<\/p>\n<p>Todos los productos de TikTok contar\u00e1n con el tipo de certificado que se indica en la descripci\u00f3n. Para cualquier cliente que desee enviar su pedido a NGI Singapur, habr\u00e1 un tiempo de espera para la entrega del pedido estimado de aproximadamente 4 semanas para recibirlo. <strong>Las solicitudes de informes de NGI Gemstone deben realizarse enviando un mensaje a la tienda TikTok de Yi Pin Qian.<\/strong> Gracias, <strong><u>Se aplican tarifas adicionales<\/u><\/strong>.<\/p>\n<p>\u00a0<\/p>\n<p><strong>La jade\u00edta natural no es perfecta, solo un peque\u00f1o recordatorio: nuestra jade\u00edta natural, como todas las cosas hermosas de la naturaleza, tiene sus caracter\u00edsticas y variaciones \u00fanicas. Invitamos a nuestros valiosos clientes a adoptar estas variaciones naturales. \u00a1Felices compras!<\/strong><\/p>\n<p>\u00a0<\/p>\n<p><strong><u>Ninguna de las fotograf\u00edas ni los v\u00eddeos han sido filtrados. Animamos a nuestros clientes a que vean tambi\u00e9n los v\u00eddeos adjuntos para tener una visi\u00f3n m\u00e1s completa de nuestros productos.<\/u><\/strong><\/p>","protected":false},"excerpt":{"rendered":"<p>This Icy Yellow Natural Type A Jadeite Jade necklace features a beautifully crafted Guanyin Seating on Lotus set with 18k gold and diamonds, making it a stunning addition to any jewelry collection. \u00a0 Certificate numbers: GD2203H004689 Elegant Necklace Style: This necklace has an elegant and timeless design that is perfect for any occasion. Natural Type [&hellip;]<\/p>","protected":false},"featured_media":5523,"comment_status":"open","ping_status":"closed","template":"","meta":[],"product_brand":[],"product_cat":[196],"product_tag":[50,52,88,107,65,54,55,56,73,59,60,61,68,62],"class_list":{"0":"post-1506","1":"product","2":"type-product","3":"status-publish","4":"has-post-thumbnail","6":"product_cat-vault-collection","7":"product_tag-18k-gold","8":"product_tag-certified","9":"product_tag-diamonds","10":"product_tag-guanyin","11":"product_tag-high-quality","12":"product_tag-icy","13":"product_tag-jadeite","14":"product_tag-limited-editions","15":"product_tag-pendant","16":"product_tag-translucent","17":"product_tag-type-a-jadeite","18":"product_tag-unisex","19":"product_tag-yellow","20":"product_tag-yi-pin-qian-exclusive","22":"first","23":"instock","24":"sale","25":"shipping-taxable","26":"purchasable","27":"product-type-simple"},"_links":{"self":[{"href":"https:\/\/shop.yipinqian.com\/es\/wp-json\/wp\/v2\/product\/1506","targetHints":{"allow":["GET"]}}],"collection":[{"href":"https:\/\/shop.yipinqian.com\/es\/wp-json\/wp\/v2\/product"}],"about":[{"href":"https:\/\/shop.yipinqian.com\/es\/wp-json\/wp\/v2\/types\/product"}],"replies":[{"embeddable":true,"href":"https:\/\/shop.yipinqian.com\/es\/wp-json\/wp\/v2\/comments?post=1506"}],"version-history":[{"count":0,"href":"https:\/\/shop.yipinqian.com\/es\/wp-json\/wp\/v2\/product\/1506\/revisions"}],"wp:featuredmedia":[{"embeddable":true,"href":"https:\/\/shop.yipinqian.com\/es\/wp-json\/wp\/v2\/media\/5523"}],"wp:attachment":[{"href":"https:\/\/shop.yipinqian.com\/es\/wp-json\/wp\/v2\/media?parent=1506"}],"wp:term":[{"taxonomy":"product_brand","embeddable":true,"href":"https:\/\/shop.yipinqian.com\/es\/wp-json\/wp\/v2\/product_brand?post=1506"},{"taxonomy":"product_cat","embeddable":true,"href":"https:\/\/shop.yipinqian.com\/es\/wp-json\/wp\/v2\/product_cat?post=1506"},{"taxonomy":"product_tag","embeddable":true,"href":"https:\/\/shop.yipinqian.com\/es\/wp-json\/wp\/v2\/product_tag?post=1506"}],"curies":[{"name":"wp","href":"https:\/\/api.w.org\/{rel}","templated":true}]}}