{"id":1505,"date":"2024-10-24T23:19:43","date_gmt":"2024-10-24T15:19:43","guid":{"rendered":"https:\/\/shop.yipinqian.com\/product\/icy-with-light-green-base-natural-type-a-jadeite-pendant-necklace-crafted-as-flying-horse-symbols-of-good-luck-is-coming-soon-longma-spirit-with-gic-approved-certificate-weigh-4-55-grams-15-6-28-6-3-m\/"},"modified":"2025-02-24T00:49:55","modified_gmt":"2025-02-23T16:49:55","slug":"icy-with-light-green-base-natural-type-a-jadeite-pendant-necklace-crafted-as-flying-horse-symbols-of-good-luck-is-coming-soon-longma-spirit-with-gic-approved-certificate-weigh-4-55-grams-15-6-28-6-3-m","status":"publish","type":"product","link":"https:\/\/shop.yipinqian.com\/es\/producto\/icy-with-light-green-base-natural-type-a-jadeite-pendant-necklace-crafted-as-flying-horse-symbols-of-good-luck-is-coming-soon-longma-spirit-with-gic-approved-certificate-weigh-4-55-grams-15-6-28-6-3-m\/","title":{"rendered":"Icy with light green base Natural Type A Jadeite Pendant Necklace crafted as Flying Horse symbols of Good luck is coming soon, Longma spirit with QIC approved certificate weigh 4.55 grams, 15.6 * 28 * 6.3 mm (pendant65)"},"content":{"rendered":"<p>This Icy jade pendant necklace is a symbol of good luck, crafted in the form of a flying horse. The light green base and natural Type A jadeite make it an elegant addition to your jewelry collection.<\/p>\n<ul>\n<li><strong>Flying Horse Symbol:<\/strong> The pendant is crafted in the form of a flying horse, which symbolizes good luck and energy. Wear it to invite positivity into your life.<\/li>\n<li><strong>Jade\u00edta natural tipo A:<\/strong> Made with high-quality natural Type A Jadeite, this necklace is both stunning and durable. It weighs 4.55 grams and measures 15.6 * 28 * 6.3 mm (pendant65).<\/li>\n<li><strong>QIC Approved Certificate:<\/strong> Comes with QIC approved certificate ensuring authenticity.<\/li>\n<\/ul>\n<p><strong>Certificate numbers: 5424012800730<\/strong><\/p>\n<p><img fetchpriority=\"high\" decoding=\"async\" src=\"https:\/\/shop.yipinqian.com\/wp-content\/uploads\/2024\/10\/4837b0319dff781bbfad864a9fe01fb1.jpg?from=476444299\" width=\"1080\" height=\"1080\" \/><\/p>\n<p>This Longma spirit necklace has been designed for daily wear purposes making it perfect for all occasions regardless of gender or style preference \u2013 casual or formal.<\/p>\n<ul>\n<li><strong>Certificado incluido:<\/strong> This necklace comes with a certificate that confirms its authenticity<\/li>\n<li>Made in Myanmar: Made in Myanmar this product&#8217;s country of origin adds to its exotic touch<\/li>\n<\/ul>\n<p>Elevate your jewelery collection by owning an exquisite piece like this Flying Horse Pendant Necklace made from Natural Type A Jadeite that will be sure to turn heads!<\/p>\n<p>\u00a0<\/p>\n<p>Yi Pin Qian \u2013 Comerciante de piedras preciosas y metales preciosos en Singapur \u2013 N\u00famero de licencia PS20190000031<\/p>\n<p>\u00a0<\/p>\n<p>*Todos los jade\u00edtas comprados a Yi Pin Qian en Singapur, los clientes pueden reservar espacios para pulirlos o hacer reparaciones menores por mal manejo; se aplican tarifas y solo para los clientes de Yi Pin Qian en Singapur*<\/p>\n<p>\u00a0<\/p>\n<p><strong>**Tipos de certificados**<\/strong><\/p>\n<p>\u00a0<\/p>\n<p><strong>NGI (Gemolog\u00eda Nan Yang)<\/strong><\/p>\n<p>o <strong>Certificados en el extranjero <\/strong>(Yi Pin Qian solo utiliza certificados aut\u00e9nticos de laboratorios extranjeros y tambi\u00e9n controla la calidad de cada uno de nuestros productos antes de ponerlos a la venta en SG)<\/p>\n<p>\u00a0<\/p>\n<p>Todos los productos de TikTok contar\u00e1n con el tipo de certificado que se indica en la descripci\u00f3n. Para cualquier cliente que desee enviar su pedido a NGI Singapur, habr\u00e1 un tiempo de espera para la entrega del pedido estimado de aproximadamente 4 semanas para recibirlo. <strong>Las solicitudes de informes de NGI Gemstone deben realizarse enviando un mensaje a la tienda TikTok de Yi Pin Qian.<\/strong> Gracias, <strong><u>Se aplican tarifas adicionales<\/u><\/strong>.<\/p>\n<p>\u00a0<\/p>\n<p><strong>La jade\u00edta natural no es perfecta, solo un peque\u00f1o recordatorio: nuestra jade\u00edta natural, como todas las cosas hermosas de la naturaleza, tiene sus caracter\u00edsticas y variaciones \u00fanicas. Invitamos a nuestros valiosos clientes a adoptar estas variaciones naturales. \u00a1Felices compras!<\/strong><\/p>\n<p>\u00a0<\/p>\n<p><strong><u>Ninguna de las fotograf\u00edas ni los v\u00eddeos han sido filtrados. Animamos a nuestros clientes a que vean tambi\u00e9n los v\u00eddeos adjuntos para tener una visi\u00f3n m\u00e1s completa de nuestros productos.<\/u><\/strong><\/p>\n<p>\u00a0<\/p>\n<p>.<\/p>","protected":false},"excerpt":{"rendered":"<p>This Icy jade pendant necklace is a symbol of good luck, crafted in the form of a flying horse. The light green base and natural Type A jadeite make it an elegant addition to your jewelry collection. Flying Horse Symbol: The pendant is crafted in the form of a flying horse, which symbolizes good luck [&hellip;]<\/p>","protected":false},"featured_media":5515,"comment_status":"open","ping_status":"closed","template":"","meta":[],"product_brand":[],"product_cat":[194],"product_tag":[],"class_list":{"0":"post-1505","1":"product","2":"type-product","3":"status-publish","4":"has-post-thumbnail","6":"product_cat-value-picks","8":"first","9":"instock","10":"sale","11":"shipping-taxable","12":"purchasable","13":"product-type-simple"},"_links":{"self":[{"href":"https:\/\/shop.yipinqian.com\/es\/wp-json\/wp\/v2\/product\/1505","targetHints":{"allow":["GET"]}}],"collection":[{"href":"https:\/\/shop.yipinqian.com\/es\/wp-json\/wp\/v2\/product"}],"about":[{"href":"https:\/\/shop.yipinqian.com\/es\/wp-json\/wp\/v2\/types\/product"}],"replies":[{"embeddable":true,"href":"https:\/\/shop.yipinqian.com\/es\/wp-json\/wp\/v2\/comments?post=1505"}],"version-history":[{"count":0,"href":"https:\/\/shop.yipinqian.com\/es\/wp-json\/wp\/v2\/product\/1505\/revisions"}],"wp:featuredmedia":[{"embeddable":true,"href":"https:\/\/shop.yipinqian.com\/es\/wp-json\/wp\/v2\/media\/5515"}],"wp:attachment":[{"href":"https:\/\/shop.yipinqian.com\/es\/wp-json\/wp\/v2\/media?parent=1505"}],"wp:term":[{"taxonomy":"product_brand","embeddable":true,"href":"https:\/\/shop.yipinqian.com\/es\/wp-json\/wp\/v2\/product_brand?post=1505"},{"taxonomy":"product_cat","embeddable":true,"href":"https:\/\/shop.yipinqian.com\/es\/wp-json\/wp\/v2\/product_cat?post=1505"},{"taxonomy":"product_tag","embeddable":true,"href":"https:\/\/shop.yipinqian.com\/es\/wp-json\/wp\/v2\/product_tag?post=1505"}],"curies":[{"name":"wp","href":"https:\/\/api.w.org\/{rel}","templated":true}]}}