{"id":15036,"date":"2024-12-18T15:26:33","date_gmt":"2024-12-18T07:26:33","guid":{"rendered":"https:\/\/shop.yipinqian.com\/high-quality-ruyi-pendant-icy-translucent-natural-type-a-jadeite-added-with-18k-clasp-certificate-weighs-3-65-grams-measurement-16-3-21-4-5-2-mm-18kp94\/"},"modified":"2025-02-10T00:00:17","modified_gmt":"2025-02-09T16:00:17","slug":"high-quality-ruyi-pendant-icy-translucent-natural-type-a-jadeite-added-with-18k-clasp-certificate-weighs-3-65-grams-measurement-16-3-21-4-5-2-mm-18kp94","status":"publish","type":"product","link":"https:\/\/shop.yipinqian.com\/es\/producto\/high-quality-ruyi-pendant-icy-translucent-natural-type-a-jadeite-added-with-18k-clasp-certificate-weighs-3-65-grams-measurement-16-3-21-4-5-2-mm-18kp94\/","title":{"rendered":"Colgante Ruyi de alta calidad, jade\u00edta natural transl\u00facida helada tipo A con cierre de 18 k, certificado, pesa 3,65 gramos, medida 16,3 * 21,4 * 5,2 mm (18kp94)"},"content":{"rendered":"<p><iframe title=\"Icy Translucent Ruyi Pendant\" src=\"https:\/\/youtube.com\/embed\/WO4Eg6ByGi0\" width=\"330\" height=\"300\"><\/iframe><\/p>\n<p>Experimente la elegancia con nuestro colgante Ruyi de alta calidad elaborado con jade\u00edta natural tipo A transl\u00facida helada, que cuenta con un lujoso cierre de oro de 18 quilates. Muy recomendable<\/p>\n<p>&nbsp;<\/p>\n<p>N\u00fameros de certificado: GD2111H006112<\/p>\n<p>&nbsp;<\/p>\n<p>Cierre de oro de 18k: 0,305 gramos<\/p>\n<p><img fetchpriority=\"high\" decoding=\"async\" class=\"alignnone\" src=\"https:\/\/shop.yipinqian.com\/wp-content\/uploads\/2024\/12\/fcf102724b874464bc0f26f533214abetplv-aphluv4xwc-origin-jpeg.jpeg?dr=15568&amp;nonce=71030&amp;refresh_token=c595b49b31e3e3d62b4c0b9e0f04b1c2&amp;from=476444299&amp;idc=my2&amp;ps=933b5bde&amp;shcp=9b759fb9&amp;shp=1c65f68b&amp;t=555f072d\" alt=\"Quality Ruyi pendant\" width=\"1080\" height=\"1080\" \/><\/p>\n<ul>\n<li><strong>Artesan\u00eda:<\/strong> Fabricado con jade\u00edta tipo A de primera calidad con un aspecto helado transl\u00facido.<\/li>\n<li><strong>Dimensiones:<\/strong> Pesa 3,65 gramos, mide 16,3 * 21,4 * 5,2 mm.<\/li>\n<li><strong>Origen:<\/strong> Hecho a mano en Myanmar, lo que garantiza autenticidad y calidad.<\/li>\n<li><strong>G\u00e9nero Neutral:<\/strong>El colgante est\u00e1 dise\u00f1ado para uso unisex, lo que lo hace perfecto para cualquier persona.<\/li>\n<\/ul>\n<p><img decoding=\"async\" src=\"https:\/\/shop.yipinqian.com\/wp-content\/uploads\/2024\/12\/ede45e3ee9fd4f868bbfa540b0e23a2dtplv-aphluv4xwc-origin-jpeg.jpeg?dr=15568&amp;nonce=68508&amp;refresh_token=9f5af84e096b2ba66dcbb6c13cf57757&amp;from=476444299&amp;idc=my2&amp;ps=933b5bde&amp;shcp=9b759fb9&amp;shp=1c65f68b&amp;t=555f072d\" width=\"1080\" height=\"1080\" \/><img decoding=\"async\" src=\"https:\/\/shop.yipinqian.com\/wp-content\/uploads\/2024\/12\/f93c39723840452c9bb9b7883bbce9f3tplv-aphluv4xwc-origin-jpeg.jpeg?dr=15568&amp;nonce=71373&amp;refresh_token=3c129ed051f22b7b5c6a112099163a4c&amp;from=476444299&amp;idc=my2&amp;ps=933b5bde&amp;shcp=9b759fb9&amp;shp=1c65f68b&amp;t=555f072d\" width=\"1080\" height=\"1080\" \/><\/p>\n<p>Este collar informal es ideal para usar a diario y agrega un toque de sofisticaci\u00f3n a cualquier atuendo. Tenga en cuenta que este producto no incluye garant\u00eda.<\/p>\n<p>&nbsp;<\/p>\n<p>Yi Pin Qian \u2013 Comerciante de piedras preciosas y metales preciosos en Singapur \u2013 N\u00famero de licencia PS20190000031<\/p>\n<p>&nbsp;<\/p>\n<p>*Todos los jade\u00edtas comprados a Yi Pin Qian en Singapur, los clientes pueden reservar espacios para pulirlos o hacer reparaciones menores por mal manejo; se aplican tarifas y solo para los clientes de Yi Pin Qian en Singapur*<\/p>\n<p>&nbsp;<\/p>\n<p><strong>**Tipos de certificados**<\/strong><\/p>\n<p>&nbsp;<\/p>\n<p><strong>NGI (Gemolog\u00eda Nan Yang)<\/strong><\/p>\n<p>o <strong>Certificados en el extranjero <\/strong>(Yi Pin Qian solo utiliza certificados aut\u00e9nticos de laboratorios extranjeros y tambi\u00e9n controla la calidad de cada uno de nuestros productos antes de ponerlos a la venta en SG)<\/p>\n<p>&nbsp;<\/p>\n<p>Cada producto tendr\u00e1 el tipo de certificado proporcionado indicado en la descripci\u00f3n. Para cualquier cliente que desee enviar su pedido a NGI Singapur, <strong>Las solicitudes de informes de NGI Gemstone deben realizarse envi\u00e1ndonos un mensaje.<\/strong> Gracias, <strong><u>Se aplican tarifas adicionales<\/u><\/strong> \u2013 $90 para jade\u00edta \/ $150 para jade\u00edta con oro de 18k \/ $150 para cuentas de jade\u00edta \u2013 no es obligatorio ya que la mayor\u00eda de nuestros productos ya vienen con certificado extranjero o informe NGI.<\/p>\n<p>&nbsp;<\/p>\n<p>(Para m\u00e1s detalles o solicitud adicional: <strong>Env\u00edenos un mensaje si desea enviar el art\u00edculo comprado al laboratorio de pruebas de NGI.<\/strong>)<\/p>\n<p>&nbsp;<\/p>\n<p><strong>La jade\u00edta natural no es perfecta, solo un peque\u00f1o recordatorio: nuestra jade\u00edta natural, como todas las cosas hermosas de la naturaleza, tiene sus caracter\u00edsticas y variaciones \u00fanicas. Invitamos a nuestros valiosos clientes a adoptar estas variaciones naturales. \u00a1Felices compras!<\/strong><\/p>\n<p>&nbsp;<\/p>\n<p><strong><u>Ninguna de las fotograf\u00edas ni los v\u00eddeos han sido filtrados. Animamos a nuestros clientes a que vean tambi\u00e9n los v\u00eddeos adjuntos para tener una visi\u00f3n m\u00e1s completa de nuestros productos.<\/u><\/strong><\/p>\n<p>&nbsp;<\/p>\n<ul>\n<li>Las diferentes plataformas solo pueden ver videos a trav\u00e9s de la computadora de escritorio<\/li>\n<\/ul>","protected":false},"excerpt":{"rendered":"<p>Experimente la elegancia con nuestro colgante Ruyi de alta calidad elaborado con jade\u00edta natural tipo A transl\u00facida helada, que cuenta con un lujoso cierre de oro de 18 quilates. Muy recomendable<\/p>","protected":false},"featured_media":15063,"comment_status":"open","ping_status":"closed","template":"","meta":[],"product_brand":[],"product_cat":[120,83,126,48],"product_tag":[52,65,54,55,58,73,59,60,61,62],"class_list":{"0":"post-15036","1":"product","2":"type-product","3":"status-publish","4":"has-post-thumbnail","6":"product_cat-18k-gold-setting-pendants","7":"product_cat-jade-necklaces-pendants","8":"product_cat-new-arrivals","9":"product_cat-pendants","10":"product_tag-certified","11":"product_tag-high-quality","12":"product_tag-icy","13":"product_tag-jadeite","14":"product_tag-new-arrivals","15":"product_tag-pendant","16":"product_tag-translucent","17":"product_tag-type-a-jadeite","18":"product_tag-unisex","19":"product_tag-yi-pin-qian-exclusive","21":"first","22":"instock","23":"sale","24":"shipping-taxable","25":"purchasable","26":"product-type-simple"},"_links":{"self":[{"href":"https:\/\/shop.yipinqian.com\/es\/wp-json\/wp\/v2\/product\/15036","targetHints":{"allow":["GET"]}}],"collection":[{"href":"https:\/\/shop.yipinqian.com\/es\/wp-json\/wp\/v2\/product"}],"about":[{"href":"https:\/\/shop.yipinqian.com\/es\/wp-json\/wp\/v2\/types\/product"}],"replies":[{"embeddable":true,"href":"https:\/\/shop.yipinqian.com\/es\/wp-json\/wp\/v2\/comments?post=15036"}],"version-history":[{"count":0,"href":"https:\/\/shop.yipinqian.com\/es\/wp-json\/wp\/v2\/product\/15036\/revisions"}],"wp:featuredmedia":[{"embeddable":true,"href":"https:\/\/shop.yipinqian.com\/es\/wp-json\/wp\/v2\/media\/15063"}],"wp:attachment":[{"href":"https:\/\/shop.yipinqian.com\/es\/wp-json\/wp\/v2\/media?parent=15036"}],"wp:term":[{"taxonomy":"product_brand","embeddable":true,"href":"https:\/\/shop.yipinqian.com\/es\/wp-json\/wp\/v2\/product_brand?post=15036"},{"taxonomy":"product_cat","embeddable":true,"href":"https:\/\/shop.yipinqian.com\/es\/wp-json\/wp\/v2\/product_cat?post=15036"},{"taxonomy":"product_tag","embeddable":true,"href":"https:\/\/shop.yipinqian.com\/es\/wp-json\/wp\/v2\/product_tag?post=15036"}],"curies":[{"name":"wp","href":"https:\/\/api.w.org\/{rel}","templated":true}]}}