{"id":1503,"date":"2024-10-24T23:19:42","date_gmt":"2024-10-24T15:19:42","guid":{"rendered":"https:\/\/shop.yipinqian.com\/product\/icy-with-good-translucent-glossy-texture-natural-type-a-jadeite-pendant-necklace-crafted-with-monkey-on-chayote-symbols-of-golden-monkey-brings-longevity-and-double-blessings-certificate-included-weig\/"},"modified":"2025-02-24T01:34:19","modified_gmt":"2025-02-23T17:34:19","slug":"icy-with-good-translucent-glossy-texture-natural-type-a-jadeite-pendant-necklace-crafted-with-monkey-on-chayote-symbols-of-golden-monkey-brings-longevity-and-double-blessings-certificate-included-weig","status":"publish","type":"product","link":"https:\/\/shop.yipinqian.com\/es\/producto\/icy-with-good-translucent-glossy-texture-natural-type-a-jadeite-pendant-necklace-crafted-with-monkey-on-chayote-symbols-of-golden-monkey-brings-longevity-and-double-blessings-certificate-included-weig\/","title":{"rendered":"Collar colgante de jade\u00edta natural tipo A con textura brillante transl\u00facida de buena calidad, elaborado con s\u00edmbolos de mono sobre chayote. El mono dorado trae longevidad y bendiciones dobles, certificado incluido, pesa 16,84 gramos, 44 * 21,3 * 11,8 mm, jade coleccionable"},"content":{"rendered":"<p>Este <strong>Collar con colgante de jade\u00edta natural tipo A <\/strong>cuenta con una <strong><u>Textura helada con un acabado brillante y transl\u00facido.<\/u><\/strong>El colgante est\u00e1 elaborado por expertos con un <strong>Mono dorado sobre chayote<\/strong> s\u00edmbolo, <strong><u>Significa longevidad y doble bendici\u00f3n.<\/u><\/strong>.<\/p>\n<p>\u00a0<\/p>\n<p>Esta pieza de jade coleccionable pesa <strong>16,84 gramos<\/strong> y medidas <strong>44 * 21.3 * 11.8<\/strong> mm. El collar viene con un certificado de autenticidad.\u00a0<\/p>\n<p>\u00a0<\/p>\n<p><strong>N\u00fameros de certificado: GD2111H014909<\/strong><\/p>\n<p><img fetchpriority=\"high\" decoding=\"async\" height=\"1080\" src=\"https:\/\/shop.yipinqian.com\/wp-content\/uploads\/2024\/10\/8f735e7d50251a5d4af064aa0758e646.jpg?from=476444299\" width=\"1080\"><\/p>\n<p>Es el accesorio perfecto para el uso diario y a\u00f1ade un elemento de sofisticaci\u00f3n a cualquier atuendo informal. Este collar, elaborado con jade\u00edta de alta calidad, est\u00e1 dise\u00f1ado para durar sin comprometer el estilo ni la belleza, por lo que es adecuado para ambos sexos. En resumen:<\/p>\n<ul>\n<li>Textura helada con acabado brillante.<\/li>\n<li>Elaborado con el s\u00edmbolo de mono dorado sobre chayote.<\/li>\n<li><strong>Pesa 16,84 gramos; mide 44 * 21,3 * 11,8 mm<\/strong><\/li>\n<li>Viene con certificado de autenticidad.<\/li>\n<li>Ideal para uso diario; accesorio perfecto para un estilo casual.<\/li>\n<\/ul>\n<p>Yi Pin Qian \u2013 Comerciante de piedras preciosas y metales preciosos en Singapur \u2013 N\u00famero de licencia PS20190000031<\/p>\n<p>\u00a0<\/p>\n<p>*Todos los jade\u00edtas comprados a Yi Pin Qian en Singapur, los clientes pueden reservar espacios para pulirlos o hacer reparaciones menores por mal manejo; se aplican tarifas y solo para los clientes de Yi Pin Qian en Singapur*<\/p>\n<p>\u00a0<\/p>\n<p><strong>**Tipos de certificados**<\/strong><\/p>\n<p>\u00a0<\/p>\n<p><strong>NGI (Gemolog\u00eda Nan Yang)<\/strong><\/p>\n<p>o <strong>Certificados en el extranjero <\/strong>(Yi Pin Qian solo utiliza certificados aut\u00e9nticos de laboratorios extranjeros y tambi\u00e9n controla la calidad de cada uno de nuestros productos antes de ponerlos a la venta en SG)<\/p>\n<p>\u00a0<\/p>\n<p>Todos los productos de TikTok contar\u00e1n con el tipo de certificado que se indica en la descripci\u00f3n. Para cualquier cliente que desee enviar su pedido a NGI Singapur, habr\u00e1 un tiempo de espera para la entrega del pedido estimado de aproximadamente 4 semanas para recibirlo. <strong>Las solicitudes de informes de NGI Gemstone deben realizarse enviando un mensaje a la tienda TikTok de Yi Pin Qian.<\/strong> Gracias, <strong><u>Se aplican tarifas adicionales<\/u><\/strong>.<\/p>\n<p>\u00a0<\/p>\n<p><strong>La jade\u00edta natural no es perfecta, solo un peque\u00f1o recordatorio: nuestra jade\u00edta natural, como todas las cosas hermosas de la naturaleza, tiene sus caracter\u00edsticas y variaciones \u00fanicas. Invitamos a nuestros valiosos clientes a adoptar estas variaciones naturales. \u00a1Felices compras!<\/strong><\/p>\n<p>\u00a0<\/p>\n<p><strong><u>Ninguna de las fotograf\u00edas ni los v\u00eddeos han sido filtrados. Animamos a nuestros clientes a que vean tambi\u00e9n los v\u00eddeos adjuntos para tener una visi\u00f3n m\u00e1s completa de nuestros productos.<\/u><\/strong><\/p>","protected":false},"excerpt":{"rendered":"<p>This Natural Type A Jadeite Pendant Necklace features an Icy texture with a glossy, translucent finish. The pendant is expertly crafted with a Golden Monkey on Chayote symbol, signifying Longevity and Double Blessings. \u00a0 This collectible jade piece weighs 16.84 grams and measures 44 * 21.3 * 11.8 mm. The necklace comes with a certificate [&hellip;]<\/p>","protected":false},"featured_media":5495,"comment_status":"open","ping_status":"closed","template":"","meta":[],"product_brand":[],"product_cat":[196],"product_tag":[],"class_list":{"0":"post-1503","1":"product","2":"type-product","3":"status-publish","4":"has-post-thumbnail","6":"product_cat-vault-collection","8":"first","9":"instock","10":"sale","11":"shipping-taxable","12":"purchasable","13":"product-type-simple"},"_links":{"self":[{"href":"https:\/\/shop.yipinqian.com\/es\/wp-json\/wp\/v2\/product\/1503","targetHints":{"allow":["GET"]}}],"collection":[{"href":"https:\/\/shop.yipinqian.com\/es\/wp-json\/wp\/v2\/product"}],"about":[{"href":"https:\/\/shop.yipinqian.com\/es\/wp-json\/wp\/v2\/types\/product"}],"replies":[{"embeddable":true,"href":"https:\/\/shop.yipinqian.com\/es\/wp-json\/wp\/v2\/comments?post=1503"}],"version-history":[{"count":0,"href":"https:\/\/shop.yipinqian.com\/es\/wp-json\/wp\/v2\/product\/1503\/revisions"}],"wp:featuredmedia":[{"embeddable":true,"href":"https:\/\/shop.yipinqian.com\/es\/wp-json\/wp\/v2\/media\/5495"}],"wp:attachment":[{"href":"https:\/\/shop.yipinqian.com\/es\/wp-json\/wp\/v2\/media?parent=1503"}],"wp:term":[{"taxonomy":"product_brand","embeddable":true,"href":"https:\/\/shop.yipinqian.com\/es\/wp-json\/wp\/v2\/product_brand?post=1503"},{"taxonomy":"product_cat","embeddable":true,"href":"https:\/\/shop.yipinqian.com\/es\/wp-json\/wp\/v2\/product_cat?post=1503"},{"taxonomy":"product_tag","embeddable":true,"href":"https:\/\/shop.yipinqian.com\/es\/wp-json\/wp\/v2\/product_tag?post=1503"}],"curies":[{"name":"wp","href":"https:\/\/api.w.org\/{rel}","templated":true}]}}