{"id":15024,"date":"2024-12-18T15:26:13","date_gmt":"2024-12-18T07:26:13","guid":{"rendered":"https:\/\/shop.yipinqian.com\/crafted-as-ruyi-with-money-pendant-on-yellow-icy-high-quality-natural-type-a-jadeite-jade-certificate-weighs-35-57-grams-measurement-48-3-30-9-14-mm-pendant385\/"},"modified":"2025-01-26T00:00:49","modified_gmt":"2025-01-25T16:00:49","slug":"crafted-as-ruyi-with-money-pendant-on-yellow-icy-high-quality-natural-type-a-jadeite-jade-certificate-weighs-35-57-grams-measurement-48-3-30-9-14-mm-pendant385","status":"publish","type":"product","link":"https:\/\/shop.yipinqian.com\/es\/producto\/crafted-as-ruyi-with-money-pendant-on-yellow-icy-high-quality-natural-type-a-jadeite-jade-certificate-weighs-35-57-grams-measurement-48-3-30-9-14-mm-pendant385\/","title":{"rendered":"Fabricado como Ruyi con colgante de dinero en jade\u00edta natural tipo A de alta calidad helada amarilla, certificado, pesa 35,57 gramos, medida 48,3 * 30,9 * 14 mm (colgante 385)"},"content":{"rendered":"<p><iframe title=\"Ruyi del mono amarillo\" src=\"https:\/\/youtube.com\/embed\/sFkk1dd47Fk\" width=\"330\" height=\"300\"><\/iframe><\/p>\n<p>Descubra la elegancia de nuestro colgante Ruyi con dinero, bellamente elaborado con jade\u00edta natural tipo A de alta calidad.<\/p>\n<p><\/p>\n<p>N\u00fameros de certificado: GD2202H004470<\/p>\n<p><img fetchpriority=\"high\" decoding=\"async\" src=\"https:\/\/shop.yipinqian.com\/wp-content\/uploads\/2024\/12\/84b0876f137e4ad98e261edc889760b6tplv-aphluv4xwc-origin-jpeg.jpeg?dr=15568&#038;nonce=67372&#038;refresh_token=b6677d55bfdc827203ffc69ed43cf322&#038;from=476444299&#038;idc=my2&#038;ps=933b5bde&#038;shcp=9b759fb9&#038;shp=1c65f68b&#038;t=555f072d\" width=\"1080\" height=\"1080\"><\/p>\n<ul>\n<li>\n<strong>Presupuesto:<\/strong> Pesa 35,57 gramos, con unas medidas de 48,3 * 30,9 * 14 mm.<\/li>\n<li>\n<strong>Origen:<\/strong> Procedente de Myanmar, lo que garantiza autenticidad y calidad.<\/li>\n<li>\n<strong>Certificaci\u00f3n:<\/strong> Viene con un certificado que verifica su calidad de jade natural.<\/li>\n<\/ul>\n<p><img decoding=\"async\" src=\"https:\/\/shop.yipinqian.com\/wp-content\/uploads\/2024\/12\/0bd997d9695a4d2cba50b088b3a044ddtplv-aphluv4xwc-origin-jpeg.jpeg?dr=15568&#038;nonce=52494&#038;refresh_token=d9b051734501c42e5e29dec0c271c4e5&#038;from=476444299&#038;idc=my2&#038;ps=933b5bde&#038;shcp=9b759fb9&#038;shp=1c65f68b&#038;t=555f072d\" width=\"1080\" height=\"1080\"><img decoding=\"async\" src=\"https:\/\/shop.yipinqian.com\/wp-content\/uploads\/2024\/12\/1fe1808b78e14848b7f697d085937aa4tplv-aphluv4xwc-origin-jpeg.jpeg?dr=15568&#038;nonce=24955&#038;refresh_token=fa1f61c03a0e587daffb1c383c01c8e3&#038;from=476444299&#038;idc=my2&#038;ps=933b5bde&#038;shcp=9b759fb9&#038;shp=1c65f68b&#038;t=555f072d\" width=\"1080\" height=\"1080\"><\/p>\n<p>Este colgante unisex es perfecto para usar a diario y a\u00f1ade un toque informal pero sofisticado a cualquier atuendo. \u00a1Disfruta de la belleza atemporal de esta exquisita pieza!<\/p>\n<p><\/p>\n<p>Yi Pin Qian \u2013 Comerciante de piedras preciosas y metales preciosos en Singapur \u2013 N\u00famero de licencia PS20190000031<\/p>\n<p><\/p>\n<p>*Todos los jade\u00edtas comprados a Yi Pin Qian en Singapur, los clientes pueden reservar espacios para pulirlos o hacer reparaciones menores por mal manejo; se aplican tarifas y solo para los clientes de Yi Pin Qian en Singapur*<\/p>\n<p><\/p>\n<p><strong>**Tipos de certificados**<\/strong><\/p>\n<p><\/p>\n<p><strong>NGI (Gemolog\u00eda Nan Yang)<\/strong><\/p>\n<p>o <strong>Certificados en el extranjero <\/strong>(Yi Pin Qian solo utiliza certificados aut\u00e9nticos de laboratorios extranjeros y tambi\u00e9n controla la calidad de cada uno de nuestros productos antes de ponerlos a la venta en SG)<\/p>\n<p><\/p>\n<p>Cada producto tendr\u00e1 el tipo de certificado proporcionado indicado en la descripci\u00f3n. Para cualquier cliente que desee enviar su pedido a NGI Singapur, <strong>Las solicitudes de informes de NGI Gemstone deben realizarse envi\u00e1ndonos un mensaje.<\/strong> Gracias, <strong><u>Se aplican tarifas adicionales<\/u><\/strong> \u2013 $90 para jade\u00edta \/ $150 para jade\u00edta con oro de 18k \/ $150 para cuentas de jade\u00edta \u2013 no es obligatorio ya que la mayor\u00eda de nuestros productos ya vienen con certificado extranjero o informe NGI.<\/p>\n<p><\/p>\n<p>(Para m\u00e1s detalles o solicitud adicional: <strong>Env\u00edenos un mensaje si desea enviar el art\u00edculo comprado al laboratorio de pruebas de NGI.<\/strong>)<\/p>\n<p><\/p>\n<p><strong>La jade\u00edta natural no es perfecta, solo un peque\u00f1o recordatorio: nuestra jade\u00edta natural, como todas las cosas hermosas de la naturaleza, tiene sus caracter\u00edsticas y variaciones \u00fanicas. Invitamos a nuestros valiosos clientes a adoptar estas variaciones naturales. \u00a1Felices compras!<\/strong><\/p>\n<p><\/p>\n<p><strong><u>Ninguna de las fotograf\u00edas ni los v\u00eddeos han sido filtrados. Animamos a nuestros clientes a que vean tambi\u00e9n los v\u00eddeos adjuntos para tener una visi\u00f3n m\u00e1s completa de nuestros productos.<\/u><\/strong><\/p>\n<p><\/p>\n<ul>\n<li>Las diferentes plataformas solo pueden ver videos a trav\u00e9s de la computadora de escritorio<\/li>\n<\/ul>","protected":false},"excerpt":{"rendered":"<p>Discover the elegance of our Ruyi with Money Pendant, beautifully crafted from high-quality Natural Type A Jadeite Jade. Certificate numbers: GD2202H004470 Specifications: Weighs 35.57 grams, with measurements of 48.3 * 30.9 * 14 mm. Origin: Sourced from Myanmar, ensuring authenticity and quality. Cerification: Comes with a certificate verifying its natural jade quality. This unisex pendant [&hellip;]<\/p>","protected":false},"featured_media":15032,"comment_status":"open","ping_status":"closed","template":"","meta":[],"product_brand":[],"product_cat":[83,126,48],"product_tag":[52,65,55,58,73,59,60,61,68],"class_list":{"0":"post-15024","1":"product","2":"type-product","3":"status-publish","4":"has-post-thumbnail","6":"product_cat-jade-necklaces-pendants","7":"product_cat-new-arrivals","8":"product_cat-pendants","9":"product_tag-certified","10":"product_tag-high-quality","11":"product_tag-jadeite","12":"product_tag-new-arrivals","13":"product_tag-pendant","14":"product_tag-translucent","15":"product_tag-type-a-jadeite","16":"product_tag-unisex","17":"product_tag-yellow","19":"first","20":"instock","21":"sale","22":"shipping-taxable","23":"purchasable","24":"product-type-simple"},"_links":{"self":[{"href":"https:\/\/shop.yipinqian.com\/es\/wp-json\/wp\/v2\/product\/15024","targetHints":{"allow":["GET"]}}],"collection":[{"href":"https:\/\/shop.yipinqian.com\/es\/wp-json\/wp\/v2\/product"}],"about":[{"href":"https:\/\/shop.yipinqian.com\/es\/wp-json\/wp\/v2\/types\/product"}],"replies":[{"embeddable":true,"href":"https:\/\/shop.yipinqian.com\/es\/wp-json\/wp\/v2\/comments?post=15024"}],"version-history":[{"count":0,"href":"https:\/\/shop.yipinqian.com\/es\/wp-json\/wp\/v2\/product\/15024\/revisions"}],"wp:featuredmedia":[{"embeddable":true,"href":"https:\/\/shop.yipinqian.com\/es\/wp-json\/wp\/v2\/media\/15032"}],"wp:attachment":[{"href":"https:\/\/shop.yipinqian.com\/es\/wp-json\/wp\/v2\/media?parent=15024"}],"wp:term":[{"taxonomy":"product_brand","embeddable":true,"href":"https:\/\/shop.yipinqian.com\/es\/wp-json\/wp\/v2\/product_brand?post=15024"},{"taxonomy":"product_cat","embeddable":true,"href":"https:\/\/shop.yipinqian.com\/es\/wp-json\/wp\/v2\/product_cat?post=15024"},{"taxonomy":"product_tag","embeddable":true,"href":"https:\/\/shop.yipinqian.com\/es\/wp-json\/wp\/v2\/product_tag?post=15024"}],"curies":[{"name":"wp","href":"https:\/\/api.w.org\/{rel}","templated":true}]}}