{"id":1502,"date":"2024-10-24T23:19:42","date_gmt":"2024-10-24T15:19:42","guid":{"rendered":"https:\/\/shop.yipinqian.com\/product\/icy-variety-with-good-translucency-natural-type-a-jadeite-bracelet-measurement-at-5-7mm-with-37-beads-certificate-included-weigh-8-60-grams-suitable-for-casual-wear-and-yet-look-elegant-bracelet6\/"},"modified":"2025-02-24T00:49:55","modified_gmt":"2025-02-23T16:49:55","slug":"icy-variety-with-good-translucency-natural-type-a-jadeite-bracelet-measurement-at-5-7mm-with-37-beads-certificate-included-weigh-8-60-grams-suitable-for-casual-wear-and-yet-look-elegant-bracelet6","status":"publish","type":"product","link":"https:\/\/shop.yipinqian.com\/es\/producto\/icy-variety-with-good-translucency-natural-type-a-jadeite-bracelet-measurement-at-5-7mm-with-37-beads-certificate-included-weigh-8-60-grams-suitable-for-casual-wear-and-yet-look-elegant-bracelet6\/","title":{"rendered":"Pulsera de jade\u00edta natural tipo A de variedad helada con buena translucidez, medida de 5,7 mm con 37 cuentas, certificado incluido, peso de 8,60 gramos, adecuada para uso informal y, sin embargo, luce elegante (pulsera 6)"},"content":{"rendered":"<p>Esta pulsera de jade\u00edta natural tipo A de variedad helada y buena translucidez es una incorporaci\u00f3n sorprendente a cualquier colecci\u00f3n de joyas. Las 37 cuentas miden 5,7 mm y pesan 8,60 gramos, lo que la hace adecuada para usar a diario sin dejar de lucir elegante.<\/p>\n<ul>\n<li>\n<strong>Hermoso dise\u00f1o:<\/strong> Esta pulsera presenta una hermosa variedad helada con buena translucidez, lo que hace que cada una de las cuentas sea \u00fanica y llamativa.<\/li>\n<li>\n<strong>Certificado incluido:<\/strong> Con un certificado incluido, puede estar seguro de la autenticidad de esta pulsera de jade\u00edta natural tipo A.<\/li>\n<\/ul>\n<p><strong>N\u00fameros de certificado: ZJ23040916371<\/strong><\/p>\n<p><img fetchpriority=\"high\" decoding=\"async\" height=\"1080\" src=\"https:\/\/shop.yipinqian.com\/wp-content\/uploads\/2024\/10\/802de2fe92bf67393a8668662f930398.jpg?from=476444299\" width=\"1080\"><\/p>\n<ul>\n<li>\n<strong>Estilo femenino:<\/strong> Dise\u00f1ada para mujeres, esta pulsera de jade es perfecta para quienes desean agregar un toque elegante a su ropa casual o complementar cualquier atuendo.<\/li>\n<\/ul>\n<p>El pa\u00eds de origen de esta pieza es Myanmar y viene con un certificado de autenticidad. El tipo de garant\u00eda no est\u00e1 disponible, pero su impresionante dise\u00f1o y su artesan\u00eda de calidad garantizan que te durar\u00e1 muchos a\u00f1os.<\/p>\n<p>\u00a0<\/p>\n<p>Yi Pin Qian \u2013 Comerciante de piedras preciosas y metales preciosos en Singapur \u2013 N\u00famero de licencia PS20190000031<\/p>\n<p>\u00a0<\/p>\n<p>*Todos los jade\u00edtas comprados a Yi Pin Qian en Singapur, los clientes pueden reservar espacios para pulirlos o hacer reparaciones menores por mal manejo; se aplican tarifas y solo para los clientes de Yi Pin Qian en Singapur*<\/p>\n<p>\u00a0<\/p>\n<p><strong>**Tipos de certificados**<\/strong><\/p>\n<p>\u00a0<\/p>\n<p><strong>NGI (Gemolog\u00eda Nan Yang)<\/strong><\/p>\n<p>o <strong>Certificados en el extranjero <\/strong>(Yi Pin Qian solo utiliza certificados aut\u00e9nticos de laboratorios extranjeros y tambi\u00e9n controla la calidad de cada uno de nuestros productos antes de ponerlos a la venta en SG)<\/p>\n<p>\u00a0<\/p>\n<p>Todos los productos de TikTok contar\u00e1n con el tipo de certificado que se indica en la descripci\u00f3n. Para cualquier cliente que desee enviar su pedido a NGI Singapur, habr\u00e1 un tiempo de espera para la entrega del pedido estimado de aproximadamente 4 semanas para recibirlo. <strong>Las solicitudes de informes de NGI Gemstone deben realizarse enviando un mensaje a la tienda TikTok de Yi Pin Qian.<\/strong> Gracias, <strong><u>Se aplican tarifas adicionales<\/u><\/strong>.<\/p>\n<p>\u00a0<\/p>\n<p><strong>La jade\u00edta natural no es perfecta, solo un peque\u00f1o recordatorio: nuestra jade\u00edta natural, como todas las cosas hermosas de la naturaleza, tiene sus caracter\u00edsticas y variaciones \u00fanicas. Invitamos a nuestros valiosos clientes a adoptar estas variaciones naturales. \u00a1Felices compras!<\/strong><\/p>\n<p>\u00a0<\/p>\n<p><strong><u>Ninguna de las fotograf\u00edas ni los v\u00eddeos han sido filtrados. Animamos a nuestros clientes a que vean tambi\u00e9n los v\u00eddeos adjuntos para tener una visi\u00f3n m\u00e1s completa de nuestros productos.<\/u><\/strong><\/p>","protected":false},"excerpt":{"rendered":"<p>Esta pulsera de jade\u00edta natural tipo A de variedad helada con buena translucidez es una incorporaci\u00f3n sorprendente a cualquier colecci\u00f3n de joyas. Las 37 cuentas miden 5,7 mm y pesan 8,60 gramos, lo que la hace adecuada para el uso diario sin dejar de lucir elegante. Hermoso dise\u00f1o: esta pulsera presenta una hermosa variedad helada con buena translucidez, lo que hace que cada una de las [\u2026]<\/p>","protected":false},"featured_media":5486,"comment_status":"open","ping_status":"closed","template":"","meta":[],"product_brand":[],"product_cat":[194],"product_tag":[],"class_list":{"0":"post-1502","1":"product","2":"type-product","3":"status-publish","4":"has-post-thumbnail","6":"product_cat-value-picks","8":"first","9":"instock","10":"sale","11":"shipping-taxable","12":"purchasable","13":"product-type-simple"},"_links":{"self":[{"href":"https:\/\/shop.yipinqian.com\/es\/wp-json\/wp\/v2\/product\/1502","targetHints":{"allow":["GET"]}}],"collection":[{"href":"https:\/\/shop.yipinqian.com\/es\/wp-json\/wp\/v2\/product"}],"about":[{"href":"https:\/\/shop.yipinqian.com\/es\/wp-json\/wp\/v2\/types\/product"}],"replies":[{"embeddable":true,"href":"https:\/\/shop.yipinqian.com\/es\/wp-json\/wp\/v2\/comments?post=1502"}],"version-history":[{"count":0,"href":"https:\/\/shop.yipinqian.com\/es\/wp-json\/wp\/v2\/product\/1502\/revisions"}],"wp:featuredmedia":[{"embeddable":true,"href":"https:\/\/shop.yipinqian.com\/es\/wp-json\/wp\/v2\/media\/5486"}],"wp:attachment":[{"href":"https:\/\/shop.yipinqian.com\/es\/wp-json\/wp\/v2\/media?parent=1502"}],"wp:term":[{"taxonomy":"product_brand","embeddable":true,"href":"https:\/\/shop.yipinqian.com\/es\/wp-json\/wp\/v2\/product_brand?post=1502"},{"taxonomy":"product_cat","embeddable":true,"href":"https:\/\/shop.yipinqian.com\/es\/wp-json\/wp\/v2\/product_cat?post=1502"},{"taxonomy":"product_tag","embeddable":true,"href":"https:\/\/shop.yipinqian.com\/es\/wp-json\/wp\/v2\/product_tag?post=1502"}],"curies":[{"name":"wp","href":"https:\/\/api.w.org\/{rel}","templated":true}]}}