{"id":14981,"date":"2024-12-17T16:32:19","date_gmt":"2024-12-17T08:32:19","guid":{"rendered":"https:\/\/shop.yipinqian.com\/semi-icy-yellow-natural-type-a-jadeite-jade-crafted-with-monkey-and-peach-as-pendant-with-18k-clasp-certificate-weighs-6-97-grams-measurement-35-21-2-5-5-mm-18kp91\/"},"modified":"2025-02-24T00:49:44","modified_gmt":"2025-02-23T16:49:44","slug":"semi-icy-yellow-natural-type-a-jadeite-jade-crafted-with-monkey-and-peach-as-pendant-with-18k-clasp-certificate-weighs-6-97-grams-measurement-35-21-2-5-5-mm-18kp91","status":"publish","type":"product","link":"https:\/\/shop.yipinqian.com\/es\/producto\/semi-icy-yellow-natural-type-a-jadeite-jade-crafted-with-monkey-and-peach-as-pendant-with-18k-clasp-certificate-weighs-6-97-grams-measurement-35-21-2-5-5-mm-18kp91\/","title":{"rendered":"Jade\u00edta natural de color amarillo semiglacial: jade\u00edta tipo A elaborada con colgante de mono y melocot\u00f3n con cierre de 18 k, certificado, pesa 6,97 gramos, medida 35 * 21,2 * 5,5 mm (18kp91)"},"content":{"rendered":"<p><iframe title=\"Semi Icy Yellow Pendant\" src=\"https:\/\/youtube.com\/embed\/ECaYn3oGO0c\" width=\"330\" height=\"300\"><\/iframe><\/p>\n<p>Discover the elegance of the Semi Icy Yellow Natural Type A Jadeite Jade pendant, featuring a charming monkey and peach design, complemented by an 18k clasp.<\/p>\n<p>\u00a0<\/p>\n<p>Certificate numbers: GD2111H018856<\/p>\n<p>18k Gold Clasp: 0.37 grams<\/p>\n<p><img fetchpriority=\"high\" decoding=\"async\" src=\"https:\/\/shop.yipinqian.com\/wp-content\/uploads\/2024\/12\/e988e5ed68554d6e996ac66fa69bff40tplv-aphluv4xwc-origin-jpeg.jpeg?dr=15568&amp;nonce=12939&amp;refresh_token=3bf23ead41c104a5882e0516b94ee10e&amp;from=476444299&amp;idc=my2&amp;ps=933b5bde&amp;shcp=9b759fb9&amp;shp=1c65f68b&amp;t=555f072d\" width=\"1080\" height=\"1080\" \/><\/p>\n<ul>\n<li><strong>Peso:<\/strong> 6.97 grams<\/li>\n<li><strong>Dimensiones:<\/strong> 35 * 21.2 * 5.5 mm<\/li>\n<li><strong>Origen:<\/strong> Birmania<\/li>\n<li><strong>Certificado incluido:<\/strong> S\u00ed<\/li>\n<li><strong>Status:<\/strong> Unisex Casual Style<\/li>\n<li><strong>Ocasi\u00f3n auspiciosa:<\/strong><\/li>\n<\/ul>\n<p><img decoding=\"async\" src=\"https:\/\/shop.yipinqian.com\/wp-content\/uploads\/2024\/12\/c381e66cecd04c0ea6eff48921a6ec48tplv-aphluv4xwc-origin-jpeg.jpeg?dr=15568&amp;nonce=61326&amp;refresh_token=ad0ab87fa153205a84ed603aee4b61b5&amp;from=476444299&amp;idc=my2&amp;ps=933b5bde&amp;shcp=9b759fb9&amp;shp=1c65f68b&amp;t=555f072d\" width=\"1080\" height=\"1080\" \/><\/p>\n<p><strong>This beautiful jade pendant is not only a statement piece but also carries a touch of cultural significance, perfect for anyone seeking a unique accessory.<\/strong><\/p>\n<p>\u00a0<\/p>\n<p>Yi Pin Qian \u2013 Comerciante de piedras preciosas y metales preciosos en Singapur \u2013 N\u00famero de licencia PS20190000031<\/p>\n<p>\u00a0<\/p>\n<p>*Todos los jade\u00edtas comprados a Yi Pin Qian en Singapur, los clientes pueden reservar espacios para pulirlos o hacer reparaciones menores por mal manejo; se aplican tarifas y solo para los clientes de Yi Pin Qian en Singapur*<\/p>\n<p>\u00a0<\/p>\n<p><strong>**Tipos de certificados**<\/strong><\/p>\n<p>\u00a0<\/p>\n<p><strong>NGI (Gemolog\u00eda Nan Yang)<\/strong><\/p>\n<p>o <strong>Certificados en el extranjero <\/strong>(Yi Pin Qian solo utiliza certificados aut\u00e9nticos de laboratorios extranjeros y tambi\u00e9n controla la calidad de cada uno de nuestros productos antes de ponerlos a la venta en SG)<\/p>\n<p>\u00a0<\/p>\n<p>Cada producto tendr\u00e1 el tipo de certificado proporcionado indicado en la descripci\u00f3n. Para cualquier cliente que desee enviar su pedido a NGI Singapur, <strong>Las solicitudes de informes de NGI Gemstone deben realizarse envi\u00e1ndonos un mensaje.<\/strong> Gracias, <strong><u>Se aplican tarifas adicionales<\/u><\/strong> \u2013 $90 para jade\u00edta \/ $150 para jade\u00edta con oro de 18 k: no es obligatorio ya que la mayor\u00eda de nuestros productos ya vienen con certificado extranjero o informe NGI.<\/p>\n<p>\u00a0<\/p>\n<p>(Para m\u00e1s detalles o solicitud adicional: <strong>Env\u00edenos un mensaje si desea enviar el art\u00edculo comprado al laboratorio de pruebas de NGI.<\/strong>)<\/p>\n<p>\u00a0<\/p>\n<p><strong>La jade\u00edta natural no es perfecta, solo un peque\u00f1o recordatorio: nuestra jade\u00edta natural, como todas las cosas hermosas de la naturaleza, tiene sus caracter\u00edsticas y variaciones \u00fanicas. Invitamos a nuestros valiosos clientes a adoptar estas variaciones naturales. \u00a1Felices compras!<\/strong><\/p>\n<p>\u00a0<\/p>\n<p><strong><u>Ninguna de las fotograf\u00edas ni los v\u00eddeos han sido filtrados. Animamos a nuestros clientes a que vean tambi\u00e9n los v\u00eddeos adjuntos para tener una visi\u00f3n m\u00e1s completa de nuestros productos.<\/u><\/strong><\/p>\n<p>\u00a0<\/p>\n<ul>\n<li>Las diferentes plataformas solo pueden ver videos a trav\u00e9s de la computadora de escritorio<\/li>\n<\/ul>","protected":false},"excerpt":{"rendered":"<p>Discover the elegance of the Semi Icy Yellow Natural Type A Jadeite Jade pendant, featuring a charming monkey and peach design, complemented by an 18k clasp. \u00a0 Certificate numbers: GD2111H018856 18k Gold Clasp: 0.37 grams Weight: 6.97 grams Dimensions: 35 * 21.2 * 5.5 mm Origin: Myanmar Certificate Included: Yes Status: Unisex Casual Style Auspicious [&hellip;]<\/p>","protected":false},"featured_media":15011,"comment_status":"open","ping_status":"closed","template":"","meta":[],"product_brand":[],"product_cat":[194],"product_tag":[50,51,52,69,58,73,75,59,60,61],"class_list":{"0":"post-14981","1":"product","2":"type-product","3":"status-publish","4":"has-post-thumbnail","6":"product_cat-value-picks","7":"product_tag-18k-gold","8":"product_tag-buddha","9":"product_tag-certified","10":"product_tag-clasp","11":"product_tag-new-arrivals","12":"product_tag-pendant","13":"product_tag-traditional","14":"product_tag-translucent","15":"product_tag-type-a-jadeite","16":"product_tag-unisex","18":"first","19":"instock","20":"sale","21":"shipping-taxable","22":"purchasable","23":"product-type-simple"},"_links":{"self":[{"href":"https:\/\/shop.yipinqian.com\/es\/wp-json\/wp\/v2\/product\/14981","targetHints":{"allow":["GET"]}}],"collection":[{"href":"https:\/\/shop.yipinqian.com\/es\/wp-json\/wp\/v2\/product"}],"about":[{"href":"https:\/\/shop.yipinqian.com\/es\/wp-json\/wp\/v2\/types\/product"}],"replies":[{"embeddable":true,"href":"https:\/\/shop.yipinqian.com\/es\/wp-json\/wp\/v2\/comments?post=14981"}],"version-history":[{"count":0,"href":"https:\/\/shop.yipinqian.com\/es\/wp-json\/wp\/v2\/product\/14981\/revisions"}],"wp:featuredmedia":[{"embeddable":true,"href":"https:\/\/shop.yipinqian.com\/es\/wp-json\/wp\/v2\/media\/15011"}],"wp:attachment":[{"href":"https:\/\/shop.yipinqian.com\/es\/wp-json\/wp\/v2\/media?parent=14981"}],"wp:term":[{"taxonomy":"product_brand","embeddable":true,"href":"https:\/\/shop.yipinqian.com\/es\/wp-json\/wp\/v2\/product_brand?post=14981"},{"taxonomy":"product_cat","embeddable":true,"href":"https:\/\/shop.yipinqian.com\/es\/wp-json\/wp\/v2\/product_cat?post=14981"},{"taxonomy":"product_tag","embeddable":true,"href":"https:\/\/shop.yipinqian.com\/es\/wp-json\/wp\/v2\/product_tag?post=14981"}],"curies":[{"name":"wp","href":"https:\/\/api.w.org\/{rel}","templated":true}]}}