{"id":1498,"date":"2024-10-24T23:19:40","date_gmt":"2024-10-24T15:19:40","guid":{"rendered":"https:\/\/shop.yipinqian.com\/product\/icy-variety-translucent-with-green-natural-type-a-jadeite-pendant-necklace-crafted-as-the-faceless-buddha-with-symbols-of-holy-and-blessed-blessings-of-wealth-prosperity-and-happiness-with-certificate\/"},"modified":"2025-02-17T00:03:54","modified_gmt":"2025-02-16T16:03:54","slug":"icy-variety-translucent-with-green-natural-type-a-jadeite-pendant-necklace-crafted-as-the-faceless-buddha-with-symbols-of-holy-and-blessed-blessings-of-wealth-prosperity-and-happiness-with-certificate","status":"publish","type":"product","link":"https:\/\/shop.yipinqian.com\/es\/producto\/icy-variety-translucent-with-green-natural-type-a-jadeite-pendant-necklace-crafted-as-the-faceless-buddha-with-symbols-of-holy-and-blessed-blessings-of-wealth-prosperity-and-happiness-with-certificate\/","title":{"rendered":"Collar colgante de jade\u00edta natural tipo A transl\u00facido de variedad helada con verde elaborado como el Buda sin rostro con s\u00edmbolos de bendiciones sagradas y benditas de riqueza, prosperidad y felicidad con certificado que pesa 11,02 gramos, 49,9 * 19,9 * 7 mm (colgante 34)"},"content":{"rendered":"<p>Este collar colgante de jade\u00edta natural tipo A transl\u00facido helado con manchas verdes es una impresionante pieza de joyer\u00eda que simboliza riqueza, prosperidad y felicidad.<\/p>\n<ul>\n<li>\n<strong>Bellamente elaborado:<\/strong> El collar colgante est\u00e1 elaborado con precisi\u00f3n y cuidado para representar los s\u00edmbolos de Buda sin rostro.<\/li>\n<li>\n<strong>Jade\u00edta natural tipo A:<\/strong> Hecho de jade\u00edta tipo A natural de alta calidad, este collar es una fina pieza de joyer\u00eda que apreciar\u00e1s durante muchos a\u00f1os.<\/li>\n<li>\n<strong>Certificado incluido:<\/strong> Este collar colgante viene con un certificado de autenticidad para garantizar su calidad y autenticidad.<\/li>\n<\/ul>\n<p><strong>N\u00fameros de certificado: GD2205H004656<\/strong><\/p>\n<p><img fetchpriority=\"high\" decoding=\"async\" height=\"1080\" src=\"https:\/\/shop.yipinqian.com\/wp-content\/uploads\/2024\/10\/dca6c4a543b0559b50ceef2723b078ac.jpg?from=476444299\" width=\"1080\"><\/p>\n<p>Este collar colgante de Myanmar pesa 11,02 gramos y mide 49,9 * 19,9 * 7 mm, lo que lo convierte en un accesorio ideal para el uso diario.<\/p>\n<ul>\n<li>\n<strong>Estilo de collar casual:<\/strong>El estilo casual lo hace perfecto para usar a diario o combinar con otros collares.<\/li>\n<li>.<\/li>\n<\/ul>\n<p>Este collar de jade unisex es un excelente regalo o un complemento para su colecci\u00f3n personal, ya que transmite las bendiciones de la riqueza, la prosperidad y la felicidad, lo que hace que cada d\u00eda se sienta especial.<\/p>\n<p>\u00a0<\/p>\n<p>Yi Pin Qian \u2013 Comerciante de piedras preciosas y metales preciosos en Singapur \u2013 N\u00famero de licencia PS20190000031<\/p>\n<p>\u00a0<\/p>\n<p>*Todos los jade\u00edtas comprados a Yi Pin Qian en Singapur, los clientes pueden reservar espacios para pulirlos o hacer reparaciones menores por mal manejo; se aplican tarifas y solo para los clientes de Yi Pin Qian en Singapur*<\/p>\n<p>\u00a0<\/p>\n<p><strong>**Tipos de certificados**<\/strong><\/p>\n<p>\u00a0<\/p>\n<p><strong>NGI (Gemolog\u00eda Nan Yang)<\/strong><\/p>\n<p>o <strong>Certificados en el extranjero <\/strong>(Yi Pin Qian solo utiliza certificados aut\u00e9nticos de laboratorios extranjeros y tambi\u00e9n controla la calidad de cada uno de nuestros productos antes de ponerlos a la venta en SG)<\/p>\n<p>\u00a0<\/p>\n<p>Todos los productos de TikTok contar\u00e1n con el tipo de certificado que se indica en la descripci\u00f3n. Para cualquier cliente que desee enviar su pedido a NGI Singapur, habr\u00e1 un tiempo de espera para la entrega del pedido estimado de aproximadamente 4 semanas para recibirlo. <strong>Las solicitudes de informes de NGI Gemstone deben realizarse enviando un mensaje a la tienda TikTok de Yi Pin Qian.<\/strong> Gracias, <strong><u>Se aplican tarifas adicionales<\/u><\/strong>.<\/p>\n<p>\u00a0<\/p>\n<p><strong>La jade\u00edta natural no es perfecta, solo un peque\u00f1o recordatorio: nuestra jade\u00edta natural, como todas las cosas hermosas de la naturaleza, tiene sus caracter\u00edsticas y variaciones \u00fanicas. Invitamos a nuestros valiosos clientes a adoptar estas variaciones naturales. \u00a1Felices compras!<\/strong><\/p>\n<p>\u00a0<\/p>\n<p><strong><u>Ninguna de las fotograf\u00edas ni los v\u00eddeos han sido filtrados. Animamos a nuestros clientes a que vean tambi\u00e9n los v\u00eddeos adjuntos para tener una visi\u00f3n m\u00e1s completa de nuestros productos.<\/u><\/strong><\/p>","protected":false},"excerpt":{"rendered":"<p>Este collar colgante de jade\u00edta natural tipo A transl\u00facido con manchas verdes es una impresionante pieza de joyer\u00eda que simboliza la riqueza, la prosperidad y la felicidad. Bellamente elaborado: el collar colgante est\u00e1 elaborado con precisi\u00f3n y cuidado para representar los s\u00edmbolos del Buda sin rostro. Jade\u00edta natural tipo A: hecho de jade\u00edta natural tipo A de alta calidad, este collar es [\u2026]<\/p>","protected":false},"featured_media":5456,"comment_status":"open","ping_status":"closed","template":"","meta":[],"product_brand":[],"product_cat":[48],"product_tag":[],"class_list":{"0":"post-1498","1":"product","2":"type-product","3":"status-publish","4":"has-post-thumbnail","6":"product_cat-pendants","8":"first","9":"instock","10":"sale","11":"shipping-taxable","12":"purchasable","13":"product-type-simple"},"_links":{"self":[{"href":"https:\/\/shop.yipinqian.com\/es\/wp-json\/wp\/v2\/product\/1498","targetHints":{"allow":["GET"]}}],"collection":[{"href":"https:\/\/shop.yipinqian.com\/es\/wp-json\/wp\/v2\/product"}],"about":[{"href":"https:\/\/shop.yipinqian.com\/es\/wp-json\/wp\/v2\/types\/product"}],"replies":[{"embeddable":true,"href":"https:\/\/shop.yipinqian.com\/es\/wp-json\/wp\/v2\/comments?post=1498"}],"version-history":[{"count":0,"href":"https:\/\/shop.yipinqian.com\/es\/wp-json\/wp\/v2\/product\/1498\/revisions"}],"wp:featuredmedia":[{"embeddable":true,"href":"https:\/\/shop.yipinqian.com\/es\/wp-json\/wp\/v2\/media\/5456"}],"wp:attachment":[{"href":"https:\/\/shop.yipinqian.com\/es\/wp-json\/wp\/v2\/media?parent=1498"}],"wp:term":[{"taxonomy":"product_brand","embeddable":true,"href":"https:\/\/shop.yipinqian.com\/es\/wp-json\/wp\/v2\/product_brand?post=1498"},{"taxonomy":"product_cat","embeddable":true,"href":"https:\/\/shop.yipinqian.com\/es\/wp-json\/wp\/v2\/product_cat?post=1498"},{"taxonomy":"product_tag","embeddable":true,"href":"https:\/\/shop.yipinqian.com\/es\/wp-json\/wp\/v2\/product_tag?post=1498"}],"curies":[{"name":"wp","href":"https:\/\/api.w.org\/{rel}","templated":true}]}}