{"id":1497,"date":"2024-10-24T23:19:39","date_gmt":"2024-10-24T15:19:39","guid":{"rendered":"https:\/\/shop.yipinqian.com\/product\/icy-translucent-with-yellow-patches-natural-type-a-jadeite-jade-crafted-with-leaf-and-cicada-as-a-pendant-certificate-weigh-13-68-grams-measurement-52-21-7-11-8-mm-pendant224\/"},"modified":"2025-02-17T00:03:54","modified_gmt":"2025-02-16T16:03:54","slug":"icy-translucent-with-yellow-patches-natural-type-a-jadeite-jade-crafted-with-leaf-and-cicada-as-a-pendant-certificate-weigh-13-68-grams-measurement-52-21-7-11-8-mm-pendant224","status":"publish","type":"product","link":"https:\/\/shop.yipinqian.com\/es\/producto\/icy-translucent-with-yellow-patches-natural-type-a-jadeite-jade-crafted-with-leaf-and-cicada-as-a-pendant-certificate-weigh-13-68-grams-measurement-52-21-7-11-8-mm-pendant224\/","title":{"rendered":"Jade\u00edta natural tipo A transl\u00facida helada con manchas amarillas elaborada con hojas y cigarras como colgante, certificado con un peso de 13,68 gramos, medida 52 * 21,7 * 11,8 mm (colgante 224)"},"content":{"rendered":"<p>Este colgante de jade\u00edta natural tipo A transl\u00facido helado con manchas amarillas es una sorprendente adici\u00f3n a cualquier colecci\u00f3n de joyas.<\/p>\n<p>\u00a0<\/p>\n<p>N\u00fameros de certificado: SZ21244539<\/p>\n<ul>\n<li>\n<strong>Artesan\u00eda exquisita:<\/strong> El dise\u00f1o de la hoja y la cigarra est\u00e1 elaborado por expertos y muestra la belleza del jade natural.<\/li>\n<li>\n<strong>Jade\u00edta natural tipo A:<\/strong> Este colgante presenta jade\u00edta tipo A natural de alta calidad con un peso de 13,68 gramos y unas medidas de 52 * 21,7 * 11,8 mm (colgante 224).<\/li>\n<\/ul>\n<p>El aspecto transl\u00facido helado con parches amarillos a\u00f1ade un toque \u00fanico a esta pieza, haci\u00e9ndola perfecta para el uso diario o para ocasiones especiales.<\/p>\n<ul>\n<li>\n<strong>Certificado incluido:<\/strong> Este colgante viene con un certificado que garantiza su autenticidad y est\u00e1ndares de calidad.<\/li>\n<li>\n<strong>Hecho en Myanmar:<\/strong> El pa\u00eds de origen de este producto es Myanmar, conocido por producir uno de los jades de mejor calidad del mundo.\u00a0<\/li>\n<li>\n<strong>Estilo del collar:<\/strong> Con su estilo de dise\u00f1o informal, este colgante unisex se puede combinar f\u00e1cilmente en cualquier ocasi\u00f3n informal.<\/li>\n<\/ul>\n<p>\u00a1Agregue este hermoso colgante de jade\u00edta natural tipo A con parches amarillos transl\u00facidos helados a su colecci\u00f3n de joyas hoy!<\/p>\n<p>\u00a0<\/p>\n<p>Yi Pin Qian \u2013 Comerciante de piedras preciosas y metales preciosos en Singapur \u2013 N\u00famero de licencia PS20190000031<\/p>\n<p>\u00a0<\/p>\n<p>*Todos los jade\u00edtas comprados a Yi Pin Qian en Singapur, los clientes pueden reservar espacios para pulirlos o hacer reparaciones menores por mal manejo; se aplican tarifas y solo para los clientes de Yi Pin Qian en Singapur*<\/p>\n<p>\u00a0<\/p>\n<p><strong>**Tipos de certificados**<\/strong><\/p>\n<p>\u00a0<\/p>\n<p><strong>NGI (Gemolog\u00eda Nan Yang)<\/strong><\/p>\n<p>o <strong>Certificados en el extranjero <\/strong>(Yi Pin Qian solo utiliza certificados aut\u00e9nticos de laboratorios extranjeros y tambi\u00e9n controla la calidad de cada uno de nuestros productos antes de ponerlos a la venta en SG)<\/p>\n<p>\u00a0<\/p>\n<p>Todos los productos de TikTok contar\u00e1n con el tipo de certificado que se indica en la descripci\u00f3n. Para cualquier cliente que desee enviar su pedido a NGI Singapur, habr\u00e1 un tiempo de espera para la entrega del pedido estimado de aproximadamente 4 semanas para recibirlo. <strong>Las solicitudes de informes de NGI Gemstone deben realizarse enviando un mensaje a la tienda TikTok de Yi Pin Qian.<\/strong> Gracias, <strong><u>Se aplican tarifas adicionales<\/u><\/strong>.<\/p>\n<p>\u00a0<\/p>\n<p><strong>La jade\u00edta natural no es perfecta, solo un peque\u00f1o recordatorio: nuestra jade\u00edta natural, como todas las cosas hermosas de la naturaleza, tiene sus caracter\u00edsticas y variaciones \u00fanicas. Invitamos a nuestros valiosos clientes a adoptar estas variaciones naturales. \u00a1Felices compras!<\/strong><\/p>\n<p>\u00a0<\/p>\n<p><strong><u>Ninguna de las fotograf\u00edas ni los v\u00eddeos han sido filtrados. Animamos a nuestros clientes a que vean tambi\u00e9n los v\u00eddeos adjuntos para tener una visi\u00f3n m\u00e1s completa de nuestros productos.<\/u><\/strong><\/p>","protected":false},"excerpt":{"rendered":"<p>This Icy Translucent with Yellow Patches Natural Type A Jadeite Jade pendant is a stunning addition to any jewelry collection. \u00a0 Certificate numbers: SZ21244539 Exquisite Craftsmanship: The leaf and Cicada design is expertly crafted, showcasing the beauty of the natural jade. Natural Type A Jadeite: This pendant features high-quality, natural Type A jadeite with a [&hellip;]<\/p>","protected":false},"featured_media":5446,"comment_status":"open","ping_status":"closed","template":"","meta":[],"product_brand":[],"product_cat":[48],"product_tag":[],"class_list":{"0":"post-1497","1":"product","2":"type-product","3":"status-publish","4":"has-post-thumbnail","6":"product_cat-pendants","8":"first","9":"instock","10":"sale","11":"shipping-taxable","12":"purchasable","13":"product-type-simple"},"_links":{"self":[{"href":"https:\/\/shop.yipinqian.com\/es\/wp-json\/wp\/v2\/product\/1497","targetHints":{"allow":["GET"]}}],"collection":[{"href":"https:\/\/shop.yipinqian.com\/es\/wp-json\/wp\/v2\/product"}],"about":[{"href":"https:\/\/shop.yipinqian.com\/es\/wp-json\/wp\/v2\/types\/product"}],"replies":[{"embeddable":true,"href":"https:\/\/shop.yipinqian.com\/es\/wp-json\/wp\/v2\/comments?post=1497"}],"version-history":[{"count":0,"href":"https:\/\/shop.yipinqian.com\/es\/wp-json\/wp\/v2\/product\/1497\/revisions"}],"wp:featuredmedia":[{"embeddable":true,"href":"https:\/\/shop.yipinqian.com\/es\/wp-json\/wp\/v2\/media\/5446"}],"wp:attachment":[{"href":"https:\/\/shop.yipinqian.com\/es\/wp-json\/wp\/v2\/media?parent=1497"}],"wp:term":[{"taxonomy":"product_brand","embeddable":true,"href":"https:\/\/shop.yipinqian.com\/es\/wp-json\/wp\/v2\/product_brand?post=1497"},{"taxonomy":"product_cat","embeddable":true,"href":"https:\/\/shop.yipinqian.com\/es\/wp-json\/wp\/v2\/product_cat?post=1497"},{"taxonomy":"product_tag","embeddable":true,"href":"https:\/\/shop.yipinqian.com\/es\/wp-json\/wp\/v2\/product_tag?post=1497"}],"curies":[{"name":"wp","href":"https:\/\/api.w.org\/{rel}","templated":true}]}}