{"id":14952,"date":"2024-12-17T16:30:21","date_gmt":"2024-12-17T08:30:21","guid":{"rendered":"https:\/\/shop.yipinqian.com\/crafted-as-buddha-with-a-fengshui-wheel-as-pendant-on-natural-type-a-jadeite-jade-certificate-weighs-18-79-grams-measurement-65-1-23-6-6-mm-pendant384\/"},"modified":"2025-02-24T01:17:23","modified_gmt":"2025-02-23T17:17:23","slug":"crafted-as-buddha-with-a-fengshui-wheel-as-pendant-on-natural-type-a-jadeite-jade-certificate-weighs-18-79-grams-measurement-65-1-23-6-6-mm-pendant384","status":"publish","type":"product","link":"https:\/\/shop.yipinqian.com\/es\/producto\/crafted-as-buddha-with-a-fengshui-wheel-as-pendant-on-natural-type-a-jadeite-jade-certificate-weighs-18-79-grams-measurement-65-1-23-6-6-mm-pendant384\/","title":{"rendered":"Elaborado como Buda con una rueda de Fengshui como colgante en jade jade\u00edta natural tipo A, el certificado pesa 18,79 gramos, medida 65,1 * 23 * 6,6 mm (colgante 384)"},"content":{"rendered":"<p><iframe title=\"Colgante de Buda transl\u00facido helado\" src=\"https:\/\/youtube.com\/embed\/_4x3WYNa_i4\" width=\"330\" height=\"300\"><\/iframe><\/p>\n<p>Descubra la elegancia de nuestro colgante de Buda de jade\u00edta, dise\u00f1ado intrincadamente con una rueda de Fengshui. Esta exquisita pieza combina espiritualidad y estilo, perfecta para cualquier ocasi\u00f3n.<\/p>\n<p><\/p>\n<p>N\u00fameros de certificado: GD2112H009367<\/p>\n<p><img fetchpriority=\"high\" decoding=\"async\" src=\"https:\/\/shop.yipinqian.com\/wp-content\/uploads\/2024\/12\/cb94803504bb43a7b0c04039298eec98tplv-aphluv4xwc-origin-jpeg.jpeg?dr=15568&#038;nonce=54091&#038;refresh_token=c2ffcb997e0dcf66801aed99413e4fb4&#038;from=476444299&#038;idc=my2&#038;ps=933b5bde&#038;shcp=9b759fb9&#038;shp=1c65f68b&#038;t=555f072d\" width=\"1080\" height=\"1080\"><\/p>\n<ul>\n<li>\n<strong>Material de calidad:<\/strong> Elaborado a partir de jade jade\u00edta natural tipo A.<\/li>\n<li>\n<strong>Peso y dimensiones:<\/strong> Pesa 18,79 gramos; mide 65,1 * 23 * 6,6 mm.<\/li>\n<li>\n<strong>Importancia cultural:<\/strong> Simboliza auspiciosidad y buena fortuna.<\/li>\n<li>\n<strong>Autenticidad certificada:<\/strong> Viene con un certificado de autenticidad.<\/li>\n<li>\n<strong>Se adapta a todos los g\u00e9neros:<\/strong> Dise\u00f1o unisex apropiado para la colecci\u00f3n de cualquier persona.<\/li>\n<\/ul>\n<p><img decoding=\"async\" src=\"https:\/\/shop.yipinqian.com\/wp-content\/uploads\/2024\/12\/dd8babc6481a4ea18a213641b6f0c01dtplv-aphluv4xwc-origin-jpeg.jpeg?dr=15568&#038;nonce=67237&#038;refresh_token=23537961d3f55e8ce627a4f682edcf92&#038;from=476444299&#038;idc=my2&#038;ps=933b5bde&#038;shcp=9b759fb9&#038;shp=1c65f68b&#038;t=555f072d\" width=\"1200\" height=\"1600\"><img decoding=\"async\" src=\"https:\/\/shop.yipinqian.com\/wp-content\/uploads\/2024\/12\/05357ea4f1e54171a423cb4a052c53ddtplv-aphluv4xwc-origin-jpeg.jpeg?dr=15568&#038;nonce=35391&#038;refresh_token=2414ecb7ab5a5f6fd3b90f5890ee62d8&#038;from=476444299&#038;idc=my2&#038;ps=933b5bde&#038;shcp=9b759fb9&#038;shp=1c65f68b&#038;t=555f072d\" width=\"1080\" height=\"1080\"><\/p>\n<p>Este estilo de collar informal sirve como un accesorio impresionante y un talism\u00e1n significativo, lo que lo convierte en un regalo ideal o un tesoro personal.<\/p>\n<p><\/p>\n<p>Yi Pin Qian \u2013 Comerciante de piedras preciosas y metales preciosos en Singapur \u2013 N\u00famero de licencia PS20190000031<\/p>\n<p><\/p>\n<p>*Todos los jade\u00edtas comprados a Yi Pin Qian en Singapur, los clientes pueden reservar espacios para pulirlos o hacer reparaciones menores por mal manejo; se aplican tarifas y solo para los clientes de Yi Pin Qian en Singapur*<\/p>\n<p><\/p>\n<p><strong>**Tipos de certificados**<\/strong><\/p>\n<p><\/p>\n<p><strong>NGI (Gemolog\u00eda Nan Yang)<\/strong><\/p>\n<p>o <strong>Certificados en el extranjero <\/strong>(Yi Pin Qian solo utiliza certificados aut\u00e9nticos de laboratorios extranjeros y tambi\u00e9n controla la calidad de cada uno de nuestros productos antes de ponerlos a la venta en SG)<\/p>\n<p><\/p>\n<p>Cada producto tendr\u00e1 el tipo de certificado proporcionado indicado en la descripci\u00f3n. Para cualquier cliente que desee enviar su pedido a NGI Singapur, <strong>Las solicitudes de informes de NGI Gemstone deben realizarse envi\u00e1ndonos un mensaje.<\/strong> Gracias, <strong><u>Se aplican tarifas adicionales<\/u><\/strong> \u2013 $90 para jade\u00edta \/ $150 para jade\u00edta con oro de 18 k: no es obligatorio ya que la mayor\u00eda de nuestros productos ya vienen con certificado extranjero o informe NGI.<\/p>\n<p><\/p>\n<p>(Para m\u00e1s detalles o solicitud adicional: <strong>Env\u00edenos un mensaje si desea enviar el art\u00edculo comprado al laboratorio de pruebas de NGI.<\/strong>)<\/p>\n<p><\/p>\n<p><strong>La jade\u00edta natural no es perfecta, solo un peque\u00f1o recordatorio: nuestra jade\u00edta natural, como todas las cosas hermosas de la naturaleza, tiene sus caracter\u00edsticas y variaciones \u00fanicas. Invitamos a nuestros valiosos clientes a adoptar estas variaciones naturales. \u00a1Felices compras!<\/strong><\/p>\n<p><\/p>\n<p><strong><u>Ninguna de las fotograf\u00edas ni los v\u00eddeos han sido filtrados. Animamos a nuestros clientes a que vean tambi\u00e9n los v\u00eddeos adjuntos para tener una visi\u00f3n m\u00e1s completa de nuestros productos.<\/u><\/strong><\/p>\n<p><\/p>\n<ul>\n<li>Las diferentes plataformas solo pueden ver videos a trav\u00e9s de la computadora de escritorio<\/li>\n<\/ul>","protected":false},"excerpt":{"rendered":"<p>Discover the elegance of our Jadeite Jade Buddha Pendant, intricately designed with a Fengshui Wheel. This exquisite piece combines spirituality and style, perfect for any occasion. Certificate numbers: GD2112H009367 Quality Material: Made from Natural Type A Jadeite jade. Weight and Dimensions: Weighs 18.79 grams; measures 65.1 * 23 * 6.6 mm. Cultural Significance: Symbolizes auspiciousness [&hellip;]<\/p>","protected":false},"featured_media":14966,"comment_status":"open","ping_status":"closed","template":"","meta":[],"product_brand":[],"product_cat":[195],"product_tag":[51,52,65,54,55,58,59,60,61,62],"class_list":{"0":"post-14952","1":"product","2":"type-product","3":"status-publish","4":"has-post-thumbnail","6":"product_cat-heirloom-grade","7":"product_tag-buddha","8":"product_tag-certified","9":"product_tag-high-quality","10":"product_tag-icy","11":"product_tag-jadeite","12":"product_tag-new-arrivals","13":"product_tag-translucent","14":"product_tag-type-a-jadeite","15":"product_tag-unisex","16":"product_tag-yi-pin-qian-exclusive","18":"first","19":"instock","20":"sale","21":"shipping-taxable","22":"purchasable","23":"product-type-simple"},"_links":{"self":[{"href":"https:\/\/shop.yipinqian.com\/es\/wp-json\/wp\/v2\/product\/14952","targetHints":{"allow":["GET"]}}],"collection":[{"href":"https:\/\/shop.yipinqian.com\/es\/wp-json\/wp\/v2\/product"}],"about":[{"href":"https:\/\/shop.yipinqian.com\/es\/wp-json\/wp\/v2\/types\/product"}],"replies":[{"embeddable":true,"href":"https:\/\/shop.yipinqian.com\/es\/wp-json\/wp\/v2\/comments?post=14952"}],"version-history":[{"count":0,"href":"https:\/\/shop.yipinqian.com\/es\/wp-json\/wp\/v2\/product\/14952\/revisions"}],"wp:featuredmedia":[{"embeddable":true,"href":"https:\/\/shop.yipinqian.com\/es\/wp-json\/wp\/v2\/media\/14966"}],"wp:attachment":[{"href":"https:\/\/shop.yipinqian.com\/es\/wp-json\/wp\/v2\/media?parent=14952"}],"wp:term":[{"taxonomy":"product_brand","embeddable":true,"href":"https:\/\/shop.yipinqian.com\/es\/wp-json\/wp\/v2\/product_brand?post=14952"},{"taxonomy":"product_cat","embeddable":true,"href":"https:\/\/shop.yipinqian.com\/es\/wp-json\/wp\/v2\/product_cat?post=14952"},{"taxonomy":"product_tag","embeddable":true,"href":"https:\/\/shop.yipinqian.com\/es\/wp-json\/wp\/v2\/product_tag?post=14952"}],"curies":[{"name":"wp","href":"https:\/\/api.w.org\/{rel}","templated":true}]}}