{"id":1488,"date":"2024-10-24T23:19:34","date_gmt":"2024-10-24T15:19:34","guid":{"rendered":"https:\/\/shop.yipinqian.com\/product\/icy-translucent-natural-type-a-jadeite-jade-crafted-as-buddha-with-18k-gold-clasp-as-pendant-certificate-weighs-6-78-grams-measurement-41-3-17-8-6-2-mm-18kp44\/"},"modified":"2025-01-10T05:24:52","modified_gmt":"2025-01-09T21:24:52","slug":"icy-translucent-natural-type-a-jadeite-jade-crafted-as-buddha-with-18k-gold-clasp-as-pendant-certificate-weighs-6-78-grams-measurement-41-3-17-8-6-2-mm-18kp44","status":"publish","type":"product","link":"https:\/\/shop.yipinqian.com\/es\/producto\/icy-translucent-natural-type-a-jadeite-jade-crafted-as-buddha-with-18k-gold-clasp-as-pendant-certificate-weighs-6-78-grams-measurement-41-3-17-8-6-2-mm-18kp44\/","title":{"rendered":"Jade\u00edta natural transl\u00facida helada tipo A elaborada como Buda con cierre de oro de 18k como colgante, certificado pesa 6,78 gramos, medida 41,3 * 17,8 * 6,2 mm (18kp44)"},"content":{"rendered":"<p>This Icy Translucent Natural Type A Jadeite Jade pendant, fashioned as a Buddha and accented with an 18k gold clasp, exudes elegance and spirituality.<\/p>\n<p><\/p>\n<p>Certificate numbers: SZ21367104<\/p>\n<p>18k Gold Clasp with diamonds weighs 0.26 grams<\/p>\n<p><\/p>\n<ul>\n<li>\n<strong>Material:<\/strong> Crafted from Type A Jadeite Jade with a 18k gold clasp for a luxurious touch.<\/li>\n<li>\n<strong>Peso:<\/strong> Weighing 6.78 grams, this pendant is lightweight and comfortable to wear.<\/li>\n<li>\n<strong>Medidas:<\/strong> Sized at 41.3 * 17.8 * 6.2 mm, this pendant (pendant256) is dainty yet eye-catching.<\/li>\n<\/ul>\n<p>A symbol of purity and serenity, this piece comes with a certificate for authenticity and peace of mind.<\/p>\n<ul>\n<li><strong>Certificate: This pendant comes with certification confirming its natural origin as Type A Jadeite Jade<\/strong><\/li>\n<li><strong>.<\/strong><\/li>\n<li><strong>Jade type: Made from high-quality jadeite stone sourced from Myanmar for its exquisite beauty.<\/strong><\/li>\n<\/ul>\n<p><strong>Suitable for any occasion due to its auspicious nature, the unisex design makes it an ideal accessory for all genders while the casual necklace style adds versatility to your wardrobe.<\/strong><\/p>\n<p><strong>.<\/strong><\/p>\n<p>Yi Pin Qian \u2013 Comerciante de piedras preciosas y metales preciosos en Singapur \u2013 N\u00famero de licencia PS20190000031<\/p>\n<p><\/p>\n<p>*Todos los jade\u00edtas comprados a Yi Pin Qian en Singapur, los clientes pueden reservar espacios para pulirlos o hacer reparaciones menores por mal manejo; se aplican tarifas y solo para los clientes de Yi Pin Qian en Singapur*<\/p>\n<p><\/p>\n<p><strong>**Tipos de certificados**<\/strong><\/p>\n<p><\/p>\n<p><strong>NGI (Gemolog\u00eda Nan Yang)<\/strong><\/p>\n<p>o <strong>Certificados en el extranjero <\/strong>(Yi Pin Qian solo utiliza certificados aut\u00e9nticos de laboratorios extranjeros y tambi\u00e9n controla la calidad de cada uno de nuestros productos antes de ponerlos a la venta en SG)<\/p>\n<p><\/p>\n<p>Todos los productos de TikTok contar\u00e1n con el tipo de certificado que se indica en la descripci\u00f3n. Para cualquier cliente que desee enviar su pedido a NGI Singapur, habr\u00e1 un tiempo de espera para la entrega del pedido estimado de aproximadamente 4 semanas para recibirlo. <strong>Las solicitudes de informes de NGI Gemstone deben realizarse enviando un mensaje a la tienda TikTok de Yi Pin Qian.<\/strong> Gracias, <strong><u>Se aplican tarifas adicionales<\/u><\/strong>.<\/p>\n<p><\/p>\n<p><strong>La jade\u00edta natural no es perfecta, solo un peque\u00f1o recordatorio: nuestra jade\u00edta natural, como todas las cosas hermosas de la naturaleza, tiene sus caracter\u00edsticas y variaciones \u00fanicas. Invitamos a nuestros valiosos clientes a adoptar estas variaciones naturales. \u00a1Felices compras!<\/strong><\/p>\n<p><\/p>\n<p><strong><u>Ninguna de las fotograf\u00edas ni los v\u00eddeos han sido filtrados. Animamos a nuestros clientes a que vean tambi\u00e9n los v\u00eddeos adjuntos para tener una visi\u00f3n m\u00e1s completa de nuestros productos.<\/u><\/strong><\/p>","protected":false},"excerpt":{"rendered":"<p>This Icy Translucent Natural Type A Jadeite Jade pendant, fashioned as a Buddha and accented with an 18k gold clasp, exudes elegance and spirituality. Certificate numbers: SZ21367104 18k Gold Clasp with diamonds weighs 0.26 grams Material: Crafted from Type A Jadeite Jade with a 18k gold clasp for a luxurious touch. Weight: Weighing 6.78 grams, [&hellip;]<\/p>","protected":false},"featured_media":5316,"comment_status":"open","ping_status":"closed","template":"","meta":[],"product_brand":[],"product_cat":[120,48],"product_tag":[50,51,52,69,65,54,55,56,73,75,60,61,62],"class_list":{"0":"post-1488","1":"product","2":"type-product","3":"status-publish","4":"has-post-thumbnail","6":"product_cat-18k-gold-setting-pendants","7":"product_cat-pendants","8":"product_tag-18k-gold","9":"product_tag-buddha","10":"product_tag-certified","11":"product_tag-clasp","12":"product_tag-high-quality","13":"product_tag-icy","14":"product_tag-jadeite","15":"product_tag-limited-editions","16":"product_tag-pendant","17":"product_tag-traditional","18":"product_tag-type-a-jadeite","19":"product_tag-unisex","20":"product_tag-yi-pin-qian-exclusive","22":"first","23":"instock","24":"sale","25":"shipping-taxable","26":"purchasable","27":"product-type-simple"},"_links":{"self":[{"href":"https:\/\/shop.yipinqian.com\/es\/wp-json\/wp\/v2\/product\/1488","targetHints":{"allow":["GET"]}}],"collection":[{"href":"https:\/\/shop.yipinqian.com\/es\/wp-json\/wp\/v2\/product"}],"about":[{"href":"https:\/\/shop.yipinqian.com\/es\/wp-json\/wp\/v2\/types\/product"}],"replies":[{"embeddable":true,"href":"https:\/\/shop.yipinqian.com\/es\/wp-json\/wp\/v2\/comments?post=1488"}],"version-history":[{"count":0,"href":"https:\/\/shop.yipinqian.com\/es\/wp-json\/wp\/v2\/product\/1488\/revisions"}],"wp:featuredmedia":[{"embeddable":true,"href":"https:\/\/shop.yipinqian.com\/es\/wp-json\/wp\/v2\/media\/5316"}],"wp:attachment":[{"href":"https:\/\/shop.yipinqian.com\/es\/wp-json\/wp\/v2\/media?parent=1488"}],"wp:term":[{"taxonomy":"product_brand","embeddable":true,"href":"https:\/\/shop.yipinqian.com\/es\/wp-json\/wp\/v2\/product_brand?post=1488"},{"taxonomy":"product_cat","embeddable":true,"href":"https:\/\/shop.yipinqian.com\/es\/wp-json\/wp\/v2\/product_cat?post=1488"},{"taxonomy":"product_tag","embeddable":true,"href":"https:\/\/shop.yipinqian.com\/es\/wp-json\/wp\/v2\/product_tag?post=1488"}],"curies":[{"name":"wp","href":"https:\/\/api.w.org\/{rel}","templated":true}]}}