{"id":1483,"date":"2024-10-24T23:19:32","date_gmt":"2024-10-24T15:19:32","guid":{"rendered":"https:\/\/shop.yipinqian.com\/product\/icy-translucent-beads-mix-with-2-green-1-yellow-natural-type-a-jadeite-bracelet-total-of-38-beads-with-gic-labs-approved-certificate-weigh-8-43-grams-measurement-4-8-mm-a-stunning-collection-for-your\/"},"modified":"2025-02-17T00:03:40","modified_gmt":"2025-02-16T16:03:40","slug":"icy-translucent-beads-mix-with-2-green-1-yellow-natural-type-a-jadeite-bracelet-total-of-38-beads-with-gic-labs-approved-certificate-weigh-8-43-grams-measurement-4-8-mm-a-stunning-collection-for-your","status":"publish","type":"product","link":"https:\/\/shop.yipinqian.com\/es\/producto\/icy-translucent-beads-mix-with-2-green-1-yellow-natural-type-a-jadeite-bracelet-total-of-38-beads-with-gic-labs-approved-certificate-weigh-8-43-grams-measurement-4-8-mm-a-stunning-collection-for-your\/","title":{"rendered":"Pulsera de jade\u00edta natural tipo A con cuentas transl\u00facidas heladas, 2 verdes y 1 amarilla, 38 cuentas en total con certificado aprobado por los laboratorios QIC, pesa 8,43 gramos, mide 4,8 mm, una colecci\u00f3n impresionante para su uso diario (pulsera 3)"},"content":{"rendered":"<p>Esta pulsera de cuentas transl\u00facidas Icy es una incorporaci\u00f3n sorprendente para tu ropa diaria. Cuenta con una combinaci\u00f3n de 2 cuentas de jade\u00edta natural tipo A verdes y 1 amarilla, con un total de 38 cuentas, cada una de las cuales mide 4,8 mm y pesa 8,43 gramos.<\/p>\n<ul>\n<li>Certificaci\u00f3n de alta calidad: esta pulsera viene con un certificado aprobado por los laboratorios QIC, lo que garantiza que el jade utilizado es de excelente calidad.<\/li>\n<\/ul>\n<p><strong>N\u00fameros de certificado: SD24022009774<\/strong><\/p>\n<p><img fetchpriority=\"high\" decoding=\"async\" src=\"https:\/\/shop.yipinqian.com\/wp-content\/uploads\/2024\/10\/ee016c165c6788a7eb83eb6844d11406.jpg?from=476444299\" width=\"1080\" height=\"1080\" \/><\/p>\n<ul>\n<li>Hermoso dise\u00f1o: la combinaci\u00f3n de cuentas transl\u00facidas heladas con jade\u00edta verde y amarilla crea un contraste llamativo que seguramente llamar\u00e1 la atenci\u00f3n.<\/li>\n<li>Material duradero: la jade\u00edta es conocida por su durabilidad, lo que hace que esta pulsera sea perfecta para el uso diario sin temor a da\u00f1os o desgaste.<\/li>\n<\/ul>\n<p>Fabricada en Myanmar, esta pulsera de jade\u00edta tipo A unisex a\u00f1ade un toque elegante a cualquier atuendo u ocasi\u00f3n, desde tareas cotidianas informales hasta eventos especiales.<\/p>\n<p>\u00a0<\/p>\n<p>Yi Pin Qian \u2013 Comerciante de piedras preciosas y metales preciosos en Singapur \u2013 N\u00famero de licencia PS20190000031<\/p>\n<p>\u00a0<\/p>\n<p>*Todos los jade\u00edtas comprados a Yi Pin Qian en Singapur, los clientes pueden reservar espacios para pulirlos o hacer reparaciones menores por mal manejo; se aplican tarifas y solo para los clientes de Yi Pin Qian en Singapur*<\/p>\n<p>\u00a0<\/p>\n<p><strong>**Tipos de certificados**<\/strong><\/p>\n<p>\u00a0<\/p>\n<p><strong>NGI (Gemolog\u00eda Nan Yang)<\/strong><\/p>\n<p>o <strong>Certificados en el extranjero <\/strong>(Yi Pin Qian solo utiliza certificados aut\u00e9nticos de laboratorios extranjeros y tambi\u00e9n controla la calidad de cada uno de nuestros productos antes de ponerlos a la venta en SG)<\/p>\n<p>\u00a0<\/p>\n<p>Todos los productos de TikTok contar\u00e1n con el tipo de certificado que se indica en la descripci\u00f3n. Para cualquier cliente que desee enviar su pedido a NGI Singapur, habr\u00e1 un tiempo de espera para la entrega del pedido estimado de aproximadamente 4 semanas para recibirlo. <strong>Las solicitudes de informes de NGI Gemstone deben realizarse enviando un mensaje a la tienda TikTok de Yi Pin Qian.<\/strong> Gracias, <strong><u>Se aplican tarifas adicionales<\/u><\/strong>.<\/p>\n<p>\u00a0<\/p>\n<p><strong>La jade\u00edta natural no es perfecta, solo un peque\u00f1o recordatorio: nuestra jade\u00edta natural, como todas las cosas hermosas de la naturaleza, tiene sus caracter\u00edsticas y variaciones \u00fanicas. Invitamos a nuestros valiosos clientes a adoptar estas variaciones naturales. \u00a1Felices compras!<\/strong><\/p>\n<p>\u00a0<\/p>\n<p><strong><u>Ninguna de las fotograf\u00edas ni los v\u00eddeos han sido filtrados. Animamos a nuestros clientes a que vean tambi\u00e9n los v\u00eddeos adjuntos para tener una visi\u00f3n m\u00e1s completa de nuestros productos.<\/u><\/strong><\/p>","protected":false},"excerpt":{"rendered":"<p>Esta pulsera de cuentas transl\u00facidas Icy es una incorporaci\u00f3n sorprendente a su uso diario. Cuenta con una combinaci\u00f3n de 2 cuentas de jade\u00edta natural tipo A verdes y 1 amarilla, con un total de 38 cuentas, cada una de las cuales mide 4,8 mm y pesa 8,43 gramos. Certificaci\u00f3n de alta calidad: esta pulsera viene con un certificado de laboratorio QIC aprobado [\u2026]<\/p>","protected":false},"featured_media":5249,"comment_status":"open","ping_status":"closed","template":"","meta":[],"product_brand":[],"product_cat":[121,84],"product_tag":[],"class_list":{"0":"post-1483","1":"product","2":"type-product","3":"status-publish","4":"has-post-thumbnail","6":"product_cat-bracelets-bangles","7":"product_cat-charms-and-charm-bracelet","9":"first","10":"instock","11":"sale","12":"shipping-taxable","13":"purchasable","14":"product-type-simple"},"_links":{"self":[{"href":"https:\/\/shop.yipinqian.com\/es\/wp-json\/wp\/v2\/product\/1483","targetHints":{"allow":["GET"]}}],"collection":[{"href":"https:\/\/shop.yipinqian.com\/es\/wp-json\/wp\/v2\/product"}],"about":[{"href":"https:\/\/shop.yipinqian.com\/es\/wp-json\/wp\/v2\/types\/product"}],"replies":[{"embeddable":true,"href":"https:\/\/shop.yipinqian.com\/es\/wp-json\/wp\/v2\/comments?post=1483"}],"version-history":[{"count":0,"href":"https:\/\/shop.yipinqian.com\/es\/wp-json\/wp\/v2\/product\/1483\/revisions"}],"wp:featuredmedia":[{"embeddable":true,"href":"https:\/\/shop.yipinqian.com\/es\/wp-json\/wp\/v2\/media\/5249"}],"wp:attachment":[{"href":"https:\/\/shop.yipinqian.com\/es\/wp-json\/wp\/v2\/media?parent=1483"}],"wp:term":[{"taxonomy":"product_brand","embeddable":true,"href":"https:\/\/shop.yipinqian.com\/es\/wp-json\/wp\/v2\/product_brand?post=1483"},{"taxonomy":"product_cat","embeddable":true,"href":"https:\/\/shop.yipinqian.com\/es\/wp-json\/wp\/v2\/product_cat?post=1483"},{"taxonomy":"product_tag","embeddable":true,"href":"https:\/\/shop.yipinqian.com\/es\/wp-json\/wp\/v2\/product_tag?post=1483"}],"curies":[{"name":"wp","href":"https:\/\/api.w.org\/{rel}","templated":true}]}}