{"id":1482,"date":"2024-10-24T23:19:32","date_gmt":"2024-10-24T15:19:32","guid":{"rendered":"https:\/\/shop.yipinqian.com\/product\/icy-natural-type-a-jadeite-jade-crafted-with-shape-of-oval-cabochon-set-with-s925-as-ring-bic-labs-approved-certificate-weigh-2-28-grams-s925ring11\/"},"modified":"2025-02-17T00:03:30","modified_gmt":"2025-02-16T16:03:30","slug":"icy-natural-type-a-jadeite-jade-crafted-with-shape-of-oval-cabochon-set-with-s925-as-ring-bic-labs-approved-certificate-weigh-2-28-grams-s925ring11","status":"publish","type":"product","link":"https:\/\/shop.yipinqian.com\/es\/producto\/icy-natural-type-a-jadeite-jade-crafted-with-shape-of-oval-cabochon-set-with-s925-as-ring-bic-labs-approved-certificate-weigh-2-28-grams-s925ring11\/","title":{"rendered":"Jade\u00edta natural helada tipo A elaborada con forma de cabuj\u00f3n ovalado engastado con S925 como anillo, certificado aprobado por laboratorios BIC, peso 2,28 gramos (s925ring11)"},"content":{"rendered":"<p>Este anillo de jade\u00edta natural tipo A helado es una impresionante pieza de joyer\u00eda que irradia elegancia y sofisticaci\u00f3n.<\/p>\n<p>N\u00fameros de certificado: Y-BICL651203<\/p>\n<p>Talla \u00fanica ajustable<\/p>\n<p>Tama\u00f1o del cabuj\u00f3n: 8,1 x 6,5 x 2,5 mm<\/p>\n<ul>\n<li>\n<strong>Dise\u00f1o exquisito:<\/strong> Elaborado en forma de cabuj\u00f3n ovalado, este anillo muestra la belleza del jade jade\u00edta.<\/li>\n<li>\n<strong>Material de primera calidad:<\/strong> Realizado con plata S925, este anillo garantiza durabilidad y calidad.<\/li>\n<li>\n<strong>Aprobado por BIC Labs:<\/strong> Viene con un certificado de los laboratorios BIC, garantizando la autenticidad del jade.<\/li>\n<li>\n<strong>Lujoso pero ligero:<\/strong> Con un peso de tan solo 2,28 gramos, es c\u00f3modo de llevar a diario. A\u00f1ade un toque de lujo a tu atuendo con esta pieza atemporal que es adecuada tanto para hombres como para mujeres. Fabricada en Myanmar, es un accesorio perfecto para cualquier ocasi\u00f3n. Ten en cuenta que este producto no incluye garant\u00eda.<\/li>\n<\/ul>\n<p><strong>La jade\u00edta natural no es perfecta, solo un peque\u00f1o recordatorio: nuestra jade\u00edta natural, como todas las cosas hermosas de la naturaleza, tiene sus caracter\u00edsticas y variaciones \u00fanicas. Invitamos a nuestros valiosos clientes a adoptar estas variaciones naturales. \u00a1Felices compras!<\/strong><\/p>\n<p><strong><u>Ninguna de las fotograf\u00edas ni los v\u00eddeos han sido filtrados. Animamos a nuestros clientes a que vean tambi\u00e9n los v\u00eddeos adjuntos para tener una visi\u00f3n m\u00e1s completa de nuestros productos.<\/u><\/strong><\/p>","protected":false},"excerpt":{"rendered":"<p>Este anillo de jade\u00edta natural tipo A helado es una impresionante pieza de joyer\u00eda que rezuma elegancia y sofisticaci\u00f3n. N\u00fameros de certificado: Y-BICL651203 Tama\u00f1o de cabuj\u00f3n ajustable de tama\u00f1o libre: 8,1 * 6,5 * 2,5 mm Dise\u00f1o exquisito: elaborado con la forma de un cabuj\u00f3n ovalado, este anillo muestra la belleza del jade\u00edta. Material de primera calidad: engastado con plata de ley S925 [\u2026]<\/p>","protected":false},"featured_media":5230,"comment_status":"open","ping_status":"closed","template":"","meta":[],"product_brand":[],"product_cat":[49,149,125],"product_tag":[64,52,72,65,54,66,55,71,67,59,60],"class_list":{"0":"post-1482","1":"product","2":"type-product","3":"status-publish","4":"has-post-thumbnail","6":"product_cat-rings","7":"product_cat-s925-rings","8":"product_cat-s925-settings-jadeites","9":"product_tag-cabochon","10":"product_tag-certified","11":"product_tag-female","12":"product_tag-high-quality","13":"product_tag-icy","14":"product_tag-jade-ring","15":"product_tag-jadeite","16":"product_tag-ring","17":"product_tag-s925","18":"product_tag-translucent","19":"product_tag-type-a-jadeite","21":"first","22":"instock","23":"sale","24":"shipping-taxable","25":"purchasable","26":"product-type-simple"},"_links":{"self":[{"href":"https:\/\/shop.yipinqian.com\/es\/wp-json\/wp\/v2\/product\/1482","targetHints":{"allow":["GET"]}}],"collection":[{"href":"https:\/\/shop.yipinqian.com\/es\/wp-json\/wp\/v2\/product"}],"about":[{"href":"https:\/\/shop.yipinqian.com\/es\/wp-json\/wp\/v2\/types\/product"}],"replies":[{"embeddable":true,"href":"https:\/\/shop.yipinqian.com\/es\/wp-json\/wp\/v2\/comments?post=1482"}],"version-history":[{"count":0,"href":"https:\/\/shop.yipinqian.com\/es\/wp-json\/wp\/v2\/product\/1482\/revisions"}],"wp:featuredmedia":[{"embeddable":true,"href":"https:\/\/shop.yipinqian.com\/es\/wp-json\/wp\/v2\/media\/5230"}],"wp:attachment":[{"href":"https:\/\/shop.yipinqian.com\/es\/wp-json\/wp\/v2\/media?parent=1482"}],"wp:term":[{"taxonomy":"product_brand","embeddable":true,"href":"https:\/\/shop.yipinqian.com\/es\/wp-json\/wp\/v2\/product_brand?post=1482"},{"taxonomy":"product_cat","embeddable":true,"href":"https:\/\/shop.yipinqian.com\/es\/wp-json\/wp\/v2\/product_cat?post=1482"},{"taxonomy":"product_tag","embeddable":true,"href":"https:\/\/shop.yipinqian.com\/es\/wp-json\/wp\/v2\/product_tag?post=1482"}],"curies":[{"name":"wp","href":"https:\/\/api.w.org\/{rel}","templated":true}]}}