{"id":1481,"date":"2024-10-24T23:19:31","date_gmt":"2024-10-24T15:19:31","guid":{"rendered":"https:\/\/shop.yipinqian.com\/product\/icy-light-green-with-green-patches-natural-type-a-jadeite-jade-crafted-as-pixiu-set-on-s925-adjustable-as-ring-with-certificate-weigh-2-68-grams-measurement-10-5-7-7-4-6-mm-s925ring7\/"},"modified":"2025-02-24T00:49:55","modified_gmt":"2025-02-23T16:49:55","slug":"icy-light-green-with-green-patches-natural-type-a-jadeite-jade-crafted-as-pixiu-set-on-s925-adjustable-as-ring-with-certificate-weigh-2-68-grams-measurement-10-5-7-7-4-6-mm-s925ring7","status":"publish","type":"product","link":"https:\/\/shop.yipinqian.com\/es\/producto\/icy-light-green-with-green-patches-natural-type-a-jadeite-jade-crafted-as-pixiu-set-on-s925-adjustable-as-ring-with-certificate-weigh-2-68-grams-measurement-10-5-7-7-4-6-mm-s925ring7\/","title":{"rendered":"Jade\u00edta natural tipo A de color verde claro helado con manchas verdes elaborado como Pixiu engastado en S925 ajustable como anillo con certificado, pesa 2,68 gramos, medida 10,5 * 7,7 * 4,6 mm (s925ring7)"},"content":{"rendered":"<p>Este anillo de jade\u00edta natural tipo A de color verde claro helado con manchas verdes es una incorporaci\u00f3n sorprendente a su colecci\u00f3n de joyas. Este anillo, elaborado con jade de alta calidad, est\u00e1 montado sobre una banda ajustable S925 y viene con un certificado de autenticidad.<\/p>\n<p>\u00a0<\/p>\n<p>Anillo ajustable de tama\u00f1o libre<\/p>\n<p>\u00a0<\/p>\n<p>N\u00fameros de certificado: GD2204H002700<\/p>\n<ul>\n<li>\n<strong>Material:<\/strong> Este anillo est\u00e1 elaborado con jade\u00edta natural tipo A y montado en una banda ajustable S925.<\/li>\n<li>\n<strong>Pa\u00eds natal:<\/strong> Esta impresionante pieza proviene de Myanmar.<\/li>\n<li>\n<strong>Tipo de jade:<\/strong> El jade utilizado en este anillo es jade\u00edta natural tipo A, conocida por sus impresionantes colores y durabilidad.<\/li>\n<\/ul>\n<p>El dise\u00f1o de Pixiu a\u00f1ade un toque de elegancia a esta hermosa pieza, lo que la hace perfecta para usar a diario o en ocasiones especiales. Con un peso de tan solo 2,68 gramos y unas medidas de 10,5 x 7,7 x 4,6 mm, es c\u00f3moda de llevar durante todo el d\u00eda sin que resulte pesada ni inc\u00f3moda en el dedo.<\/p>\n<ul>\n<li>\n<strong>Ocasi\u00f3n:<\/strong>Este anillo vers\u00e1til se puede usar a diario o como una elegante pieza de declaraci\u00f3n para ocasiones especiales.<\/li>\n<li>\n<em>Nota: <\/em>El tipo de garant\u00eda para este producto no est\u00e1 disponible, pero tenga la seguridad de que se ha tenido el debido cuidado para que reciba el producto de la mejor calidad como se describe en las im\u00e1genes de arriba.<\/li>\n<\/ul>\n<p>\u00a1Agregue un poco de elegancia a su colecci\u00f3n de joyas con este hermoso anillo Pixiu de jade verde claro helado!<\/p>\n<p>\u00a0<\/p>\n<p data-pm-slice=\"1 1 []\"><strong>La jade\u00edta natural no es perfecta, solo un peque\u00f1o recordatorio: nuestra jade\u00edta natural, como todas las cosas hermosas de la naturaleza, tiene sus caracter\u00edsticas y variaciones \u00fanicas. Invitamos a nuestros valiosos clientes a adoptar estas variaciones naturales. \u00a1Felices compras!<\/strong><\/p>\n<p>\u00a0<\/p>\n<p><strong><u>Ninguna de las fotograf\u00edas ni los v\u00eddeos han sido filtrados. Animamos a nuestros clientes a que vean tambi\u00e9n los v\u00eddeos adjuntos para tener una visi\u00f3n m\u00e1s completa de nuestros productos.<\/u><\/strong><\/p>","protected":false},"excerpt":{"rendered":"<p>Este anillo de jade\u00edta natural tipo A de color verde claro helado con manchas verdes es una incorporaci\u00f3n sorprendente a su colecci\u00f3n de joyas. Este anillo, elaborado con jade de alta calidad, est\u00e1 montado sobre una banda ajustable S925 y viene con un certificado de autenticidad. Anillo de tama\u00f1o libre ajustable N\u00fameros de certificado: GD2204H002700 Material: Este anillo es [\u2026]<\/p>","protected":false},"featured_media":5222,"comment_status":"open","ping_status":"closed","template":"","meta":[],"product_brand":[],"product_cat":[194],"product_tag":[],"class_list":{"0":"post-1481","1":"product","2":"type-product","3":"status-publish","4":"has-post-thumbnail","6":"product_cat-value-picks","8":"first","9":"instock","10":"sale","11":"shipping-taxable","12":"purchasable","13":"product-type-simple"},"_links":{"self":[{"href":"https:\/\/shop.yipinqian.com\/es\/wp-json\/wp\/v2\/product\/1481","targetHints":{"allow":["GET"]}}],"collection":[{"href":"https:\/\/shop.yipinqian.com\/es\/wp-json\/wp\/v2\/product"}],"about":[{"href":"https:\/\/shop.yipinqian.com\/es\/wp-json\/wp\/v2\/types\/product"}],"replies":[{"embeddable":true,"href":"https:\/\/shop.yipinqian.com\/es\/wp-json\/wp\/v2\/comments?post=1481"}],"version-history":[{"count":0,"href":"https:\/\/shop.yipinqian.com\/es\/wp-json\/wp\/v2\/product\/1481\/revisions"}],"wp:featuredmedia":[{"embeddable":true,"href":"https:\/\/shop.yipinqian.com\/es\/wp-json\/wp\/v2\/media\/5222"}],"wp:attachment":[{"href":"https:\/\/shop.yipinqian.com\/es\/wp-json\/wp\/v2\/media?parent=1481"}],"wp:term":[{"taxonomy":"product_brand","embeddable":true,"href":"https:\/\/shop.yipinqian.com\/es\/wp-json\/wp\/v2\/product_brand?post=1481"},{"taxonomy":"product_cat","embeddable":true,"href":"https:\/\/shop.yipinqian.com\/es\/wp-json\/wp\/v2\/product_cat?post=1481"},{"taxonomy":"product_tag","embeddable":true,"href":"https:\/\/shop.yipinqian.com\/es\/wp-json\/wp\/v2\/product_tag?post=1481"}],"curies":[{"name":"wp","href":"https:\/\/api.w.org\/{rel}","templated":true}]}}