{"id":1480,"date":"2024-10-24T23:19:31","date_gmt":"2024-10-24T15:19:31","guid":{"rendered":"https:\/\/shop.yipinqian.com\/product\/icy-light-green-natural-type-a-jadeite-jade-pendant-crafted-with-fish-and-lotus-certificate-weigh-6-07-grams-measurement-46-3-15-8-5-5-mm-pendant191\/"},"modified":"2025-02-24T00:49:55","modified_gmt":"2025-02-23T16:49:55","slug":"icy-light-green-natural-type-a-jadeite-jade-pendant-crafted-with-fish-and-lotus-certificate-weigh-6-07-grams-measurement-46-3-15-8-5-5-mm-pendant191","status":"publish","type":"product","link":"https:\/\/shop.yipinqian.com\/es\/producto\/icy-light-green-natural-type-a-jadeite-jade-pendant-crafted-with-fish-and-lotus-certificate-weigh-6-07-grams-measurement-46-3-15-8-5-5-mm-pendant191\/","title":{"rendered":"Colgante de jade\u00edta natural tipo A de color verde claro helado elaborado con peces y lotos, certificado con un peso de 6,07 gramos y unas medidas de 46,3 x 15,8 x 5,5 mm (colgante 191)"},"content":{"rendered":"<p>Este colgante de jade\u00edta natural tipo A de color verde claro helado es una incorporaci\u00f3n sorprendente a cualquier colecci\u00f3n de joyas. Elaborado con peces y lotos, este colgante es una verdadera obra de arte.<\/p>\n<p><\/p>\n<p><strong>N\u00fameros de certificado: GD2204H002683<\/strong><\/p>\n<ul>\n<li>\n<strong>Dise\u00f1o exquisito:<\/strong> El intrincado dise\u00f1o de Pez y Loto resalta la belleza de la piedra de jade natural.<\/li>\n<li>\n<strong>Jade\u00edta natural tipo A:<\/strong> Este colgante est\u00e1 hecho con jade\u00edta natural tipo A, conocida por sus colores brillantes y durabilidad.<\/li>\n<li>\n<strong>Certificado incluido:<\/strong> Este colgante viene con un certificado para garantizar su autenticidad.<\/li>\n<\/ul>\n<p>Las medidas de esta hermosa pieza son 46,3 * 15,8 * 5,5 mm, lo que la convierte en el tama\u00f1o perfecto para el uso diario o para ocasiones especiales.<\/p>\n<ul>\n<li>\n<strong>Hecho en Myanmar:<\/strong> Esta exquisita pieza proviene de Myanmar, donde se puede encontrar el jade m\u00e1s fino.<\/li>\n<li>\n<strong>Estilo de collar casual:<\/strong>Este estilo de collar informal complementar\u00e1 cualquier atuendo y lo har\u00e1 perfecto para el uso diario.<\/li>\n<li>.<\/li>\n<\/ul>\n<p>Este colgante unisex pesa 6,07 gramos y ser\u00e1 un excelente regalo o una adici\u00f3n a su colecci\u00f3n personal. \u00a1Obtenga el suyo hoy!<\/p>\n<p>Yi Pin Qian \u2013 Comerciante de piedras preciosas y metales preciosos en Singapur \u2013 N\u00famero de licencia PS20190000031<\/p>\n<p><\/p>\n<p>*Todos los jade\u00edtas comprados a Yi Pin Qian en Singapur, los clientes pueden reservar espacios para pulirlos o hacer reparaciones menores por mal manejo; se aplican tarifas y solo para los clientes de Yi Pin Qian en Singapur*<\/p>\n<p><\/p>\n<p><strong>**Tipos de certificados**<\/strong><\/p>\n<p><\/p>\n<p><strong>NGI (Gemolog\u00eda Nan Yang)<\/strong><\/p>\n<p>o <strong>Certificados en el extranjero <\/strong>(Yi Pin Qian solo utiliza certificados aut\u00e9nticos de laboratorios extranjeros y tambi\u00e9n controla la calidad de cada uno de nuestros productos antes de ponerlos a la venta en SG)<\/p>\n<p><\/p>\n<p>Todos los productos de TikTok contar\u00e1n con el tipo de certificado que se indica en la descripci\u00f3n. Para cualquier cliente que desee enviar su pedido a NGI Singapur, habr\u00e1 un tiempo de espera para la entrega del pedido estimado de aproximadamente 4 semanas para recibirlo. <strong>Las solicitudes de informes de NGI Gemstone deben realizarse enviando un mensaje a la tienda TikTok de Yi Pin Qian.<\/strong> Gracias, <strong><u>Se aplican tarifas adicionales<\/u><\/strong>.<\/p>\n<p><\/p>\n<p><strong>La jade\u00edta natural no es perfecta, solo un peque\u00f1o recordatorio: nuestra jade\u00edta natural, como todas las cosas hermosas de la naturaleza, tiene sus caracter\u00edsticas y variaciones \u00fanicas. Invitamos a nuestros valiosos clientes a adoptar estas variaciones naturales. \u00a1Felices compras!<\/strong><\/p>\n<p><\/p>\n<p><strong><u>Ninguna de las fotograf\u00edas ni los v\u00eddeos han sido filtrados. Animamos a nuestros clientes a que vean tambi\u00e9n los v\u00eddeos adjuntos para tener una visi\u00f3n m\u00e1s completa de nuestros productos.<\/u><\/strong><\/p>","protected":false},"excerpt":{"rendered":"<p>This Icy Light Green Natural Type A Jadeite Jade Pendant is a stunning addition to any jewelry collection. Crafted with Fish and Lotus, this pendant is truly a work of art. Certificate numbers: GD2204H002683 Exquisite Design: The intricate design of Fish and Lotus highlights the beauty of the natural jade stone. Natural Type A Jadeite: [&hellip;]<\/p>","protected":false},"featured_media":5214,"comment_status":"open","ping_status":"closed","template":"","meta":[],"product_brand":[],"product_cat":[194],"product_tag":[],"class_list":{"0":"post-1480","1":"product","2":"type-product","3":"status-publish","4":"has-post-thumbnail","6":"product_cat-value-picks","8":"first","9":"instock","10":"sale","11":"shipping-taxable","12":"purchasable","13":"product-type-simple"},"_links":{"self":[{"href":"https:\/\/shop.yipinqian.com\/es\/wp-json\/wp\/v2\/product\/1480","targetHints":{"allow":["GET"]}}],"collection":[{"href":"https:\/\/shop.yipinqian.com\/es\/wp-json\/wp\/v2\/product"}],"about":[{"href":"https:\/\/shop.yipinqian.com\/es\/wp-json\/wp\/v2\/types\/product"}],"replies":[{"embeddable":true,"href":"https:\/\/shop.yipinqian.com\/es\/wp-json\/wp\/v2\/comments?post=1480"}],"version-history":[{"count":0,"href":"https:\/\/shop.yipinqian.com\/es\/wp-json\/wp\/v2\/product\/1480\/revisions"}],"wp:featuredmedia":[{"embeddable":true,"href":"https:\/\/shop.yipinqian.com\/es\/wp-json\/wp\/v2\/media\/5214"}],"wp:attachment":[{"href":"https:\/\/shop.yipinqian.com\/es\/wp-json\/wp\/v2\/media?parent=1480"}],"wp:term":[{"taxonomy":"product_brand","embeddable":true,"href":"https:\/\/shop.yipinqian.com\/es\/wp-json\/wp\/v2\/product_brand?post=1480"},{"taxonomy":"product_cat","embeddable":true,"href":"https:\/\/shop.yipinqian.com\/es\/wp-json\/wp\/v2\/product_cat?post=1480"},{"taxonomy":"product_tag","embeddable":true,"href":"https:\/\/shop.yipinqian.com\/es\/wp-json\/wp\/v2\/product_tag?post=1480"}],"curies":[{"name":"wp","href":"https:\/\/api.w.org\/{rel}","templated":true}]}}