{"id":1479,"date":"2024-10-24T23:19:30","date_gmt":"2024-10-24T15:19:30","guid":{"rendered":"https:\/\/shop.yipinqian.com\/product\/icy-light-green-natural-type-a-jadeite-jade-pendant-crafted-as-milo-buddha-set-on-18k-gold-with-1-icy-cabochon-and-diamonds-certificate-included-weigh-13-8-grams-measurement-41-9-33-1-11-6-mm-18kp15\/"},"modified":"2025-02-24T01:34:19","modified_gmt":"2025-02-23T17:34:19","slug":"icy-light-green-natural-type-a-jadeite-jade-pendant-crafted-as-milo-buddha-set-on-18k-gold-with-1-icy-cabochon-and-diamonds-certificate-included-weigh-13-8-grams-measurement-41-9-33-1-11-6-mm-18kp15","status":"publish","type":"product","link":"https:\/\/shop.yipinqian.com\/es\/producto\/icy-light-green-natural-type-a-jadeite-jade-pendant-crafted-as-milo-buddha-set-on-18k-gold-with-1-icy-cabochon-and-diamonds-certificate-included-weigh-13-8-grams-measurement-41-9-33-1-11-6-mm-18kp15\/","title":{"rendered":"Colgante de jade\u00edta natural tipo A verde claro helado elaborado como Buda Milo engastado en oro de 18 k con 1 cabuj\u00f3n helado y diamantes, certificado incluido, peso 13,8 gramos, medida 41,9 * 33,1 * 11,6 mm (18kp15)"},"content":{"rendered":"<p>Este colgante de jade\u00edta natural tipo A de color verde claro helado es una pieza de joyer\u00eda impresionante, perfecta para quienes aman los accesorios \u00fanicos y de alta calidad. Elaborado como Milo Buddha y montado en oro de 18 quilates, este colgante cuenta con un cabuj\u00f3n helado y diamantes, lo que le suma encanto.<\/p>\n<p><\/p>\n<p><strong>N\u00fameros de certificado: GD2111H005839<\/strong><\/p>\n<p><strong>Oro de 18k Peso: 3,78 gramos<\/strong><\/p>\n<p><strong>Diamantes: 47*<em> 0,003 diamantes amarillos = 0,141 quilates, 56 *<\/em> 0,005 = 0,28 quilates<\/strong><\/p>\n<p><strong>Cabuj\u00f3n helado: 5,3*<em> 5.3 *<\/em> 3 mil\u00edmetros<\/strong><\/p>\n<p><strong>Jade\u00edta Buda Milo: 30,5 *<em> 33.1 *<\/em> 7,3 mil\u00edmetros<\/strong><\/p>\n<p><\/p>\n<ul>\n<li>\n<strong>Bellamente elaborado:<\/strong> El colgante est\u00e1 elaborado intrincadamente como el Buda Milo con atenci\u00f3n al detalle, lo que lo convierte en una exquisita pieza de joyer\u00eda.<\/li>\n<li>\n<strong>Calidad premium:<\/strong> Fabricado con jade\u00edta natural tipo A, este colgante tiene un hermoso tono verde claro helado que luce impresionante cuando se usa.<\/li>\n<li>\n<strong>Certificaci\u00f3n incluida:<\/strong> El certificado incluido con el producto garantiza su autenticidad y calidad.<\/li>\n<\/ul>\n<p>Peso <strong>13,8 gramos<\/strong> y midiendo <strong>41,9 x 33,1 x 11,6 mm<\/strong> En tama\u00f1o (18kp15), este colgante no es demasiado pesado ni voluminoso para usarlo c\u00f3modamente durante per\u00edodos prolongados.<\/p>\n<ul>\n<li>\n<strong>Los diamantes a\u00f1aden brillo:<\/strong>Los diamantes del colgante a\u00f1aden un brillo adicional que lo hace perfecto para ocasiones especiales como bodas o aniversarios.<\/li>\n<\/ul>\n<p>Este estilo de collar unisex tiene un aspecto informal para que puedas usarlo todos los d\u00edas o vestirlo elegantemente cuando sea necesario, lo que lo convierte en una adici\u00f3n vers\u00e1til a tu colecci\u00f3n de accesorios.<\/p>\n<p>.<\/p>\n<ul>\n<li>\n<strong>Tipo de jade: <\/strong>Jade\u00edta: este producto presenta jade\u00edta natural de alta calidad,<\/li>\n<li>.<\/li>\n<li>\n<strong>El pa\u00eds de origen: <\/strong>Esta hermosa pieza proviene de Myanmar.<strong>Certificado incluido: <\/strong>Puede estar seguro de la autenticidad de su compra gracias al certificado incluido.<strong>El material secundario: <\/strong>Diamante: la belleza de los diamantes complementa con elegancia la belleza natural del jade. Te encantar\u00e1 usar este colgante de jade\u00edta natural tipo A verde claro helado engastado en una base de oro PT\/quilates. \u00a1Es un accesorio llamativo que te har\u00e1 ganar elogios dondequiera que vayas!<\/li>\n<\/ul>\n<p>Yi Pin Qian \u2013 Comerciante de piedras preciosas y metales preciosos en Singapur \u2013 N\u00famero de licencia PS20190000031<\/p>\n<p><\/p>\n<p>*Todos los jade\u00edtas comprados a Yi Pin Qian en Singapur, los clientes pueden reservar espacios para pulirlos o hacer reparaciones menores por mal manejo; se aplican tarifas y solo para los clientes de Yi Pin Qian en Singapur*<\/p>\n<p><\/p>\n<p><strong>**Tipos de certificados**<\/strong><\/p>\n<p><\/p>\n<p><strong>NGI (Gemolog\u00eda Nan Yang)<\/strong><\/p>\n<p>o <strong>Certificados en el extranjero <\/strong>(Yi Pin Qian solo utiliza certificados aut\u00e9nticos de laboratorios extranjeros y tambi\u00e9n controla la calidad de cada uno de nuestros productos antes de ponerlos a la venta en SG)<\/p>\n<p><\/p>\n<p>Todos los productos de TikTok contar\u00e1n con el tipo de certificado que se indica en la descripci\u00f3n. Para cualquier cliente que desee enviar su pedido a NGI Singapur, habr\u00e1 un tiempo de espera para la entrega del pedido estimado de aproximadamente 4 semanas para recibirlo. <strong>Las solicitudes de informes de NGI Gemstone deben realizarse enviando un mensaje a la tienda TikTok de Yi Pin Qian.<\/strong> Gracias, <strong><u>Se aplican tarifas adicionales<\/u><\/strong>.<\/p>\n<p><\/p>\n<p><strong>La jade\u00edta natural no es perfecta, solo un peque\u00f1o recordatorio: nuestra jade\u00edta natural, como todas las cosas hermosas de la naturaleza, tiene sus caracter\u00edsticas y variaciones \u00fanicas. Invitamos a nuestros valiosos clientes a adoptar estas variaciones naturales. \u00a1Felices compras!<\/strong><\/p>\n<p><\/p>\n<p><strong><u>Ninguna de las fotograf\u00edas ni los v\u00eddeos han sido filtrados. Animamos a nuestros clientes a que vean tambi\u00e9n los v\u00eddeos adjuntos para tener una visi\u00f3n m\u00e1s completa de nuestros productos.<\/u><\/strong><\/p>","protected":false},"excerpt":{"rendered":"<p>Este colgante de jade\u00edta natural tipo A de color verde claro helado es una impresionante pieza de joyer\u00eda perfecta para quienes aman los accesorios \u00fanicos y de alta calidad. Elaborado como Milo Buddha y montado en oro de 18k, este colgante presenta 1 cabuj\u00f3n helado y diamantes, lo que le suma encanto. N\u00fameros de certificado: GD2111H005839 Peso del oro de 18k: [\u2026]<\/p>","protected":false},"featured_media":5206,"comment_status":"open","ping_status":"closed","template":"","meta":[],"product_brand":[],"product_cat":[196],"product_tag":[50,52,88,53,54,55,56,57,73,75,59,60,61,62],"class_list":{"0":"post-1479","1":"product","2":"type-product","3":"status-publish","4":"has-post-thumbnail","6":"product_cat-vault-collection","7":"product_tag-18k-gold","8":"product_tag-certified","9":"product_tag-diamonds","10":"product_tag-fine-quality","11":"product_tag-icy","12":"product_tag-jadeite","13":"product_tag-limited-editions","14":"product_tag-milo-buddha","15":"product_tag-pendant","16":"product_tag-traditional","17":"product_tag-translucent","18":"product_tag-type-a-jadeite","19":"product_tag-unisex","20":"product_tag-yi-pin-qian-exclusive","22":"first","23":"instock","24":"sale","25":"shipping-taxable","26":"purchasable","27":"product-type-simple"},"_links":{"self":[{"href":"https:\/\/shop.yipinqian.com\/es\/wp-json\/wp\/v2\/product\/1479","targetHints":{"allow":["GET"]}}],"collection":[{"href":"https:\/\/shop.yipinqian.com\/es\/wp-json\/wp\/v2\/product"}],"about":[{"href":"https:\/\/shop.yipinqian.com\/es\/wp-json\/wp\/v2\/types\/product"}],"replies":[{"embeddable":true,"href":"https:\/\/shop.yipinqian.com\/es\/wp-json\/wp\/v2\/comments?post=1479"}],"version-history":[{"count":0,"href":"https:\/\/shop.yipinqian.com\/es\/wp-json\/wp\/v2\/product\/1479\/revisions"}],"wp:featuredmedia":[{"embeddable":true,"href":"https:\/\/shop.yipinqian.com\/es\/wp-json\/wp\/v2\/media\/5206"}],"wp:attachment":[{"href":"https:\/\/shop.yipinqian.com\/es\/wp-json\/wp\/v2\/media?parent=1479"}],"wp:term":[{"taxonomy":"product_brand","embeddable":true,"href":"https:\/\/shop.yipinqian.com\/es\/wp-json\/wp\/v2\/product_brand?post=1479"},{"taxonomy":"product_cat","embeddable":true,"href":"https:\/\/shop.yipinqian.com\/es\/wp-json\/wp\/v2\/product_cat?post=1479"},{"taxonomy":"product_tag","embeddable":true,"href":"https:\/\/shop.yipinqian.com\/es\/wp-json\/wp\/v2\/product_tag?post=1479"}],"curies":[{"name":"wp","href":"https:\/\/api.w.org\/{rel}","templated":true}]}}