{"id":1478,"date":"2024-10-24T23:19:29","date_gmt":"2024-10-24T15:19:29","guid":{"rendered":"https:\/\/shop.yipinqian.com\/product\/icy-good-translucency-with-green-natural-type-a-jadeite-pendant-necklace-crafted-with-buddha-and-lotus-certificate-included-weigh-13-2-grams-46-2-22-5-6-3-mm\/"},"modified":"2025-02-24T01:17:30","modified_gmt":"2025-02-23T17:17:30","slug":"icy-good-translucency-with-green-natural-type-a-jadeite-pendant-necklace-crafted-with-buddha-and-lotus-certificate-included-weigh-13-2-grams-46-2-22-5-6-3-mm","status":"publish","type":"product","link":"https:\/\/shop.yipinqian.com\/es\/producto\/icy-good-translucency-with-green-natural-type-a-jadeite-pendant-necklace-crafted-with-buddha-and-lotus-certificate-included-weigh-13-2-grams-46-2-22-5-6-3-mm\/","title":{"rendered":"Collar con colgante de jade\u00edta natural tipo A verde transl\u00facido de buena calidad elaborado con Buda y loto, certificado incluido, pesa 13,2 gramos, 46,2 * 22,5 * 6,3 mm"},"content":{"rendered":"<p>Este collar colgante de jade\u00edta natural tipo A verde transl\u00facido Icy Good es una impresionante pieza de accesorio de joyer\u00eda que presenta un dise\u00f1o de Buda y loto hecho a mano, perfecto para el uso diario.<\/p>\n<ul>\n<li>Con un peso de 13,2 gramos y unas medidas de 46,2 x 22,5 x 6,3 mm, este collar es una pieza llamativa que seguramente llamar\u00e1 la atenci\u00f3n.<\/li>\n<li>Hecho de jade\u00edta de alta calidad, este collar tiene una translucidez exquisita que realza su belleza natural.<\/li>\n<\/ul>\n<p><strong>N\u00fameros de certificado: GD2111H014908<\/strong><\/p>\n<p><img fetchpriority=\"high\" decoding=\"async\" height=\"1080\" src=\"https:\/\/shop.yipinqian.com\/wp-content\/uploads\/2024\/10\/f412782b682d89156c4a9c18d1689a1e.jpg?from=476444299\" width=\"1080\"><\/p>\n<p>Como prueba de su autenticidad y calidad, este colgante viene con un certificado.<\/p>\n<ul>\n<li>Ya sea que te vistas elegantemente para ocasiones especiales o elijas un estilo informal con tu atuendo diario, este estilo de collar se adapta a cualquier atuendo que tengas en mente.<\/li>\n<\/ul>\n<p>Este collar colgante de jade\u00edta natural tipo A verde transl\u00facido Icy Good est\u00e1 dise\u00f1ado para ser unisex y no tiene ning\u00fan tipo de garant\u00eda, lo que refleja su atractivo atemporal tanto para hombres como para mujeres.<\/p>\n<p>\u00a0<\/p>\n<p>Yi Pin Qian \u2013 Comerciante de piedras preciosas y metales preciosos en Singapur \u2013 N\u00famero de licencia PS20190000031<\/p>\n<p>\u00a0<\/p>\n<p>*Todos los jade\u00edtas comprados a Yi Pin Qian en Singapur, los clientes pueden reservar espacios para pulirlos o hacer reparaciones menores por mal manejo; se aplican tarifas y solo para los clientes de Yi Pin Qian en Singapur*<\/p>\n<p>\u00a0<\/p>\n<p><strong>**Tipos de certificados**<\/strong><\/p>\n<p>\u00a0<\/p>\n<p><strong>NGI (Gemolog\u00eda Nan Yang)<\/strong><\/p>\n<p>o <strong>Certificados en el extranjero <\/strong>(Yi Pin Qian solo utiliza certificados aut\u00e9nticos de laboratorios extranjeros y tambi\u00e9n controla la calidad de cada uno de nuestros productos antes de ponerlos a la venta en SG)<\/p>\n<p>\u00a0<\/p>\n<p>Todos los productos de TikTok contar\u00e1n con el tipo de certificado que se indica en la descripci\u00f3n. Para cualquier cliente que desee enviar su pedido a NGI Singapur, habr\u00e1 un tiempo de espera para la entrega del pedido estimado de aproximadamente 4 semanas para recibirlo. <strong>Las solicitudes de informes de NGI Gemstone deben realizarse enviando un mensaje a la tienda TikTok de Yi Pin Qian.<\/strong> Gracias, <strong><u>Se aplican tarifas adicionales<\/u><\/strong>.<\/p>\n<p>\u00a0<\/p>\n<p><strong>La jade\u00edta natural no es perfecta, solo un peque\u00f1o recordatorio: nuestra jade\u00edta natural, como todas las cosas hermosas de la naturaleza, tiene sus caracter\u00edsticas y variaciones \u00fanicas. Invitamos a nuestros valiosos clientes a adoptar estas variaciones naturales. \u00a1Felices compras!<\/strong><\/p>\n<p>\u00a0<\/p>\n<p><strong><u>Ninguna de las fotograf\u00edas ni los v\u00eddeos han sido filtrados. Animamos a nuestros clientes a que vean tambi\u00e9n los v\u00eddeos adjuntos para tener una visi\u00f3n m\u00e1s completa de nuestros productos.<\/u><\/strong><\/p>","protected":false},"excerpt":{"rendered":"<p>This Icy Good Translucency Green Natural Type A Jadeite Pendant Necklace is a stunning piece of jewelry accessory that features a hand-crafted Buddha and Lotus design, perfect for daily wear. Weighing in at 13.2 grams and measuring 46.2 * 22.5 * 6.3 mm, this necklace is a statement piece that will surely turn heads. Made [&hellip;]<\/p>","protected":false},"featured_media":5198,"comment_status":"open","ping_status":"closed","template":"","meta":[],"product_brand":[],"product_cat":[195],"product_tag":[],"class_list":{"0":"post-1478","1":"product","2":"type-product","3":"status-publish","4":"has-post-thumbnail","6":"product_cat-heirloom-grade","8":"first","9":"instock","10":"sale","11":"shipping-taxable","12":"purchasable","13":"product-type-simple"},"_links":{"self":[{"href":"https:\/\/shop.yipinqian.com\/es\/wp-json\/wp\/v2\/product\/1478","targetHints":{"allow":["GET"]}}],"collection":[{"href":"https:\/\/shop.yipinqian.com\/es\/wp-json\/wp\/v2\/product"}],"about":[{"href":"https:\/\/shop.yipinqian.com\/es\/wp-json\/wp\/v2\/types\/product"}],"replies":[{"embeddable":true,"href":"https:\/\/shop.yipinqian.com\/es\/wp-json\/wp\/v2\/comments?post=1478"}],"version-history":[{"count":0,"href":"https:\/\/shop.yipinqian.com\/es\/wp-json\/wp\/v2\/product\/1478\/revisions"}],"wp:featuredmedia":[{"embeddable":true,"href":"https:\/\/shop.yipinqian.com\/es\/wp-json\/wp\/v2\/media\/5198"}],"wp:attachment":[{"href":"https:\/\/shop.yipinqian.com\/es\/wp-json\/wp\/v2\/media?parent=1478"}],"wp:term":[{"taxonomy":"product_brand","embeddable":true,"href":"https:\/\/shop.yipinqian.com\/es\/wp-json\/wp\/v2\/product_brand?post=1478"},{"taxonomy":"product_cat","embeddable":true,"href":"https:\/\/shop.yipinqian.com\/es\/wp-json\/wp\/v2\/product_cat?post=1478"},{"taxonomy":"product_tag","embeddable":true,"href":"https:\/\/shop.yipinqian.com\/es\/wp-json\/wp\/v2\/product_tag?post=1478"}],"curies":[{"name":"wp","href":"https:\/\/api.w.org\/{rel}","templated":true}]}}