{"id":1475,"date":"2024-10-24T23:19:28","date_gmt":"2024-10-24T15:19:28","guid":{"rendered":"https:\/\/shop.yipinqian.com\/product\/hugh-rare-high-quality-brown-with-light-green-natural-type-a-jadeite-jade-crafted-with-sceneries-as-pendant-certificate-weighs-67-2-43-3-19-3-mm-pendant266\/"},"modified":"2025-02-24T01:34:19","modified_gmt":"2025-02-23T17:34:19","slug":"hugh-rare-high-quality-brown-with-light-green-natural-type-a-jadeite-jade-crafted-with-sceneries-as-pendant-certificate-weighs-67-2-43-3-19-3-mm-pendant266","status":"publish","type":"product","link":"https:\/\/shop.yipinqian.com\/es\/producto\/hugh-rare-high-quality-brown-with-light-green-natural-type-a-jadeite-jade-crafted-with-sceneries-as-pendant-certificate-weighs-67-2-43-3-19-3-mm-pendant266\/","title":{"rendered":"Colgante de jade\u00edta natural tipo A de color marr\u00f3n y verde claro de gran calidad, de Hugh, raro, elaborado con paisajes, certificado que pesa 67,2 x 43,3 x 19,3 mm (colgante 266)"},"content":{"rendered":"<p>Realza tu atuendo diario con esta exquisita pieza de joyer\u00eda: un colgante de jade\u00edta natural tipo A marr\u00f3n con verde claro de gran calidad, enorme y poco com\u00fan. Elaborado con intrincados paisajes, este colgante es una verdadera obra de arte.<\/p>\n<p>\u00a0<\/p>\n<p>N\u00fameros de certificado: GD2111H010538<\/p>\n<p><img fetchpriority=\"high\" decoding=\"async\" height=\"1080\" src=\"https:\/\/shop.yipinqian.com\/wp-content\/uploads\/2024\/10\/6d78f5d74cd21b3d0b443ab70a03df78.jpg?from=476444299\" width=\"1080\"><\/p>\n<ul>\n<li>\n<strong>Material:<\/strong> Jade\u00edta natural tipo A<\/li>\n<li>\n<strong>Certificado:<\/strong> S\u00ed<\/li>\n<li>\n<strong>Pa\u00eds natal:<\/strong> Birmania<\/li>\n<li>\n<strong>Tipo de jade:<\/strong>Jade\u00edta<\/li>\n<li>\n<strong>Tama\u00f1o natural (mm):<\/strong>\u2013 Largo: 67,2 \u2013 Ancho: 43,3 \u2013 Grosor: 19,3<\/li>\n<li>Esta pieza unisex es perfecta para cualquier ocasi\u00f3n y a\u00f1ade un toque de elegancia a tu look. El estilo informal del collar lo hace vers\u00e1til para el uso diario. A\u00f1ade este impresionante colgante de jade a tu colecci\u00f3n y disfruta de la belleza y singularidad que aporta a tu conjunto.<\/li>\n<\/ul>\n<p>Yi Pin Qian \u2013 Comerciante de piedras preciosas y metales preciosos en Singapur \u2013 N\u00famero de licencia PS20190000031<\/p>\n<p>\u00a0<\/p>\n<p>*Todos los jade\u00edtas comprados a Yi Pin Qian en Singapur, los clientes pueden reservar espacios para pulirlos o hacer reparaciones menores por mal manejo; se aplican tarifas y solo para los clientes de Yi Pin Qian en Singapur*<\/p>\n<p>\u00a0<\/p>\n<p><strong>**Tipos de certificados**<\/strong><\/p>\n<p>\u00a0<\/p>\n<p><strong>NGI (Gemolog\u00eda Nan Yang)<\/strong><\/p>\n<p>o <strong>Certificados en el extranjero <\/strong>(Yi Pin Qian solo utiliza certificados aut\u00e9nticos de laboratorios extranjeros y tambi\u00e9n controla la calidad de cada uno de nuestros productos antes de ponerlos a la venta en SG)<\/p>\n<p>\u00a0<\/p>\n<p>Todos los productos de TikTok contar\u00e1n con el tipo de certificado que se indica en la descripci\u00f3n. Para cualquier cliente que desee enviar su pedido a NGI Singapur, habr\u00e1 un tiempo de espera para la entrega del pedido estimado de aproximadamente 4 semanas para recibirlo. <strong>Las solicitudes de informes de NGI Gemstone deben realizarse enviando un mensaje a la tienda TikTok de Yi Pin Qian.<\/strong> Gracias, <strong><u>Se aplican tarifas adicionales<\/u><\/strong>.<\/p>\n<p>\u00a0<\/p>\n<p><strong>La jade\u00edta natural no es perfecta, solo un peque\u00f1o recordatorio: nuestra jade\u00edta natural, como todas las cosas hermosas de la naturaleza, tiene sus caracter\u00edsticas y variaciones \u00fanicas. Invitamos a nuestros valiosos clientes a adoptar estas variaciones naturales. \u00a1Felices compras!<\/strong><\/p>\n<p>\u00a0<\/p>\n<p><strong><u>Ninguna de las fotograf\u00edas ni los v\u00eddeos han sido filtrados. Animamos a nuestros clientes a que vean tambi\u00e9n los v\u00eddeos adjuntos para tener una visi\u00f3n m\u00e1s completa de nuestros productos.<\/u><\/strong><\/p>\n<p>\u00a0<\/p>\n<p><strong>*** (Si el cliente desea solicitar un certificado NGI, env\u00edenos un mensaje antes de realizar la compra. Gracias)<\/strong><\/p>","protected":false},"excerpt":{"rendered":"<p>Enhance your daily attire with this exquisite piece of jewelry: a Hugh, Rare, High-Quality Brown with Light Green Natural Type A Jadeite Jade pendant. Crafted with intricate sceneries, this pendant is a true work of art. \u00a0 Certificate numbers: GD2111H010538 Material: Natural Type A Jadeite Jade Certificate: Yes Country of Origin: Myanmar Jade Type:Jadeite Natural [&hellip;]<\/p>","protected":false},"featured_media":5168,"comment_status":"open","ping_status":"closed","template":"","meta":[],"product_brand":[],"product_cat":[196],"product_tag":[],"class_list":{"0":"post-1475","1":"product","2":"type-product","3":"status-publish","4":"has-post-thumbnail","6":"product_cat-vault-collection","8":"first","9":"instock","10":"sale","11":"shipping-taxable","12":"purchasable","13":"product-type-simple"},"_links":{"self":[{"href":"https:\/\/shop.yipinqian.com\/es\/wp-json\/wp\/v2\/product\/1475","targetHints":{"allow":["GET"]}}],"collection":[{"href":"https:\/\/shop.yipinqian.com\/es\/wp-json\/wp\/v2\/product"}],"about":[{"href":"https:\/\/shop.yipinqian.com\/es\/wp-json\/wp\/v2\/types\/product"}],"replies":[{"embeddable":true,"href":"https:\/\/shop.yipinqian.com\/es\/wp-json\/wp\/v2\/comments?post=1475"}],"version-history":[{"count":0,"href":"https:\/\/shop.yipinqian.com\/es\/wp-json\/wp\/v2\/product\/1475\/revisions"}],"wp:featuredmedia":[{"embeddable":true,"href":"https:\/\/shop.yipinqian.com\/es\/wp-json\/wp\/v2\/media\/5168"}],"wp:attachment":[{"href":"https:\/\/shop.yipinqian.com\/es\/wp-json\/wp\/v2\/media?parent=1475"}],"wp:term":[{"taxonomy":"product_brand","embeddable":true,"href":"https:\/\/shop.yipinqian.com\/es\/wp-json\/wp\/v2\/product_brand?post=1475"},{"taxonomy":"product_cat","embeddable":true,"href":"https:\/\/shop.yipinqian.com\/es\/wp-json\/wp\/v2\/product_cat?post=1475"},{"taxonomy":"product_tag","embeddable":true,"href":"https:\/\/shop.yipinqian.com\/es\/wp-json\/wp\/v2\/product_tag?post=1475"}],"curies":[{"name":"wp","href":"https:\/\/api.w.org\/{rel}","templated":true}]}}