{"id":14743,"date":"2024-12-17T10:47:51","date_gmt":"2024-12-17T02:47:51","guid":{"rendered":"https:\/\/shop.yipinqian.com\/yellow-water-drop-shape-cabochon-natural-type-a-jadeite-jade-set-with-s925-as-pendant-certificate-weighs-2-6-grams-measurement-14-7-12-4-mm-s925p5\/"},"modified":"2025-01-26T00:00:50","modified_gmt":"2025-01-25T16:00:50","slug":"yellow-water-drop-shape-cabochon-natural-type-a-jadeite-jade-set-with-s925-as-pendant-certificate-weighs-2-6-grams-measurement-14-7-12-4-mm-s925p5","status":"publish","type":"product","link":"https:\/\/shop.yipinqian.com\/es\/producto\/yellow-water-drop-shape-cabochon-natural-type-a-jadeite-jade-set-with-s925-as-pendant-certificate-weighs-2-6-grams-measurement-14-7-12-4-mm-s925p5\/","title":{"rendered":"Cabuj\u00f3n de jade\u00edta natural tipo A con forma de gota de agua amarilla engastado con certificado S925 como colgante, pesa 2,6 gramos y mide 14,7 x 12 x 4 mm (s925p5)"},"content":{"rendered":"<p><iframe title=\"Colgante cabuj\u00f3n amarillo s925\" src=\"https:\/\/youtube.com\/embed\/oYG7XDh-p3A\" width=\"330\" height=\"300\"><\/iframe><\/p>\n<p>Este impresionante colgante de jade\u00edta natural tipo A con forma de gota de agua amarilla es un accesorio perfecto para el uso diario, elaborado con elegancia en plata S925. Con un peso de 2,6 gramos, presenta un dise\u00f1o \u00fanico que agrega un toque de sofisticaci\u00f3n a cualquier atuendo.<\/p>\n<p><\/p>\n<p>N\u00fameros de certificado: GD2111H017513<\/p>\n<p><img fetchpriority=\"high\" decoding=\"async\" src=\"https:\/\/shop.yipinqian.com\/wp-content\/uploads\/2024\/12\/e2cb4348e93d4aceabead79e4b639954tplv-aphluv4xwc-origin-jpeg.jpeg?dr=15568&#038;nonce=54586&#038;refresh_token=2565d659577db8888f3b6434f8529116&#038;from=476444299&#038;idc=my2&#038;ps=933b5bde&#038;shcp=9b759fb9&#038;shp=1c65f68b&#038;t=555f072d\" width=\"1080\" height=\"1080\"><\/p>\n<ul>\n<li>\n<strong>Material:<\/strong> Montura de plata S925<\/li>\n<li>\n<strong>Tipo de jade:<\/strong> Jade\u00edta natural tipo A<\/li>\n<li>\n<strong>Medidas:<\/strong> 14,7 x 12 x 4 mm<\/li>\n<li>\n<strong>Viene con certificado:<\/strong> S\u00ed<\/li>\n<\/ul>\n<p><img decoding=\"async\" src=\"https:\/\/shop.yipinqian.com\/wp-content\/uploads\/2024\/12\/5f19596b3fe8417aa3b3afe56e0501abtplv-aphluv4xwc-origin-jpeg.jpeg?dr=15568&#038;nonce=50861&#038;refresh_token=531134c75a792abfa1b2937fc4c12b83&#038;from=476444299&#038;idc=my2&#038;ps=933b5bde&#038;shcp=9b759fb9&#038;shp=1c65f68b&#038;t=555f072d\" width=\"1080\" height=\"1080\"><\/p>\n<p>Este colgante est\u00e1 dise\u00f1ado para mujeres que aprecian la joyer\u00eda informal pero elegante que refleja su estilo personal.<\/p>\n<p><\/p>\n<p>Yi Pin Qian \u2013 Comerciante de piedras preciosas y metales preciosos en Singapur \u2013 N\u00famero de licencia PS20190000031<\/p>\n<p><\/p>\n<p>*Todos los jade\u00edtas comprados a Yi Pin Qian en Singapur, los clientes pueden reservar espacios para pulirlos o hacer reparaciones menores por mal manejo; se aplican tarifas y solo para los clientes de Yi Pin Qian en Singapur*<\/p>\n<p><\/p>\n<p><strong>**Tipos de certificados**<\/strong><\/p>\n<p><\/p>\n<p><strong>NGI (Gemolog\u00eda Nan Yang)<\/strong><\/p>\n<p>o <strong>Certificados en el extranjero <\/strong>(Yi Pin Qian solo utiliza certificados aut\u00e9nticos de laboratorios extranjeros y tambi\u00e9n controla la calidad de cada uno de nuestros productos antes de ponerlos a la venta en SG)<\/p>\n<p><\/p>\n<p>Cada producto tendr\u00e1 el tipo de certificado proporcionado indicado en la descripci\u00f3n. Para cualquier cliente que desee enviar su pedido a NGI Singapur, <strong>Las solicitudes de informes de NGI Gemstone deben realizarse envi\u00e1ndonos un mensaje.<\/strong> Gracias, <strong><u>Se aplican tarifas adicionales<\/u><\/strong> \u2013 $90 para jade\u00edta \/ $150 para jade\u00edta con oro de 18 k: no es obligatorio ya que la mayor\u00eda de nuestros productos ya vienen con certificado extranjero o informe NGI.<\/p>\n<p><\/p>\n<p>(Para m\u00e1s detalles o solicitud adicional: <strong>Env\u00edenos un mensaje si desea enviar el art\u00edculo comprado al laboratorio de pruebas de NGI.<\/strong>)<\/p>\n<p><\/p>\n<p><strong>La jade\u00edta natural no es perfecta, solo un peque\u00f1o recordatorio: nuestra jade\u00edta natural, como todas las cosas hermosas de la naturaleza, tiene sus caracter\u00edsticas y variaciones \u00fanicas. Invitamos a nuestros valiosos clientes a adoptar estas variaciones naturales. \u00a1Felices compras!<\/strong><\/p>\n<p><\/p>\n<p><strong><u>Ninguna de las fotograf\u00edas ni los v\u00eddeos han sido filtrados. Animamos a nuestros clientes a que vean tambi\u00e9n los v\u00eddeos adjuntos para tener una visi\u00f3n m\u00e1s completa de nuestros productos.<\/u><\/strong><\/p>\n<p><\/p>\n<ul>\n<li>Las diferentes plataformas solo pueden ver videos a trav\u00e9s de la computadora de escritorio<\/li>\n<\/ul>","protected":false},"excerpt":{"rendered":"<p>Este impresionante colgante de jade\u00edta natural tipo A con forma de gota de agua amarilla es un accesorio perfecto para el uso diario, elaborado elegantemente en plata S925. Con un peso de 2,6 gramos, presenta un dise\u00f1o \u00fanico que agrega un toque de sofisticaci\u00f3n a cualquier atuendo. N\u00fameros de certificado: GD2111H017513 Material: engaste de plata S925 Tipo de jade: jade\u00edta natural tipo A [\u2026]<\/p>","protected":false},"featured_media":14940,"comment_status":"open","ping_status":"closed","template":"","meta":[],"product_brand":[],"product_cat":[83,126,48,125],"product_tag":[52,72,65,55,56,58,73,67,60,68,62],"class_list":{"0":"post-14743","1":"product","2":"type-product","3":"status-publish","4":"has-post-thumbnail","6":"product_cat-jade-necklaces-pendants","7":"product_cat-new-arrivals","8":"product_cat-pendants","9":"product_cat-s925-settings-jadeites","10":"product_tag-certified","11":"product_tag-female","12":"product_tag-high-quality","13":"product_tag-jadeite","14":"product_tag-limited-editions","15":"product_tag-new-arrivals","16":"product_tag-pendant","17":"product_tag-s925","18":"product_tag-type-a-jadeite","19":"product_tag-yellow","20":"product_tag-yi-pin-qian-exclusive","22":"first","23":"instock","24":"sale","25":"shipping-taxable","26":"purchasable","27":"product-type-simple"},"_links":{"self":[{"href":"https:\/\/shop.yipinqian.com\/es\/wp-json\/wp\/v2\/product\/14743","targetHints":{"allow":["GET"]}}],"collection":[{"href":"https:\/\/shop.yipinqian.com\/es\/wp-json\/wp\/v2\/product"}],"about":[{"href":"https:\/\/shop.yipinqian.com\/es\/wp-json\/wp\/v2\/types\/product"}],"replies":[{"embeddable":true,"href":"https:\/\/shop.yipinqian.com\/es\/wp-json\/wp\/v2\/comments?post=14743"}],"version-history":[{"count":0,"href":"https:\/\/shop.yipinqian.com\/es\/wp-json\/wp\/v2\/product\/14743\/revisions"}],"wp:featuredmedia":[{"embeddable":true,"href":"https:\/\/shop.yipinqian.com\/es\/wp-json\/wp\/v2\/media\/14940"}],"wp:attachment":[{"href":"https:\/\/shop.yipinqian.com\/es\/wp-json\/wp\/v2\/media?parent=14743"}],"wp:term":[{"taxonomy":"product_brand","embeddable":true,"href":"https:\/\/shop.yipinqian.com\/es\/wp-json\/wp\/v2\/product_brand?post=14743"},{"taxonomy":"product_cat","embeddable":true,"href":"https:\/\/shop.yipinqian.com\/es\/wp-json\/wp\/v2\/product_cat?post=14743"},{"taxonomy":"product_tag","embeddable":true,"href":"https:\/\/shop.yipinqian.com\/es\/wp-json\/wp\/v2\/product_tag?post=14743"}],"curies":[{"name":"wp","href":"https:\/\/api.w.org\/{rel}","templated":true}]}}