{"id":1474,"date":"2024-10-24T23:19:27","date_gmt":"2024-10-24T15:19:27","guid":{"rendered":"https:\/\/shop.yipinqian.com\/product\/hugh-natural-type-a-jadeite-pendant-crafted-as-dounut-with-beautiful-archaize-style-with-floating-green-and-some-wuji-with-purple-hue-qic-labs-approved-cert-weigh-71-13-grams-54-3-54-3-12-2-mm-symbols\/"},"modified":"2025-02-17T00:02:48","modified_gmt":"2025-02-16T16:02:48","slug":"hugh-natural-type-a-jadeite-pendant-crafted-as-dounut-with-beautiful-archaize-style-with-floating-green-and-some-wuji-with-purple-hue-qic-labs-approved-cert-weigh-71-13-grams-54-3-54-3-12-2-mm-symbols","status":"publish","type":"product","link":"https:\/\/shop.yipinqian.com\/es\/producto\/hugh-natural-type-a-jadeite-pendant-crafted-as-dounut-with-beautiful-archaize-style-with-floating-green-and-some-wuji-with-purple-hue-qic-labs-approved-cert-weigh-71-13-grams-54-3-54-3-12-2-mm-symbols\/","title":{"rendered":"Colgante de jade\u00edta natural tipo A de Hugh elaborado como Dounut con un hermoso estilo arcaico con verde flotante y algo de wuji con tono p\u00farpura, certificado aprobado por QIC Labs, pesa 71,13 gramos, 54,3 * 54,3 * 12,2 mm, s\u00edmbolos de que todo va bien (colgante 64)"},"content":{"rendered":"<p>Este colgante de jade\u00edta natural tipo A de Hugh es una incorporaci\u00f3n sorprendente a cualquier colecci\u00f3n de joyas. Elaborado en un hermoso estilo arcaico, este colgante est\u00e1 dise\u00f1ado como una dona con verde flotante y algo de wuji con un tono p\u00farpura, que simboliza que todo va bien.<\/p>\n<p>\u00a0<\/p>\n<p>Con un peso de 71,13 gramos y unas medidas de 54,3 x 54,3 x 12,2 mm, este colgante est\u00e1 hecho de jade\u00edta tipo A de alta calidad de Myanmar, una piedra preciosa exquisita apreciada por su belleza y durabilidad.<\/p>\n<p><img fetchpriority=\"high\" decoding=\"async\" height=\"1080\" src=\"https:\/\/shop.yipinqian.com\/wp-content\/uploads\/2024\/10\/09dfd2073debe69dcce96297eca3d2af.jpg?from=476444299\" width=\"1080\"><\/p>\n<p>Este colgante viene con un certificado de aprobaci\u00f3n de QIC Labs. <strong>n\u00fameros de certificado: SD24040804642<\/strong> Para garantizar la autenticidad, aseg\u00farese de que est\u00e1 adquiriendo el producto real. El dise\u00f1o unisex de este colgante lo hace perfecto para el uso diario o para ocasiones informales: el estilo del collar se puede usar de manera elegante o informal para combinar con cualquier atuendo. En resumen:<\/p>\n<ul>\n<li>Colgante de jade\u00edta natural tipo A de Hugh elaborado como Dounut<\/li>\n<li>Hermoso estilo arcaico con verde flotante y algo de wuji con tono p\u00farpura.<\/li>\n<li>Pesa 71,13 gramos; Mide 54,3 * 54,3 * 12,2 mm<\/li>\n<li>Incluye certificado aprobado por QIC Labs; procede de Myanmar<\/li>\n<li>S\u00edmbolos Todo va bien; Dise\u00f1o unisex adecuado para uso diario o ocasiones casuales.<\/li>\n<\/ul>\n<p>\u00a1Agregue algo especial a su joyero hoy comprando este impresionante colgante de jade\u00edta natural tipo A de Hugh!<\/p>\n<p>\u00a0<\/p>\n<p>Yi Pin Qian \u2013 Comerciante de piedras preciosas y metales preciosos en Singapur \u2013 N\u00famero de licencia PS20190000031<\/p>\n<p>\u00a0<\/p>\n<p>*Todos los jade\u00edtas comprados a Yi Pin Qian en Singapur, los clientes pueden reservar espacios para pulirlos o hacer reparaciones menores por mal manejo; se aplican tarifas y solo para los clientes de Yi Pin Qian en Singapur*<\/p>\n<p>\u00a0<\/p>\n<p><strong>**Tipos de certificados**<\/strong><\/p>\n<p>\u00a0<\/p>\n<p><strong>NGI (Gemolog\u00eda Nan Yang)<\/strong><\/p>\n<p>o <strong>Certificados en el extranjero <\/strong>(Yi Pin Qian solo utiliza certificados aut\u00e9nticos de laboratorios extranjeros y tambi\u00e9n controla la calidad de cada uno de nuestros productos antes de ponerlos a la venta en SG)<\/p>\n<p>\u00a0<\/p>\n<p>Todos los productos de TikTok contar\u00e1n con el tipo de certificado que se indica en la descripci\u00f3n. Para cualquier cliente que desee enviar su pedido a NGI Singapur, habr\u00e1 un tiempo de espera para la entrega del pedido estimado de aproximadamente 4 semanas para recibirlo. <strong>Las solicitudes de informes de NGI Gemstone deben realizarse enviando un mensaje a la tienda TikTok de Yi Pin Qian.<\/strong> Gracias, <strong><u>Se aplican tarifas adicionales<\/u><\/strong>.<\/p>\n<p>\u00a0<\/p>\n<p><strong>La jade\u00edta natural no es perfecta, solo un peque\u00f1o recordatorio: nuestra jade\u00edta natural, como todas las cosas hermosas de la naturaleza, tiene sus caracter\u00edsticas y variaciones \u00fanicas. Invitamos a nuestros valiosos clientes a adoptar estas variaciones naturales. \u00a1Felices compras!<\/strong><\/p>\n<p>\u00a0<\/p>\n<p><strong><u>Ninguna de las fotograf\u00edas ni los v\u00eddeos han sido filtrados. Animamos a nuestros clientes a que vean tambi\u00e9n los v\u00eddeos adjuntos para tener una visi\u00f3n m\u00e1s completa de nuestros productos.<\/u><\/strong><\/p>","protected":false},"excerpt":{"rendered":"<p>This Hugh Natural Type A Jadeite Pendant is a stunning addition to any jewelry collection. Crafted in a beautiful archaize style, this pendant is designed as a donut with floating green and some wuji with purple hue, symbolizing everything going well. \u00a0 Weighing 71.13 grams and measuring 54.3 * 54.3 * 12.2 mm, this pendant [&hellip;]<\/p>","protected":false},"featured_media":5158,"comment_status":"open","ping_status":"closed","template":"","meta":[],"product_brand":[],"product_cat":[48],"product_tag":[],"class_list":{"0":"post-1474","1":"product","2":"type-product","3":"status-publish","4":"has-post-thumbnail","6":"product_cat-pendants","8":"first","9":"instock","10":"sale","11":"shipping-taxable","12":"purchasable","13":"product-type-simple"},"_links":{"self":[{"href":"https:\/\/shop.yipinqian.com\/es\/wp-json\/wp\/v2\/product\/1474","targetHints":{"allow":["GET"]}}],"collection":[{"href":"https:\/\/shop.yipinqian.com\/es\/wp-json\/wp\/v2\/product"}],"about":[{"href":"https:\/\/shop.yipinqian.com\/es\/wp-json\/wp\/v2\/types\/product"}],"replies":[{"embeddable":true,"href":"https:\/\/shop.yipinqian.com\/es\/wp-json\/wp\/v2\/comments?post=1474"}],"version-history":[{"count":0,"href":"https:\/\/shop.yipinqian.com\/es\/wp-json\/wp\/v2\/product\/1474\/revisions"}],"wp:featuredmedia":[{"embeddable":true,"href":"https:\/\/shop.yipinqian.com\/es\/wp-json\/wp\/v2\/media\/5158"}],"wp:attachment":[{"href":"https:\/\/shop.yipinqian.com\/es\/wp-json\/wp\/v2\/media?parent=1474"}],"wp:term":[{"taxonomy":"product_brand","embeddable":true,"href":"https:\/\/shop.yipinqian.com\/es\/wp-json\/wp\/v2\/product_brand?post=1474"},{"taxonomy":"product_cat","embeddable":true,"href":"https:\/\/shop.yipinqian.com\/es\/wp-json\/wp\/v2\/product_cat?post=1474"},{"taxonomy":"product_tag","embeddable":true,"href":"https:\/\/shop.yipinqian.com\/es\/wp-json\/wp\/v2\/product_tag?post=1474"}],"curies":[{"name":"wp","href":"https:\/\/api.w.org\/{rel}","templated":true}]}}