{"id":1472,"date":"2024-10-24T23:19:27","date_gmt":"2024-10-24T15:19:27","guid":{"rendered":"https:\/\/shop.yipinqian.com\/product\/hugh-light-green-crafted-with-shape-of-donut-and-cylinder-natural-type-a-jadeite-jade-as-pendant-certificate-weighs-73-85-and-12-55-grams-measurements-52-8-52-7-14-3-19-1-16-3-mm-pendant290\/"},"modified":"2025-02-24T00:49:55","modified_gmt":"2025-02-23T16:49:55","slug":"hugh-light-green-crafted-with-shape-of-donut-and-cylinder-natural-type-a-jadeite-jade-as-pendant-certificate-weighs-73-85-and-12-55-grams-measurements-52-8-52-7-14-3-19-1-16-3-mm-pendant290","status":"publish","type":"product","link":"https:\/\/shop.yipinqian.com\/es\/producto\/hugh-light-green-crafted-with-shape-of-donut-and-cylinder-natural-type-a-jadeite-jade-as-pendant-certificate-weighs-73-85-and-12-55-grams-measurements-52-8-52-7-14-3-19-1-16-3-mm-pendant290\/","title":{"rendered":"Colgante de jade\u00edta natural tipo A en forma de dona y cilindro de color verde claro de Hugh, certificado con un peso de 73,85 y 12,55 gramos, medidas 52,8 x 52,7 x 14,3, 19,1 x 16,3 mm (colgante 290)"},"content":{"rendered":"<p>Este colgante de jade verde claro Hugh es una impresionante pieza de joyer\u00eda elaborada en forma de dona y cilindro, hecha de jade jade\u00edta tipo A natural.<\/p>\n<p><\/p>\n<p>N\u00fameros de certificado: ZS23020101102 \/ ZS23020101104<\/p>\n<p><\/p>\n<ul>\n<li>\n<strong>Peso:<\/strong> 73,85 gramos (Donut) y 12,55 gramos (Cilindro)<\/li>\n<li>\n<strong>Medidas:<\/strong> 52,8 * 52,7 * 14,3 mm (rosquilla) y 19,1 * 16,3 mm (cilindro)<\/li>\n<\/ul>\n<p>Este colgante \u00fanico, etiquetado como Pendant290, viene con un certificado de autenticidad.<\/p>\n<ul>\n<li>\n<strong>Certificado:<\/strong> S\u00ed<\/li>\n<li><strong>Pa\u00eds natal:<\/strong><\/li>\n<li><strong>Ocasi\u00f3n: G\u00e9nero: Jade Tipo: Collar de jade\u00edta Estilo: Casual <em>Nota: No se ofrece garant\u00eda con esta exquisita pieza unisex apta para uso diario. Agregue este elegante collar de jade a su colecci\u00f3n como un accesorio informal que irradia belleza y encanto naturales.<\/em><\/strong><\/li>\n<\/ul>\n<p><strong>La jade\u00edta natural no es perfecta, solo un peque\u00f1o recordatorio: nuestra jade\u00edta natural, como todas las cosas hermosas de la naturaleza, tiene sus caracter\u00edsticas y variaciones \u00fanicas. Invitamos a nuestros valiosos clientes a adoptar estas variaciones naturales. \u00a1Felices compras!<\/strong><\/p>\n<p><\/p>\n<p><strong><u>Ninguna de las fotograf\u00edas ni los v\u00eddeos han sido filtrados. Animamos a nuestros clientes a que vean tambi\u00e9n los v\u00eddeos adjuntos para tener una visi\u00f3n m\u00e1s completa de nuestros productos.<\/u><\/strong><\/p>","protected":false},"excerpt":{"rendered":"<p>Este colgante de jade verde claro Hugh es una impresionante pieza de joyer\u00eda elaborada con formas de rosquilla y cilindro, hecha de jade\u00edta natural tipo A. N\u00fameros de certificado: ZS23020101102 \/ ZS23020101104 Peso: 73,85 gramos (rosquilla) y 12,55 gramos (cilindro) Medidas: 52,8 * 52,7 * 14,3 mm (rosquilla) y 19,1 * 16,3 mm (cilindro) [\u2026]<\/p>","protected":false},"featured_media":5127,"comment_status":"open","ping_status":"closed","template":"","meta":[],"product_brand":[],"product_cat":[194],"product_tag":[],"class_list":{"0":"post-1472","1":"product","2":"type-product","3":"status-publish","4":"has-post-thumbnail","6":"product_cat-value-picks","8":"first","9":"instock","10":"sale","11":"shipping-taxable","12":"purchasable","13":"product-type-simple"},"_links":{"self":[{"href":"https:\/\/shop.yipinqian.com\/es\/wp-json\/wp\/v2\/product\/1472","targetHints":{"allow":["GET"]}}],"collection":[{"href":"https:\/\/shop.yipinqian.com\/es\/wp-json\/wp\/v2\/product"}],"about":[{"href":"https:\/\/shop.yipinqian.com\/es\/wp-json\/wp\/v2\/types\/product"}],"replies":[{"embeddable":true,"href":"https:\/\/shop.yipinqian.com\/es\/wp-json\/wp\/v2\/comments?post=1472"}],"version-history":[{"count":0,"href":"https:\/\/shop.yipinqian.com\/es\/wp-json\/wp\/v2\/product\/1472\/revisions"}],"wp:featuredmedia":[{"embeddable":true,"href":"https:\/\/shop.yipinqian.com\/es\/wp-json\/wp\/v2\/media\/5127"}],"wp:attachment":[{"href":"https:\/\/shop.yipinqian.com\/es\/wp-json\/wp\/v2\/media?parent=1472"}],"wp:term":[{"taxonomy":"product_brand","embeddable":true,"href":"https:\/\/shop.yipinqian.com\/es\/wp-json\/wp\/v2\/product_brand?post=1472"},{"taxonomy":"product_cat","embeddable":true,"href":"https:\/\/shop.yipinqian.com\/es\/wp-json\/wp\/v2\/product_cat?post=1472"},{"taxonomy":"product_tag","embeddable":true,"href":"https:\/\/shop.yipinqian.com\/es\/wp-json\/wp\/v2\/product_tag?post=1472"}],"curies":[{"name":"wp","href":"https:\/\/api.w.org\/{rel}","templated":true}]}}