{"id":1471,"date":"2024-10-24T23:19:26","date_gmt":"2024-10-24T15:19:26","guid":{"rendered":"https:\/\/shop.yipinqian.com\/product\/hugh-high-quality-light-green-yellow-brown-and-red-natural-type-a-jadeite-jade-crafted-as-guanyin-for-pendant-certificate-weighs-79-47-grams-measurement-83-3-52-6-8-5-mm-pendant282\/"},"modified":"2025-02-24T01:34:19","modified_gmt":"2025-02-23T17:34:19","slug":"hugh-high-quality-light-green-yellow-brown-and-red-natural-type-a-jadeite-jade-crafted-as-guanyin-for-pendant-certificate-weighs-79-47-grams-measurement-83-3-52-6-8-5-mm-pendant282","status":"publish","type":"product","link":"https:\/\/shop.yipinqian.com\/es\/producto\/hugh-high-quality-light-green-yellow-brown-and-red-natural-type-a-jadeite-jade-crafted-as-guanyin-for-pendant-certificate-weighs-79-47-grams-measurement-83-3-52-6-8-5-mm-pendant282\/","title":{"rendered":"Jade\u00edta natural tipo A de alta calidad de color verde claro, marr\u00f3n amarillento y rojo elaborado como Guanyin para colgante, certificado pesa 79,47 gramos, medida 83,3 * 52,6 * 8,5 mm (colgante 282)"},"content":{"rendered":"<p>Este exquisito colgante presenta jade\u00edta natural tipo A de gran calidad en tonos verde claro, marr\u00f3n amarillento y rojo, elaborado meticulosamente como Guanyin. El colgante viene acompa\u00f1ado de un certificado y pesa 79,47 gramos, con unas medidas de 83,3 x 52,6 x 8,5 mm.<\/p>\n<p>\u00a0<\/p>\n<p>N\u00fameros de certificado: GD2110H012015<\/p>\n<p><img fetchpriority=\"high\" decoding=\"async\" height=\"1080\" src=\"https:\/\/shop.yipinqian.com\/wp-content\/uploads\/2024\/10\/fc1d27686d2310a08cbd2300ab8b8956.jpg?from=476444299\" width=\"1080\"><\/p>\n<ul>\n<li>\n<strong>Material:<\/strong> Jade\u00edta natural tipo A en varios colores<\/li>\n<li>\n<strong>Dise\u00f1o:<\/strong> Dise\u00f1o elaborado por Guanyin<\/li>\n<li>\n<strong>Certificado:<\/strong> Incluido<\/li>\n<li>\n<strong>Origen:<\/strong> Birmania<\/li>\n<li><strong>Ocasi\u00f3n: Eventos auspiciosos o uso diario.<\/strong><\/li>\n<\/ul>\n<p><img decoding=\"async\" height=\"1080\" src=\"https:\/\/shop.yipinqian.com\/wp-content\/uploads\/2024\/10\/f9545bc09214ca86dbf54a61c9fd773d.jpg?from=476444299\" width=\"1080\"><img decoding=\"async\" height=\"1080\" src=\"https:\/\/shop.yipinqian.com\/wp-content\/uploads\/2024\/10\/0d67b8f605ea993aa864243f7f102edd.jpg?from=476444299\" width=\"1080\"><img loading=\"lazy\" decoding=\"async\" height=\"1080\" src=\"https:\/\/shop.yipinqian.com\/wp-content\/uploads\/2024\/10\/3c686e4be0a6b2b6f544e8884e3953a5.jpg?from=476444299\" width=\"1080\"><\/p>\n<p><strong>Esta impresionante pieza es adecuada tanto para hombres como para mujeres con su dise\u00f1o unisex, lo que la convierte en una adici\u00f3n vers\u00e1til a cualquier colecci\u00f3n de joyas.<\/strong><\/p>\n<ul>\n<li><strong>Tipo de jade: jade\u00edta<\/strong><\/li>\n<\/ul>\n<p><strong>Mejora tu estilo con este colgante de jade \u00fanico que irradia belleza y elegancia mientras trae suerte y energ\u00eda positiva a tu vida diaria.<\/strong><\/p>\n<p><strong>.<\/strong><\/p>\n<p>Yi Pin Qian \u2013 Comerciante de piedras preciosas y metales preciosos en Singapur \u2013 N\u00famero de licencia PS20190000031<\/p>\n<p>\u00a0<\/p>\n<p>*Todos los jade\u00edtas comprados a Yi Pin Qian en Singapur, los clientes pueden reservar espacios para pulirlos o hacer reparaciones menores por mal manejo; se aplican tarifas y solo para los clientes de Yi Pin Qian en Singapur*<\/p>\n<p>\u00a0<\/p>\n<p><strong>**Tipos de certificados**<\/strong><\/p>\n<p>\u00a0<\/p>\n<p><strong>NGI (Gemolog\u00eda Nan Yang)<\/strong><\/p>\n<p>o <strong>Certificados en el extranjero <\/strong>(Yi Pin Qian solo utiliza certificados aut\u00e9nticos de laboratorios extranjeros y tambi\u00e9n controla la calidad de cada uno de nuestros productos antes de ponerlos a la venta en SG)<\/p>\n<p>\u00a0<\/p>\n<p>Todos los productos de TikTok contar\u00e1n con el tipo de certificado que se indica en la descripci\u00f3n. Para cualquier cliente que desee enviar su pedido a NGI Singapur, habr\u00e1 un tiempo de espera para la entrega del pedido estimado de aproximadamente 4 semanas para recibirlo. <strong>Las solicitudes de informes de NGI Gemstone deben realizarse enviando un mensaje a la tienda TikTok de Yi Pin Qian.<\/strong> Gracias, <strong><u>Se aplican tarifas adicionales<\/u><\/strong>.<\/p>\n<p>\u00a0<\/p>\n<p><strong>La jade\u00edta natural no es perfecta, solo un peque\u00f1o recordatorio: nuestra jade\u00edta natural, como todas las cosas hermosas de la naturaleza, tiene sus caracter\u00edsticas y variaciones \u00fanicas. Invitamos a nuestros valiosos clientes a adoptar estas variaciones naturales. \u00a1Felices compras!<\/strong><\/p>\n<p>\u00a0<\/p>\n<p><strong><u>Ninguna de las fotograf\u00edas ni los v\u00eddeos han sido filtrados. Animamos a nuestros clientes a que vean tambi\u00e9n los v\u00eddeos adjuntos para tener una visi\u00f3n m\u00e1s completa de nuestros productos.<\/u><\/strong><\/p>\n<p>\u00a0<\/p>\n<ul>\n<li>Las diferentes plataformas solo pueden ver videos a trav\u00e9s de la computadora de escritorio<\/li>\n<\/ul>","protected":false},"excerpt":{"rendered":"<p>This exquisite pendant features Hugh High Quality Light Green, Yellow Brown, and Red Natural Type A Jadeite Jade meticulously crafted as Guanyin. The pendant is accompanied by a certificate and weighs 79.47 grams, with measurements of 83.3 * 52.6 * 8.5 mm. \u00a0 Certificate numbers: GD2110H012015 Material: Natural Type A Jadeite Jade in various colors [&hellip;]<\/p>","protected":false},"featured_media":5106,"comment_status":"open","ping_status":"closed","template":"","meta":[],"product_brand":[],"product_cat":[196],"product_tag":[],"class_list":{"0":"post-1471","1":"product","2":"type-product","3":"status-publish","4":"has-post-thumbnail","6":"product_cat-vault-collection","8":"first","9":"instock","10":"sale","11":"shipping-taxable","12":"purchasable","13":"product-type-simple"},"_links":{"self":[{"href":"https:\/\/shop.yipinqian.com\/es\/wp-json\/wp\/v2\/product\/1471","targetHints":{"allow":["GET"]}}],"collection":[{"href":"https:\/\/shop.yipinqian.com\/es\/wp-json\/wp\/v2\/product"}],"about":[{"href":"https:\/\/shop.yipinqian.com\/es\/wp-json\/wp\/v2\/types\/product"}],"replies":[{"embeddable":true,"href":"https:\/\/shop.yipinqian.com\/es\/wp-json\/wp\/v2\/comments?post=1471"}],"version-history":[{"count":0,"href":"https:\/\/shop.yipinqian.com\/es\/wp-json\/wp\/v2\/product\/1471\/revisions"}],"wp:featuredmedia":[{"embeddable":true,"href":"https:\/\/shop.yipinqian.com\/es\/wp-json\/wp\/v2\/media\/5106"}],"wp:attachment":[{"href":"https:\/\/shop.yipinqian.com\/es\/wp-json\/wp\/v2\/media?parent=1471"}],"wp:term":[{"taxonomy":"product_brand","embeddable":true,"href":"https:\/\/shop.yipinqian.com\/es\/wp-json\/wp\/v2\/product_brand?post=1471"},{"taxonomy":"product_cat","embeddable":true,"href":"https:\/\/shop.yipinqian.com\/es\/wp-json\/wp\/v2\/product_cat?post=1471"},{"taxonomy":"product_tag","embeddable":true,"href":"https:\/\/shop.yipinqian.com\/es\/wp-json\/wp\/v2\/product_tag?post=1471"}],"curies":[{"name":"wp","href":"https:\/\/api.w.org\/{rel}","templated":true}]}}