{"id":14698,"date":"2024-12-17T10:46:10","date_gmt":"2024-12-17T02:46:10","guid":{"rendered":"https:\/\/shop.yipinqian.com\/icy-yellow-natural-type-a-jadeite-jade-set-with-s925-as-stud-earrings-certificate-weighs-2-24-grams-s925es1\/"},"modified":"2025-02-24T00:49:44","modified_gmt":"2025-02-23T16:49:44","slug":"icy-yellow-natural-type-a-jadeite-jade-set-with-s925-as-stud-earrings-certificate-weighs-2-24-grams-s925es1","status":"publish","type":"product","link":"https:\/\/shop.yipinqian.com\/es\/producto\/icy-yellow-natural-type-a-jadeite-jade-set-with-s925-as-stud-earrings-certificate-weighs-2-24-grams-s925es1\/","title":{"rendered":"Pendientes de jade\u00edta natural tipo A de color amarillo helado con certificado S925 que pesan 2,24 gramos (s925es1)"},"content":{"rendered":"<p><iframe title=\"Colgante de calabaza transl\u00facida helada de primera calidad\" src=\"https:\/\/youtube.com\/embed\/otVJHqIP8Gw\" width=\"330\" height=\"300\"><\/iframe><\/p>\n<p>Enhance your daily style with these stunning Icy Yellow Natural Type A Jadeite Jade Stud Earrings, crafted in S925 silver.<\/p>\n<p>\u00a0<\/p>\n<p>Certificate numbers: GD2111H017512<\/p>\n<p>\u00a0<\/p>\n<p>Cabochon Sizes: 9.8 * 5.4 * 2.5 \/ 9.8 * 5.6 * 2.5 mm<\/p>\n<p><img fetchpriority=\"high\" decoding=\"async\" src=\"https:\/\/shop.yipinqian.com\/wp-content\/uploads\/2024\/12\/da41fcad5ebd47cf834f6338c0579bfatplv-aphluv4xwc-origin-jpeg-1.jpeg?dr=15568&amp;nonce=75814&amp;refresh_token=24b6bd3899a0037e6b54a8b3bcc53228&amp;from=476444299&amp;idc=my2&amp;ps=933b5bde&amp;shcp=9b759fb9&amp;shp=1c65f68b&amp;t=555f072d\" width=\"1080\" height=\"1080\" \/><img decoding=\"async\" src=\"https:\/\/shop.yipinqian.com\/wp-content\/uploads\/2024\/12\/bea0769951cb4cf2ae95dcb616ea8ee4tplv-aphluv4xwc-origin-jpeg-1.jpeg?dr=15568&amp;nonce=43759&amp;refresh_token=ebc598cfa926fdd0a4393e8e40e6d2b6&amp;from=476444299&amp;idc=my2&amp;ps=933b5bde&amp;shcp=9b759fb9&amp;shp=1c65f68b&amp;t=555f072d\" width=\"1080\" height=\"1080\" \/><\/p>\n<ul>\n<li><strong>Dise\u00f1o elegante:<\/strong> Casual stud earrings perfect for everyday wear.<\/li>\n<li><strong>Material de calidad:<\/strong> Made with genuine S925 silver and natural jadeite jade.<\/li>\n<li><strong>Proceso de dar un t\u00edtulo:<\/strong> Viene con un certificado de autenticidad.<\/li>\n<li><strong>Lightweight:<\/strong> Weighs only 2.24 grams, ensuring comfort throughout the day.<\/li>\n<\/ul>\n<p>This exquisite jewelry piece originates from Myanmar, making it a unique addition to your collection. Ideal for any female looking to add a touch of elegance to her outfit!<\/p>\n<p>\u00a0<\/p>\n<p>Yi Pin Qian \u2013 Comerciante de piedras preciosas y metales preciosos en Singapur \u2013 N\u00famero de licencia PS20190000031<\/p>\n<p>\u00a0<\/p>\n<p>*Todos los jade\u00edtas comprados a Yi Pin Qian en Singapur, los clientes pueden reservar espacios para pulirlos o hacer reparaciones menores por mal manejo; se aplican tarifas y solo para los clientes de Yi Pin Qian en Singapur*<\/p>\n<p>\u00a0<\/p>\n<p><strong>**Tipos de certificados**<\/strong><\/p>\n<p>\u00a0<\/p>\n<p><strong>NGI (Gemolog\u00eda Nan Yang)<\/strong><\/p>\n<p>o <strong>Certificados en el extranjero <\/strong>(Yi Pin Qian solo utiliza certificados aut\u00e9nticos de laboratorios extranjeros y tambi\u00e9n controla la calidad de cada uno de nuestros productos antes de ponerlos a la venta en SG)<\/p>\n<p>\u00a0<\/p>\n<p>Cada producto tendr\u00e1 el tipo de certificado proporcionado indicado en la descripci\u00f3n. Para cualquier cliente que desee enviar su pedido a NGI Singapur, <strong>Las solicitudes de informes de NGI Gemstone deben realizarse envi\u00e1ndonos un mensaje.<\/strong> Gracias, <strong><u>Se aplican tarifas adicionales<\/u><\/strong> \u2013 $90 para jade\u00edta \/ $150 para jade\u00edta con oro de 18 k: no es obligatorio ya que la mayor\u00eda de nuestros productos ya vienen con certificado extranjero o informe NGI.<\/p>\n<p>\u00a0<\/p>\n<p>(Para m\u00e1s detalles o solicitud adicional: <strong>Env\u00edenos un mensaje si desea enviar el art\u00edculo comprado al laboratorio de pruebas de NGI.<\/strong>)<\/p>\n<p>\u00a0<\/p>\n<p><strong>La jade\u00edta natural no es perfecta, solo un peque\u00f1o recordatorio: nuestra jade\u00edta natural, como todas las cosas hermosas de la naturaleza, tiene sus caracter\u00edsticas y variaciones \u00fanicas. Invitamos a nuestros valiosos clientes a adoptar estas variaciones naturales. \u00a1Felices compras!<\/strong><\/p>\n<p>\u00a0<\/p>\n<p><strong><u>Ninguna de las fotograf\u00edas ni los v\u00eddeos han sido filtrados. Animamos a nuestros clientes a que vean tambi\u00e9n los v\u00eddeos adjuntos para tener una visi\u00f3n m\u00e1s completa de nuestros productos.<\/u><\/strong><\/p>\n<p>\u00a0<\/p>\n<ul>\n<li>Las diferentes plataformas solo pueden ver videos a trav\u00e9s de la computadora de escritorio<\/li>\n<\/ul>","protected":false},"excerpt":{"rendered":"<p>Realza tu estilo diario con estos impresionantes pendientes de jade\u00edta natural tipo A de color amarillo helado, elaborados en plata S925. N\u00fameros de certificado: GD2111H017512 Tama\u00f1os de cabuj\u00f3n: 9,8 * 5,4 * 2,5 \/ 9,8 * 5,6 * 2,5 mm Dise\u00f1o elegante: pendientes casuales perfectos para el uso diario. Material de calidad: hechos con aut\u00e9ntica plata S925 [\u2026]<\/p>","protected":false},"featured_media":14844,"comment_status":"open","ping_status":"closed","template":"","meta":[],"product_brand":[],"product_cat":[194],"product_tag":[52,171,65,55,58,67,59,60,68,62],"class_list":{"0":"post-14698","1":"product","2":"type-product","3":"status-publish","4":"has-post-thumbnail","6":"product_cat-value-picks","7":"product_tag-certified","8":"product_tag-earrings","9":"product_tag-high-quality","10":"product_tag-jadeite","11":"product_tag-new-arrivals","12":"product_tag-s925","13":"product_tag-translucent","14":"product_tag-type-a-jadeite","15":"product_tag-yellow","16":"product_tag-yi-pin-qian-exclusive","18":"first","19":"instock","20":"sale","21":"shipping-taxable","22":"purchasable","23":"product-type-simple"},"_links":{"self":[{"href":"https:\/\/shop.yipinqian.com\/es\/wp-json\/wp\/v2\/product\/14698","targetHints":{"allow":["GET"]}}],"collection":[{"href":"https:\/\/shop.yipinqian.com\/es\/wp-json\/wp\/v2\/product"}],"about":[{"href":"https:\/\/shop.yipinqian.com\/es\/wp-json\/wp\/v2\/types\/product"}],"replies":[{"embeddable":true,"href":"https:\/\/shop.yipinqian.com\/es\/wp-json\/wp\/v2\/comments?post=14698"}],"version-history":[{"count":0,"href":"https:\/\/shop.yipinqian.com\/es\/wp-json\/wp\/v2\/product\/14698\/revisions"}],"wp:featuredmedia":[{"embeddable":true,"href":"https:\/\/shop.yipinqian.com\/es\/wp-json\/wp\/v2\/media\/14844"}],"wp:attachment":[{"href":"https:\/\/shop.yipinqian.com\/es\/wp-json\/wp\/v2\/media?parent=14698"}],"wp:term":[{"taxonomy":"product_brand","embeddable":true,"href":"https:\/\/shop.yipinqian.com\/es\/wp-json\/wp\/v2\/product_brand?post=14698"},{"taxonomy":"product_cat","embeddable":true,"href":"https:\/\/shop.yipinqian.com\/es\/wp-json\/wp\/v2\/product_cat?post=14698"},{"taxonomy":"product_tag","embeddable":true,"href":"https:\/\/shop.yipinqian.com\/es\/wp-json\/wp\/v2\/product_tag?post=14698"}],"curies":[{"name":"wp","href":"https:\/\/api.w.org\/{rel}","templated":true}]}}