{"id":14670,"date":"2024-12-17T10:45:04","date_gmt":"2024-12-17T02:45:04","guid":{"rendered":"https:\/\/shop.yipinqian.com\/58-6-mm-light-green-light-lavender-hue-peace-bangle-bracelet-natural-type-a-jadeite-jade-certificate-weighs-55-68-grams-width-13-8-mm-thickness-7-7-mm-bangle27\/"},"modified":"2025-02-24T00:49:45","modified_gmt":"2025-02-23T16:49:45","slug":"58-6-mm-light-green-light-lavender-hue-peace-bangle-bracelet-natural-type-a-jadeite-jade-certificate-weighs-55-68-grams-width-13-8-mm-thickness-7-7-mm-bangle27","status":"publish","type":"product","link":"https:\/\/shop.yipinqian.com\/es\/producto\/58-6-mm-light-green-light-lavender-hue-peace-bangle-bracelet-natural-type-a-jadeite-jade-certificate-weighs-55-68-grams-width-13-8-mm-thickness-7-7-mm-bangle27\/","title":{"rendered":"Pulsera de jade\u00edta natural tipo A con certificado de paz en tono lavanda claro de 58,6 mm, peso de 55,68 gramos, ancho: 13,8 mm, grosor: 7,7 mm (bangle27)"},"content":{"rendered":"<p><iframe title=\"58.6 mm Peace Bangle\" src=\"https:\/\/youtube.com\/embed\/ZptFye6ACQA\" width=\"330\" height=\"300\"><\/iframe><\/p>\n<p>Descubra la elegancia de la pulsera Peace Bangle de 58,6 mm en tono lavanda claro y verde claro, elaborada con jade jade\u00edta natural tipo A.<\/p>\n<p><\/p>\n<p>N\u00fameros de certificado: GD2111H006385<\/p>\n<p><img fetchpriority=\"high\" decoding=\"async\" src=\"https:\/\/shop.yipinqian.com\/wp-content\/uploads\/2024\/12\/7aef3a91f1a84675ac8aac9af86ad28atplv-aphluv4xwc-origin-jpeg.jpeg?dr=15568&#038;nonce=99390&#038;refresh_token=b079f63eb94bc515c6932e688bb57486&#038;from=476444299&#038;idc=my2&#038;ps=933b5bde&#038;shcp=9b759fb9&#038;shp=1c65f68b&#038;t=555f072d\" width=\"1080\" height=\"1080\"><\/p>\n<ul>\n<li>\n<strong>Peso y dimensiones:<\/strong> Pesa 55,68 gramos, con un ancho de 13,8 mm y un grosor de 7,7 mm.<\/li>\n<li>\n<strong>Origen:<\/strong> Procedente de Myanmar.<\/li>\n<li>\n<strong>Calidad CERTIFICADA:<\/strong> Viene con un certificado que confirma su autenticidad.<\/li>\n<li>\n<strong>Estilo diverso:<\/strong> Un dise\u00f1o unisex perfecto para el uso diario.\u00a0<\/li>\n<\/ul>\n<p><img decoding=\"async\" src=\"https:\/\/shop.yipinqian.com\/wp-content\/uploads\/2024\/12\/b65a1a0bca1f4787aca53c1a2ec63011tplv-aphluv4xwc-origin-jpeg.jpeg?dr=15568&#038;nonce=93556&#038;refresh_token=91dad160eaeee293b270c1a8f1e73bee&#038;from=476444299&#038;idc=my2&#038;ps=933b5bde&#038;shcp=9b759fb9&#038;shp=1c65f68b&#038;t=555f072d\" width=\"1080\" height=\"1080\"><img decoding=\"async\" src=\"https:\/\/shop.yipinqian.com\/wp-content\/uploads\/2024\/12\/463ae8bd0cb04db582b000a1357323d9tplv-aphluv4xwc-origin-jpeg.jpeg?dr=15568&#038;nonce=90276&#038;refresh_token=98e71be6e405a5c08e6b7c329e71dd10&#038;from=476444299&#038;idc=my2&#038;ps=933b5bde&#038;shcp=9b759fb9&#038;shp=1c65f68b&#038;t=555f072d\" width=\"1536\" height=\"2048\"><\/p>\n<p>\u00a1A\u00f1ade un toque de serenidad y sofisticaci\u00f3n a tu colecci\u00f3n de accesorios con esta impresionante pulsera tipo brazalete!<\/p>\n<p><\/p>\n<p>Yi Pin Qian \u2013 Comerciante de piedras preciosas y metales preciosos en Singapur \u2013 N\u00famero de licencia PS20190000031<\/p>\n<p><\/p>\n<p>*Todos los jade\u00edtas comprados a Yi Pin Qian en Singapur, los clientes pueden reservar espacios para pulirlos o hacer reparaciones menores por mal manejo; se aplican tarifas y solo para los clientes de Yi Pin Qian en Singapur*<\/p>\n<p><\/p>\n<p><strong>**Tipos de certificados**<\/strong><\/p>\n<p><\/p>\n<p><strong>NGI (Gemolog\u00eda Nan Yang)<\/strong><\/p>\n<p>o <strong>Certificados en el extranjero <\/strong>(Yi Pin Qian solo utiliza certificados aut\u00e9nticos de laboratorios extranjeros y tambi\u00e9n controla la calidad de cada uno de nuestros productos antes de ponerlos a la venta en SG)<\/p>\n<p><\/p>\n<p>Cada producto tendr\u00e1 el tipo de certificado proporcionado indicado en la descripci\u00f3n. Para cualquier cliente que desee enviar su pedido a NGI Singapur, <strong>Las solicitudes de informes de NGI Gemstone deben realizarse envi\u00e1ndonos un mensaje.<\/strong> Gracias, <strong><u>Se aplican tarifas adicionales<\/u><\/strong> \u2013 $90 para jade\u00edta \/ $150 para jade\u00edta con oro de 18 k: no es obligatorio ya que la mayor\u00eda de nuestros productos ya vienen con certificado extranjero o informe NGI.<\/p>\n<p><\/p>\n<p>(Para m\u00e1s detalles o solicitud adicional: <strong>Env\u00edenos un mensaje si desea enviar el art\u00edculo comprado al laboratorio de pruebas de NGI.<\/strong>)<\/p>\n<p><\/p>\n<p><strong>La jade\u00edta natural no es perfecta, solo un peque\u00f1o recordatorio: nuestra jade\u00edta natural, como todas las cosas hermosas de la naturaleza, tiene sus caracter\u00edsticas y variaciones \u00fanicas. Invitamos a nuestros valiosos clientes a adoptar estas variaciones naturales. \u00a1Felices compras!<\/strong><\/p>\n<p><\/p>\n<p><strong><u>Ninguna de las fotograf\u00edas ni los v\u00eddeos han sido filtrados. Animamos a nuestros clientes a que vean tambi\u00e9n los v\u00eddeos adjuntos para tener una visi\u00f3n m\u00e1s completa de nuestros productos.<\/u><\/strong><\/p>\n<p><\/p>\n<ul>\n<li>Las diferentes plataformas solo pueden ver videos a trav\u00e9s de la computadora de escritorio<\/li>\n<\/ul>","protected":false},"excerpt":{"rendered":"<p>Descubra la elegancia de la pulsera Peace Bangle de 58,6 mm en tono verde claro y lavanda, elaborada con jade\u00edta natural tipo A. N\u00fameros de certificado: GD2111H006385 Peso y dimensiones: Pesa 55,68 gramos, tiene un ancho de 13,8 mm y un grosor de 7,7 mm. Origen: Procedente de Myanmar. Calidad CERTIFICADA: Viene con un certificado que confirma su autenticidad. [\u2026]<\/p>","protected":false},"featured_media":14710,"comment_status":"open","ping_status":"closed","template":"","meta":[],"product_brand":[],"product_cat":[194],"product_tag":[86,102,52,55,82,108,113,60,61],"class_list":{"0":"post-14670","1":"product","2":"type-product","3":"status-publish","4":"has-post-thumbnail","6":"product_cat-value-picks","7":"product_tag-bangle","8":"product_tag-bracelet","9":"product_tag-certified","10":"product_tag-jadeite","11":"product_tag-light-green","12":"product_tag-light-lavender","13":"product_tag-peace-bangle","14":"product_tag-type-a-jadeite","15":"product_tag-unisex","17":"first","18":"instock","19":"sale","20":"shipping-taxable","21":"purchasable","22":"product-type-simple"},"_links":{"self":[{"href":"https:\/\/shop.yipinqian.com\/es\/wp-json\/wp\/v2\/product\/14670","targetHints":{"allow":["GET"]}}],"collection":[{"href":"https:\/\/shop.yipinqian.com\/es\/wp-json\/wp\/v2\/product"}],"about":[{"href":"https:\/\/shop.yipinqian.com\/es\/wp-json\/wp\/v2\/types\/product"}],"replies":[{"embeddable":true,"href":"https:\/\/shop.yipinqian.com\/es\/wp-json\/wp\/v2\/comments?post=14670"}],"version-history":[{"count":0,"href":"https:\/\/shop.yipinqian.com\/es\/wp-json\/wp\/v2\/product\/14670\/revisions"}],"wp:featuredmedia":[{"embeddable":true,"href":"https:\/\/shop.yipinqian.com\/es\/wp-json\/wp\/v2\/media\/14710"}],"wp:attachment":[{"href":"https:\/\/shop.yipinqian.com\/es\/wp-json\/wp\/v2\/media?parent=14670"}],"wp:term":[{"taxonomy":"product_brand","embeddable":true,"href":"https:\/\/shop.yipinqian.com\/es\/wp-json\/wp\/v2\/product_brand?post=14670"},{"taxonomy":"product_cat","embeddable":true,"href":"https:\/\/shop.yipinqian.com\/es\/wp-json\/wp\/v2\/product_cat?post=14670"},{"taxonomy":"product_tag","embeddable":true,"href":"https:\/\/shop.yipinqian.com\/es\/wp-json\/wp\/v2\/product_tag?post=14670"}],"curies":[{"name":"wp","href":"https:\/\/api.w.org\/{rel}","templated":true}]}}